{"id":22139,"date":"2025-04-28T15:07:01","date_gmt":"2025-04-28T15:07:01","guid":{"rendered":"https:\/\/primeprintingweb.com\/?page_id=22139"},"modified":"2025-04-29T07:59:14","modified_gmt":"2025-04-29T07:59:14","slug":"preisliste","status":"publish","type":"page","link":"https:\/\/primeprintingweb.com\/vi\/preisliste\/","title":{"rendered":"B\u1ea3ng gi\u00e1"},"content":{"rendered":"<div data-elementor-type=\"wp-page\" data-elementor-id=\"22139\" class=\"elementor elementor-22139\">\n\t\t\t\t<div class=\"wd-negative-gap elementor-element elementor-element-55a283a e-flex e-con-boxed e-con e-parent\" data-id=\"55a283a\" data-element_type=\"container\" data-e-type=\"container\">\n\t\t\t\t\t<div class=\"e-con-inner\">\n\t\t\t\t<div class=\"elementor-element elementor-element-6627656 color-scheme-inherit text-left elementor-widget elementor-widget-text-editor\" data-id=\"6627656\" data-element_type=\"widget\" data-e-type=\"widget\" data-widget_type=\"text-editor.default\">\n\t\t\t\t<div class=\"elementor-widget-container\">\n\t\t\t\t\t\t\t\t\t<h2 style=\"text-align: center;\"><span style=\"color: #ff0000;\">500$ cho 5000$<\/span><br \/><span style=\"color: #ff0000;\">1000$ cho 10000$<\/span><br \/><span style=\"color: #ff0000;\">5000$ cho 50000$<\/span><br \/><span style=\"color: #ff0000;\">10000$ cho 100000$<\/span><br \/><span style=\"color: #ff0000;\">50000$ cho 500000$<\/span><\/h2><p style=\"text-align: center;\"><strong><span style=\"color: #000000;\">Khi ch\u1ea1m v\u00e0o, b\u1ea1n s\u1ebd c\u1ea3m th\u1ea5y t\u1edd ti\u1ec1n th\u1eadt v\u00e0 n\u00f3 c\u00f3 \u0111\u1ea7y \u0111\u1ee7 c\u00e1c t\u00ednh n\u0103ng b\u1ea3o m\u1eadt nh\u01b0 \u0111\u01b0\u1eddng vi\u1ec1n \u1ea3nh ba chi\u1ec1u v\u00e0 nhi\u1ec1u s\u1ed1 s\u00ea-ri kh\u00e1c nhau.<\/span><\/strong><\/p><p><strong><span style=\"color: #000000;\">Ch\u00fang kh\u00f4ng th\u1ec3 truy t\u00ecm v\u00e0 kh\u00f4ng th\u1ec3 theo d\u00f5i \u0111\u01b0\u1ee3c.<\/span><\/strong><\/p><p><strong><span style=\"color: #000000;\">H\u1ecd v\u01b0\u1ee3t qua b\u00e0i ki\u1ec3m tra b\u1eb1ng b\u00fat, \u00e1nh s\u00e1ng v\u00e0 tia laser.<\/span><\/strong><\/p><p><strong><span style=\"color: #000000;\">Ch\u00fang t\u00f4i th\u01b0\u1eddng giao h\u00e0ng m\u1ed9t c\u00e1ch k\u00edn \u0111\u00e1o v\u00e0 g\u1eb7p tr\u1ef1c ti\u1ebfp \u0111\u1ec3 b\u00e1o gi\u00e1 n\u1ebfu b\u1ea1n mu\u1ed1n mua s\u1ed1 l\u01b0\u1ee3ng l\u1edbn.<\/span><\/strong><\/p>\t\t\t\t\t\t\t\t<\/div>\n\t\t\t\t<\/div>\n\t\t\t\t\t<\/div>\n\t\t\t\t<\/div>\n\t\t\t\t<\/div>","protected":false},"excerpt":{"rendered":"<p>500$ cho 5000$1000$ cho 10000$5000$ cho 50000$10000$ cho 100000$50000$ cho 500000$ Ti\u1ec1n c\u1ea3m th\u1ea5y th\u1eadt trong v\u00f2ng tay,<\/p>","protected":false},"author":1,"featured_media":0,"parent":0,"menu_order":0,"comment_status":"closed","ping_status":"closed","template":"","meta":{"footnotes":""},"class_list":["post-22139","page","type-page","status-publish","hentry"],"_links":{"self":[{"href":"https:\/\/primeprintingweb.com\/vi\/wp-json\/wp\/v2\/pages\/22139","targetHints":{"allow":["GET"]}}],"collection":[{"href":"https:\/\/primeprintingweb.com\/vi\/wp-json\/wp\/v2\/pages"}],"about":[{"href":"https:\/\/primeprintingweb.com\/vi\/wp-json\/wp\/v2\/types\/page"}],"author":[{"embeddable":true,"href":"https:\/\/primeprintingweb.com\/vi\/wp-json\/wp\/v2\/users\/1"}],"replies":[{"embeddable":true,"href":"https:\/\/primeprintingweb.com\/vi\/wp-json\/wp\/v2\/comments?post=22139"}],"version-history":[{"count":7,"href":"https:\/\/primeprintingweb.com\/vi\/wp-json\/wp\/v2\/pages\/22139\/revisions"}],"predecessor-version":[{"id":22272,"href":"https:\/\/primeprintingweb.com\/vi\/wp-json\/wp\/v2\/pages\/22139\/revisions\/22272"}],"wp:attachment":[{"href":"https:\/\/primeprintingweb.com\/vi\/wp-json\/wp\/v2\/media?parent=22139"}],"curies":[{"name":"wp","href":"https:\/\/api.w.org\/{rel}","templated":true}]}}