{"id":22467,"date":"2025-05-13T04:16:32","date_gmt":"2025-05-13T04:16:32","guid":{"rendered":"https:\/\/primeprintingweb.com\/?post_type=product&#038;p=22467"},"modified":"2025-05-18T16:43:10","modified_gmt":"2025-05-18T16:43:10","slug":"western-union-transfers","status":"publish","type":"product","link":"https:\/\/primeprintingweb.com\/vi\/geschaeft\/accessories\/western-union-transfers\/","title":{"rendered":"Chuy\u1ec3n kho\u1ea3n Western Union"},"content":{"rendered":"<div class=\"co8aDb\" role=\"heading\">\n<p>Mua chuy\u1ec3n ti\u1ec1n Western Union b\u1ecb hack tr\u1ef1c tuy\u1ebfn t\u1ea1i Press Document, nh\u00e0 cung c\u1ea5p ki\u1ebfm ti\u1ec1n t\u1ed1t nh\u1ea5t. Mua s\u1eafm tr\u1ef1c tuy\u1ebfn v\u1edbi 100% ho\u00e0n ti\u1ec1n khi c\u00f3 l\u1ed7i v\u00e0 giao h\u00e0ng nhanh nh\u1ea5t.<\/p>\n<p>\u0110\u1eb7t l\u1ec7nh chuy\u1ec3n ti\u1ec1n WU b\u1ecb hack, nh\u1eadn l\u1ec7nh chuy\u1ec3n ti\u1ec1n Western Union v\u00e0 Money Gram b\u1ecb hack tr\u1ef1c tuy\u1ebfn v\u00e0 mua l\u1ec7nh chuy\u1ec3n ti\u1ec1n Western Union b\u1ecb hack.<\/p>\n<p>H\u00e3y \u0111\u1eb7t h\u00e0ng chuy\u1ec3n ti\u1ec1n Western Union v\u00e0 Money Gram ngay t\u1eeb Press Document \u2013 nh\u00e0 cung c\u1ea5p d\u1ecbch v\u1ee5 ki\u1ebfm ti\u1ec1n t\u1ed1t nh\u1ea5t \u2013 v\u1edbi th\u1eddi gian ho\u00e0n tr\u1ea3 nhanh nh\u1ea5t.<\/p>\n<p>\u0110\u1eb7t h\u00e0ng chuy\u1ec3n ti\u1ec1n Western Union v\u00e0 Money Gram tr\u00ean trang web c\u1ee7a ch\u00fang t\u00f4i T\u00e0i li\u1ec7u b\u00e1o ch\u00ed. Chuy\u1ec3n ti\u1ec1n Western Union Hack. Ch\u00fang t\u00f4i cung c\u1ea5p d\u1ecbch v\u1ee5 chuy\u1ec3n ti\u1ec1n WU hack ch\u1ea5t l\u01b0\u1ee3ng cao v\u1edbi m\u1ee9c gi\u00e1 ph\u1ea3i ch\u0103ng.<\/p>\n<p>Mua chuy\u1ec3n ti\u1ec1n Western Union v\u00e0 Money Gram tr\u1ef1c tuy\u1ebfn t\u1ea1i Press Document, nh\u00e0 cung c\u1ea5p t\u00e0i li\u1ec7u v\u00e0 ki\u1ebfm ti\u1ec1n t\u1ed1t nh\u1ea5t.<\/p>\n<p>Do l\u1ed7 h\u1ed5ng b\u1ea3o m\u1eadt trong h\u1ec7 th\u1ed1ng n\u00ean t\u00ecnh tr\u1ea1ng hack \u0111ang tr\u1edf n\u00ean ph\u1ed5 bi\u1ebfn hi\u1ec7n nay.<\/p>\n<p>C\u00e1c d\u1ecbch v\u1ee5 chuy\u1ec3n ti\u1ec1n nh\u01b0 Western Union v\u00e0 Money Gram \u0111ang b\u1ecb t\u1ea5n c\u00f4ng b\u1edfi c\u00e1c l\u1eadp tr\u00ecnh vi\u00ean v\u00e0 tin t\u1eb7c c\u00f3 th\u1ec3 truy c\u1eadp v\u00e0o c\u01a1 s\u1edf d\u1eef li\u1ec7u c\u1ee7a h\u1ecd v\u00e0 d\u1ec5 d\u00e0ng th\u1ef1c hi\u1ec7n giao d\u1ecbch. N\u1ebfu b\u1ea1n mu\u1ed1n nh\u1eadn ti\u1ec1n s\u1ea1ch ho\u1eb7c g\u1eedi m\u1ed9t s\u1ed1 ti\u1ec1n l\u1edbn \u0111\u1ebfn c\u00e1c qu\u1ed1c gia \u0111\u01b0\u1ee3c c\u1ea5p ph\u00e9p WU, b\u1ea1n \u0111\u00e3 \u0111\u1ebfn \u0111\u00fang n\u01a1i.<\/p>\n<p>V\u1edbi d\u1ecbch v\u1ee5 chuy\u1ec3n ti\u1ec1n Western Union v\u00e0 Money Gram, ch\u00fang t\u00f4i chuy\u1ec3n ti\u1ebfp m\u1ed9t lo\u1ea1t giao d\u1ecbch \u0111\u1ebfn c\u00e1c v\u0103n ph\u00f2ng \u0111\u1ed5i ti\u1ec1n, sau \u0111\u00f3 chi tr\u1ea3 ti\u1ec1n cho ng\u01b0\u1eddi nh\u1eadn.<\/p>\n<p>D\u1ecbch v\u1ee5 n\u00e0y c\u1ef1c k\u1ef3 an to\u00e0n v\u00e0 nhanh ch\u00f3ng \u2013 m\u1ed9t d\u1ecbch v\u1ee5 m\u00e0 b\u1ea1n s\u1ebd kh\u00f4ng t\u00ecm th\u1ea5y \u1edf b\u1ea5t k\u1ef3 n\u01a1i n\u00e0o kh\u00e1c.<\/p>\n<p>T\u1ea1i sao b\u1ea1n n\u00ean s\u1eed d\u1ee5ng d\u1ecbch v\u1ee5 hack Western Union v\u00e0 Money Gram c\u1ee7a ch\u00fang t\u00f4i<\/p>\n<p>Vi\u1ec7c hack c\u01a1 s\u1edf d\u1eef li\u1ec7u c\u1ee7a m\u1ed9t trang web kh\u00f4ng ph\u1ea3i l\u00e0 m\u1ed9t nhi\u1ec7m v\u1ee5 d\u1ec5 d\u00e0ng.<\/p>\n<p>Nh\u1eadn chuy\u1ec3n kho\u1ea3n hack Western Union v\u00e0 Money Gram<\/p>\n<p>Ch\u00fang t\u00f4i c\u00f3 nhi\u1ec1u n\u0103m kinh nghi\u1ec7m trong l\u0129nh v\u1ef1c hack Western Union v\u00e0 Money Gram, v\u00e0 c\u00f3<\/p>\n<p>C\u00f3 nhi\u1ec1u l\u00fd do t\u1ea1i sao b\u1ea1n n\u00ean tin t\u01b0\u1edfng ch\u00fang t\u00f4i. V\u00ed d\u1ee5:<\/p>\n<p>300 $ cho MTCN 3000 $ (MTCN so v\u1edbi d\u1eef li\u1ec7u ng\u01b0\u1eddi g\u1eedi)<\/p>\n<p>500 $ cho MTCN 6000 $ (MTCN so v\u1edbi d\u1eef li\u1ec7u ng\u01b0\u1eddi g\u1eedi)<\/p>\n<p>700 $ cho MTCN 9000 $ (MTCN so v\u1edbi d\u1eef li\u1ec7u ng\u01b0\u1eddi g\u1eedi)<\/p>\n<p>900 $ cho MTCN 15000 $ (MTCN so v\u1edbi d\u1eef li\u1ec7u ng\u01b0\u1eddi g\u1eedi)<\/p>\n<p>Chuy\u1ec3n ti\u1ec1n Western Union v\u00e0 Money Gram<\/p>\n<p>B\u00e0i b\u00e1o<\/p>\n<p>Cung c\u1ea5p cho t\u00f4i th\u00f4ng tin nh\u1eadn ti\u1ec1n Western Union v\u00e0 Money Gram v\u00e0 ph\u00ed thanh to\u00e1n. Sau \u0111\u00f3, t\u00f4i s\u1ebd ho\u00e0n t\u1ea5t vi\u1ec7c chuy\u1ec3n ti\u1ec1n cho b\u1ea1n trong kho\u1ea3ng 20 ph\u00fat.<\/p>\n<p>\u0110\u1eb7t h\u00e0ng Money Gram Hack Chuy\u1ec3n ti\u1ec1n<\/p>\n<p>B\u1ea1n s\u1ebd nh\u1eadn \u0111\u01b0\u1ee3c MTCN v\u00e0 t\u00ean ng\u01b0\u1eddi g\u1eedi.<\/p>\n<p>B\u00e1n chuy\u1ec3n kho\u1ea3n WU, b\u00e1n Money Gram MTCN, hack chuy\u1ec3n kho\u1ea3n WU, hack chuy\u1ec3n ti\u1ec1n qua Western Union, l\u1ed7i Money Gram<\/p>\n<p>* B\u00e1n \u0111\u1ecba ch\u1ec9 email v\u00e0 m\u1eadt kh\u1ea9u \u2013 kh\u00e1ch h\u00e0ng ti\u1ec1m n\u0103ng qua email:<\/p>\n<p>1000 \u0111\u1ecba ch\u1ec9 email v\u00e0 m\u1eadt kh\u1ea9u t\u1eeb (Hoa K\u1ef3, V\u01b0\u01a1ng qu\u1ed1c Anh, Canada, EU, \u00dac, v.v.) v\u00e0 nhi\u1ec1u qu\u1ed1c gia kh\u00e1c = 50 $<\/p>\n<p>5000 kh\u00e1ch h\u00e0ng ti\u1ec1m n\u0103ng qua email (M\u1ef9, Anh, \u00dac), Tr\u00ean to\u00e0n th\u1ebf gi\u1edbi (h\u1ed7n h\u1ee3p), Ng\u01b0\u1eddi t\u00ecm vi\u1ec7c, AOL = 50 $<\/p>\n<p>Hack s\u1ed1 MTCN c\u1ee7a Money Gram, theo d\u00f5i s\u1ed1 MTCN c\u1ee7a Western Union, hack WU, l\u1ed7i WU, theo d\u00f5i ti\u1ec1n Money Gram<\/p>\n<p>Ch\u00fang t\u00f4i l\u00e0 m\u1ed9t nh\u00f3m chuy\u00ean gia c\u00f3 tr\u00ecnh \u0111\u1ed9 chuy\u00ean m\u00f4n s\u00e2u r\u1ed9ng v\u00e0 ch\u1ecbu tr\u00e1ch nhi\u1ec7m v\u1ec1 h\u00e0nh \u0111\u1ed9ng c\u1ee7a m\u00ecnh. Ti\u1ec1n c\u1ee7a b\u1ea1n s\u1ebd an to\u00e0n v\u1edbi ch\u00fang t\u00f4i!<br \/>\nH\u1ec7 th\u1ed1ng c\u1ee7a ch\u00fang t\u00f4i \u0111\u01b0\u1ee3c trang b\u1ecb c\u00f4ng ngh\u1ec7 m\u1edbi nh\u1ea5t.<br \/>\nCh\u00fang t\u00f4i c\u00f3 c\u00e1c kho\u1ea3n ti\u1ec1n th\u01b0\u1edfng v\u00e0 gi\u1ea3m gi\u00e1 \u0111\u1eb7c bi\u1ec7t cho kh\u00e1ch h\u00e0ng th\u01b0\u1eddng xuy\u00ean.<br \/>\nS\u1ef1 h\u00e0i l\u00f2ng c\u1ee7a kh\u00e1ch h\u00e0ng l\u00e0 \u01b0u ti\u00ean h\u00e0ng \u0111\u1ea7u c\u1ee7a ch\u00fang t\u00f4i.<br \/>\nCh\u00fang t\u00f4i t\u00f4n tr\u1ecdng quy\u1ec1n ri\u00eang t\u01b0 c\u1ee7a b\u1ea1n v\u00e0 \u0111\u1ea3m b\u1ea3o kh\u00f4ng c\u00f3 d\u1eef li\u1ec7u b\u00ed m\u1eadt n\u00e0o b\u1ecb x\u00e2m ph\u1ea1m trong qu\u00e1 tr\u00ecnh giao d\u1ecbch.<br \/>\nWestern Union<br \/>\nChuy\u1ec3n kho\u1ea3n Western Union \u0110\u0103ng nh\u1eadp Chuy\u1ec3n kho\u1ea3n Moneygram PayPal b\u1ecb hack<br \/>\nChuy\u1ec3n kho\u1ea3n Western Union b\u1ecb hack h\u1ee3p ph\u00e1p \u0110\u0103ng nh\u1eadp Chuy\u1ec3n ti\u1ec1n Moneygram<br \/>\nPaypal chuy\u1ec3n ti\u1ec1n v\u00e0o t\u00e0i kho\u1ea3n th\u1ebb t\u00edn d\u1ee5ng<br \/>\nPayPal b\u1ecb hack chuy\u1ec3n ti\u1ec1n v\u00e0o t\u00e0i kho\u1ea3n t\u00edn d\u1ee5ng<\/p>\n<p>Ch\u00fang t\u00f4i \u0111\u00e3 x\u1eed l\u00fd h\u00e0ng ngh\u00ecn giao d\u1ecbch hack WU v\u1edbi t\u1ef7 l\u1ec7 th\u00e0nh c\u00f4ng 100%.<\/p>\n<p>Mua Western Union Hacked Chuy\u1ec3n ti\u1ec1n<\/p>\n<p>Trong tr\u01b0\u1eddng h\u1ee3p x\u1ea5u nh\u1ea5t, n\u1ebfu c\u00f3 s\u1ef1 gi\u00e1n \u0111o\u1ea1n, ch\u00fang t\u00f4i \u0111\u1ea3m b\u1ea3o r\u1eb1ng s\u1ed1 ti\u1ec1n kh\u00f3 ki\u1ebfm c\u1ee7a b\u1ea1n s\u1ebd \u0111\u01b0\u1ee3c b\u1ea3o v\u1ec7.<\/p>\n<p>Nh\u1eadn Chuy\u1ec3n kho\u1ea3n Western Union b\u1ecb hack tr\u1ef1c tuy\u1ebfn<\/p>\n<p>Nh\u1edd ph\u1ea1m vi ho\u1ea1t \u0111\u1ed9ng to\u00e0n c\u1ea7u v\u00e0 m\u1ea1ng l\u01b0\u1edbi an to\u00e0n, ch\u00fang t\u00f4i x\u1eed l\u00fd c\u00e1c giao d\u1ecbch MTCN su\u1ed1t ng\u00e0y \u0111\u00eam.<\/p>\n<p>L\u00e0m th\u1ebf n\u00e0o b\u1ea1n c\u00f3 th\u1ec3 chuy\u1ec3n ti\u1ec1n tr\u1ef1c tuy\u1ebfn v\u1edbi Western Union Hack?<\/p>\n<p>T\u1ea1i Counterfeit Note Store, ch\u00fang t\u00f4i qu\u1ea3n l\u00fd nhi\u1ec1u t\u00e0i kho\u1ea3n tr\u00ean to\u00e0n th\u1ebf gi\u1edbi.<\/p>\n<p>Ch\u00fang t\u00f4i c\u1ea7n nh\u1eefng th\u00f4ng tin quan tr\u1ecdng sau:<\/p>\n<p>S\u1ed1 ti\u1ec1n chuy\u1ec3n<br \/>\nH\u1ecd v\u00e0 t\u00ean ng\u01b0\u1eddi nh\u1eadn<br \/>\nQu\u1ed1c gia v\u00e0 n\u01a1i c\u01b0 tr\u00fa c\u1ee7a ng\u01b0\u1eddi nh\u1eadn<\/p>\n<p>T\u1ea1i sao ch\u00fang t\u00f4i b\u00e1n MTCN?<br \/>\nCh\u00fang t\u00f4i \u0111\u00e3 th\u1ef1c hi\u1ec7n giao d\u1ecbch theo t\u1ef7 l\u1ec7 ph\u1ea7n tr\u0103m v\u1edbi c\u00e1c \u0111\u1ed1i t\u00e1c c\u1ee7a m\u00ecnh, nh\u01b0ng do r\u1ee7i ro, ch\u00fang t\u00f4i kh\u00f4ng th\u1ec3 lu\u00f4n s\u1eed d\u1ee5ng c\u00f9ng m\u1ed9t t\u00ean. Do \u0111\u00f3, ch\u00fang t\u00f4i b\u00e1n ph\u1ea7n c\u00f2n l\u1ea1i.<\/p>\n<p>Giao d\u1ecbch \u0111\u01b0\u1ee3c th\u1ef1c hi\u1ec7n th\u00f4ng qua th\u1ebb th\u00f4ng tin \u0111\u1ea7y \u0111\u1ee7 h\u1ea1n m\u1ee9c cao ho\u1eb7c th\u00f4ng tin \u0111\u0103ng nh\u1eadp ng\u00e2n h\u00e0ng (t\u00f9y thu\u1ed9c v\u00e0o s\u1ed1 ti\u1ec1n). Ch\u00fang t\u00f4i th\u1ef1c hi\u1ec7n m\u1ed9t lo\u1ea1t c\u00e1c giao d\u1ecbch chuy\u1ec3n ti\u1ec1n \u0111\u1ebfn c\u00e1c v\u0103n ph\u00f2ng \u0111\u1ed5i ti\u1ec1n c\u1ee7a ch\u00fang t\u00f4i, sau \u0111\u00f3 chuy\u1ec3n ti\u1ec1n cho b\u1ea1n (ng\u01b0\u1eddi nh\u1eadn).<\/p>\n<p>\u0110i\u1ec1u n\u00e0y gi\u00fap t\u0103ng c\u01b0\u1eddng t\u00ednh b\u1ea3o m\u1eadt cho c\u1ea3 ch\u00fang t\u00f4i v\u00e0 ng\u01b0\u1eddi nh\u1eadn.<\/p>\n<p>An to\u00e0n l\u00e0 \u01b0u ti\u00ean h\u00e0ng \u0111\u1ea7u c\u1ee7a ch\u00fang t\u00f4i, v\u00ec v\u1eady b\u1ea1n c\u00f3 th\u1ec3 y\u00ean t\u00e2m.<br \/>\n?<br \/>\nPH\u1ea6N M\u1ec0M MTCN\/CHUY\u1ec2N GIAO THI\u1ebeT B\u1eca \u0110\u1ea6U CU\u1ed0I<br \/>\nKH\u00d4NG C\u00d3 v\u1ee5 hack Western Union n\u00e0o nh\u01b0 v\u1eady.<\/p>\n<p>M\u1ed9t s\u1ed1 kh\u00e1ch h\u00e0ng m\u1edbi h\u1ecfi ch\u00fang t\u00f4i c\u00f3 s\u1eed d\u1ee5ng ph\u1ea7n m\u1ec1m n\u00e0y kh\u00f4ng.<\/p>\n<p>Hi\u1ec7n t\u1ea1i kh\u00f4ng c\u00f3 ph\u1ea7n m\u1ec1m MTCN n\u00e0o tr\u00ean th\u1ebf gi\u1edbi c\u00f3 th\u1ec3 hack \u0111\u01b0\u1ee3c v\u00e0o Western Union.<\/p>\n<p>Tr\u00ean th\u1ef1c t\u1ebf, ch\u00fang \u0111\u01b0\u1ee3c cung c\u1ea5p mi\u1ec5n ph\u00ed tr\u00ean Internet, nh\u01b0ng c\u00f3 kh\u1ea3 n\u0103ng b\u1ea1n s\u1ebd b\u1ecb nhi\u1ec5m vi-r\u00fat.<\/p>\n<p>T\u01b0\u01a1ng t\u1ef1 nh\u01b0 v\u1eady \u0111\u1ed1i v\u1edbi nh\u1eefng ng\u01b0\u1eddi tuy\u00ean b\u1ed1 s\u1eed d\u1ee5ng thi\u1ebft b\u1ecb \u0111\u1ea7u cu\u1ed1i WU. H\u00e3y ngh\u0129 xem, Western Union c\u00f3 ph\u00e1t hi\u1ec7n ra kh\u00f4ng?<\/p>\n<p>LOL: Nh\u1eefng k\u1ebb l\u1eeba \u0111\u1ea3o c\u0169ng d\u00f9ng l\u1eddi n\u00f3i d\u1ed1i n\u00e0y \u0111\u1ec3 d\u1ee5 ng\u01b0\u1eddi m\u1edbi v\u00ec h\u1ecd kh\u00f4ng bi\u1ebft \u0111i\u1ec1u n\u00e0y.<\/p>\n<p>Mua Western Union Hack<\/p>\n<p>C\u00e1c v\u1ee5 hack Western Union \u0111\u01b0\u1ee3c th\u1ef1c hi\u1ec7n \u0111\u1ed9c quy\u1ec1n th\u00f4ng qua m\u1ed9t lo\u1ea1t c\u00e1c giao d\u1ecbch chuy\u1ec3n ti\u1ec1n \u0111\u1ebfn \u0111\u01a1n v\u1ecb \u0111\u1ed5i ti\u1ec1n c\u1ee7a ch\u00fang t\u00f4i b\u1eb1ng Fullz (th\u1ebb th\u00f4ng tin \u0111\u1ea7y \u0111\u1ee7), sau \u0111\u00f3 \u0111\u01a1n v\u1ecb n\u00e0y s\u1ebd chuy\u1ec3n ti\u1ec1n cho ng\u01b0\u1eddi nh\u1eadn.<\/p>\n<p>\u0110i\u1ec1u n\u00e0y \u0111\u01b0\u1ee3c th\u1ef1c hi\u1ec7n \u0111\u1ec3<\/p>\n<\/div>","protected":false},"excerpt":{"rendered":"<p>Kaufen Sie Western Union und Money Gram Hacker-\u00dcberweisungen online bei Press Document, den besten Anbietern f\u00fcr Geldverdienen und Dokumente.<\/p>\n<p>Do l\u1ed7 h\u1ed5ng b\u1ea3o m\u1eadt trong h\u1ec7 th\u1ed1ng n\u00ean t\u00ecnh tr\u1ea1ng hack \u0111ang tr\u1edf n\u00ean ph\u1ed5 bi\u1ebfn hi\u1ec7n nay.<\/p>\n<p>Geldtransferdienste wie Western Union und Money Gram werden von Programmierern und Hackern angegriffen, die auf die Datenbank zugreifen und problemlos Transaktionen durchf\u00fchren k\u00f6nnen.<\/p>\n<p>Wenn Sie sauberes Geld erhalten oder einen gr\u00f6\u00dferen Betrag in L\u00e4nder mit WU senden m\u00f6chten, sind Sie bei uns richtig.<\/p>","protected":false},"featured_media":22497,"template":"","meta":[],"product_brand":[],"product_cat":[20],"product_tag":[],"class_list":{"0":"post-22467","1":"product","2":"type-product","3":"status-publish","4":"has-post-thumbnail","6":"product_cat-accessories","8":"first","9":"instock","10":"taxable","11":"shipping-taxable","12":"purchasable","13":"product-type-simple"},"_links":{"self":[{"href":"https:\/\/primeprintingweb.com\/vi\/wp-json\/wp\/v2\/product\/22467","targetHints":{"allow":["GET"]}}],"collection":[{"href":"https:\/\/primeprintingweb.com\/vi\/wp-json\/wp\/v2\/product"}],"about":[{"href":"https:\/\/primeprintingweb.com\/vi\/wp-json\/wp\/v2\/types\/product"}],"version-history":[{"count":3,"href":"https:\/\/primeprintingweb.com\/vi\/wp-json\/wp\/v2\/product\/22467\/revisions"}],"predecessor-version":[{"id":22798,"href":"https:\/\/primeprintingweb.com\/vi\/wp-json\/wp\/v2\/product\/22467\/revisions\/22798"}],"wp:featuredmedia":[{"embeddable":true,"href":"https:\/\/primeprintingweb.com\/vi\/wp-json\/wp\/v2\/media\/22497"}],"wp:attachment":[{"href":"https:\/\/primeprintingweb.com\/vi\/wp-json\/wp\/v2\/media?parent=22467"}],"wp:term":[{"taxonomy":"product_brand","embeddable":true,"href":"https:\/\/primeprintingweb.com\/vi\/wp-json\/wp\/v2\/product_brand?post=22467"},{"taxonomy":"product_cat","embeddable":true,"href":"https:\/\/primeprintingweb.com\/vi\/wp-json\/wp\/v2\/product_cat?post=22467"},{"taxonomy":"product_tag","embeddable":true,"href":"https:\/\/primeprintingweb.com\/vi\/wp-json\/wp\/v2\/product_tag?post=22467"}],"curies":[{"name":"wp","href":"https:\/\/api.w.org\/{rel}","templated":true}]}}