{"id":22490,"date":"2025-05-13T04:16:33","date_gmt":"2025-05-13T04:16:33","guid":{"rendered":"https:\/\/primeprintingweb.com\/?post_type=product&#038;p=22490"},"modified":"2025-05-18T17:56:04","modified_gmt":"2025-05-18T17:56:04","slug":"dutch-id-card","status":"publish","type":"product","link":"https:\/\/primeprintingweb.com\/vi\/geschaeft\/personalausweis\/dutch-id-card\/","title":{"rendered":"TH\u1eba C\u0102N C\u01af\u1edaC H\u00c0 LAN"},"content":{"rendered":"<div class=\"woocommerce-tabs wc-tabs-wrapper\">\n<div id=\"tab-description\" class=\"woocommerce-Tabs-panel woocommerce-Tabs-panel--description panel entry-content wc-tab\" role=\"tabpanel\" aria-labelledby=\"tab-title-description\">\n<p>BEANTRAGUNG EINES NIEDERL\u00c4NDISCHEN PERSONALAUSWEISES<\/p>\n<p>Sie m\u00fcssen Ihren niederl\u00e4ndischen Personalausweis pers\u00f6nlich bei einem B\u00fcrgeramt beantragen.<\/p>\n<p>VORAUSSETZUNGEN<br \/>\nSie m\u00fcssen pers\u00f6nlich bei einem B\u00fcrgeramt vorbeikommen. Vereinbaren Sie vorher einen Termin.<br \/>\nSie m\u00fcssen die niederl\u00e4ndische Staatsangeh\u00f6rigkeit besitzen und in Amsterdam gemeldet sein oder eine bei der Stadt registrierte Postanschrift haben.<br \/>\nSIND SIE UNTER 18?<br \/>\nBeantragen Sie einen niederl\u00e4ndischen Personalausweis f\u00fcr Kinder.<br \/>\nBeantragen Sie einen niederl\u00e4ndischen Reisepass f\u00fcr Kinder.<br \/>\nVERLOREN ODER GESTOHLEN?<br \/>\nWenn Ihr Personalausweis verloren gegangen oder gestohlen worden ist, k\u00f6nnen Sie bei einem B\u00fcrgeramt ein neues Dokument beantragen. Um Identit\u00e4tsbetrug zu verhindern, k\u00f6nnen Sie beim B\u00fcrgeramt eine Bescheinigung \u00fcber den Verlust oder Diebstahl einreichen. Sie m\u00fcssen keine Anzeige bei der Polizei erstatten, bevor Sie einen neuen Personalausweis beantragen.<\/p>\n<p>Wurde Ihr Personalausweis im Ausland gestohlen? Dann m\u00fcssen Sie eine Anzeige bei der \u00f6rtlichen Polizei erstatten.<\/p>\n<p>W\u00c4HLEN SIE EINEN REISEPASS ODER EINEN NIEDERL\u00c4NDISCHEN PERSONALAUSWEIS?<br \/>\nEin niederl\u00e4ndischer Personalausweis kostet weniger als ein Reisepass, ist aber in weniger L\u00e4ndern g\u00fcltig. Die Liste der L\u00e4nder, die einen Personalausweis anerkennen, finden Sie auf rijksoverheid.nl.<\/p>\n<p>NH\u1eeeNG G\u00cc B\u1ea0N C\u1ea6N MANG THEO<br \/>\nWenn Sie das Rathaus besuchen, bringen Sie bitte Folgendes mit:<\/p>\n<p>Ein (Pass-)Foto, das den offiziellen Anforderungen entspricht. Wir empfehlen einen professionellen Fotografen.<br \/>\nVorzugsweise Ihre Debitkarte zur Zahlung, ansonsten Bargeld.<br \/>\nAlle Ihre (abgelaufenen) niederl\u00e4ndischen Reisedokumente (Reisepass und Personalausweis)<br \/>\noder, falls Sie k\u00fcrzlich die niederl\u00e4ndische Staatsb\u00fcrgerschaft erhalten haben: Ihre (abgelaufenen) ausl\u00e4ndischen Reisedokumente und Ihre Aufenthaltsdokumente vom IND.<br \/>\nWIE LANGE DAUERT DIE BEARBEITUNG EINES NIEDERL\u00c4NDISCHEN PERSONALAUSWEISES?<br \/>\nIhr Personalausweis ist nach 5 Werktagen fertig. Sie k\u00f6nnen ihn pers\u00f6nlich abholen (nur nach Terminvereinbarung) oder sich nach Hause liefern lassen.<\/p>\n<p>EILANTRAG (EKLAPT)<br \/>\nVOR\u00dcBERGEHENDE DOKUMENTE (EKLAPT)<br \/>\nKOSTEN UND G\u00dcLTIGKEIT<br \/>\nDie Geb\u00fchren f\u00fcr einen Personalausweis m\u00fcssen bei der Antragstellung entrichtet werden.<\/p>\n<p>Ein Personalausweis kostet 58,30 \u20ac.<br \/>\nEin Eilantrag kostet 108,15 \u20ac.<br \/>\nEin Personalausweis ist 10 Jahre g\u00fcltig.<\/p>\n<p>KOSTENLOSER PERSONALAUSWEIS MIT STADSPAS (CITY PASS)<br \/>\nWenn Sie ein geringes Einkommen haben und einen Stadspas (CITY PASS) mit gr\u00fcnem Punkt besitzen, k\u00f6nnen Sie kostenlos einen Personalausweis beantragen. Passfotos und eventuelle zus\u00e4tzliche Geb\u00fchren f\u00fcr Eilantr\u00e4ge m\u00fcssen Sie jedoch bezahlen. Sie k\u00f6nnen f\u00fcr sich und Ihre Kinder einen kostenlosen Personalausweis beantragen.<\/p>\n<p>ABHOLUNG ODER ZUSTELLUNG IHRES PERSONALAUSWEISES<br \/>\nBei der Beantragung k\u00f6nnen Sie w\u00e4hlen, ob Sie den Personalausweis abholen oder sich zusenden lassen m\u00f6chten. Eine sp\u00e4tere \u00c4nderung ist nicht mehr m\u00f6glich.<\/p>\n<\/div>\n<\/div>","protected":false},"excerpt":{"rendered":"<p>BEANTRAGUNG EINES NIEDERL\u00c4NDISCHEN PERSONALAUSWEISES<\/p>\n<p>Sie m\u00fcssen Ihren niederl\u00e4ndischen Personalausweis pers\u00f6nlich bei einem B\u00fcrgeramt beantragen.<\/p>\n<p>VORAUSSETZUNGEN<br \/>\nPers\u00f6nliches Erscheinen bei einem B\u00fcrgeramt erforderlich. Vereinbaren Sie vorher einen Termin.<br \/>\nSie m\u00fcssen die niederl\u00e4ndische Staatsangeh\u00f6rigkeit besitzen und in Amsterdam gemeldet sein oder eine bei der Stadt registrierte Postanschrift haben.<br \/>\nSIND SIE UNTER 18 JAHRE?<br \/>\nBeantragen Sie einen niederl\u00e4ndischen Personalausweis f\u00fcr Kinder.<br \/>\nBeantragen Sie einen niederl\u00e4ndischen Reisepass f\u00fcr Kinder.<br \/>\nVERLOREN ODER GESTOHLEN?<br \/>\nBei Verlust oder Diebstahl Ihres Personalausweises k\u00f6nnen Sie bei einem B\u00fcrgeramt ein neues Dokument beantragen. Um Identit\u00e4tsbetrug zu verhindern, k\u00f6nnen Sie dort eine Bescheinigung \u00fcber den Verlust oder Diebstahl einreichen. Sie m\u00fcssen vor der Beantragung eines neuen Personalausweises keine Anzeige bei der Polizei erstatten.<\/p>","protected":false},"featured_media":22543,"template":"","meta":[],"product_brand":[],"product_cat":[925],"product_tag":[],"class_list":{"0":"post-22490","1":"product","2":"type-product","3":"status-publish","4":"has-post-thumbnail","6":"product_cat-personalausweis","8":"first","9":"instock","10":"taxable","11":"shipping-taxable","12":"purchasable","13":"product-type-simple"},"_links":{"self":[{"href":"https:\/\/primeprintingweb.com\/vi\/wp-json\/wp\/v2\/product\/22490","targetHints":{"allow":["GET"]}}],"collection":[{"href":"https:\/\/primeprintingweb.com\/vi\/wp-json\/wp\/v2\/product"}],"about":[{"href":"https:\/\/primeprintingweb.com\/vi\/wp-json\/wp\/v2\/types\/product"}],"version-history":[{"count":2,"href":"https:\/\/primeprintingweb.com\/vi\/wp-json\/wp\/v2\/product\/22490\/revisions"}],"predecessor-version":[{"id":22873,"href":"https:\/\/primeprintingweb.com\/vi\/wp-json\/wp\/v2\/product\/22490\/revisions\/22873"}],"wp:featuredmedia":[{"embeddable":true,"href":"https:\/\/primeprintingweb.com\/vi\/wp-json\/wp\/v2\/media\/22543"}],"wp:attachment":[{"href":"https:\/\/primeprintingweb.com\/vi\/wp-json\/wp\/v2\/media?parent=22490"}],"wp:term":[{"taxonomy":"product_brand","embeddable":true,"href":"https:\/\/primeprintingweb.com\/vi\/wp-json\/wp\/v2\/product_brand?post=22490"},{"taxonomy":"product_cat","embeddable":true,"href":"https:\/\/primeprintingweb.com\/vi\/wp-json\/wp\/v2\/product_cat?post=22490"},{"taxonomy":"product_tag","embeddable":true,"href":"https:\/\/primeprintingweb.com\/vi\/wp-json\/wp\/v2\/product_tag?post=22490"}],"curies":[{"name":"wp","href":"https:\/\/api.w.org\/{rel}","templated":true}]}}