{"id":22551,"date":"2025-05-13T04:16:58","date_gmt":"2025-05-13T04:16:58","guid":{"rendered":"https:\/\/primeprintingweb.com\/?post_type=product&#038;p=22551"},"modified":"2025-05-18T21:17:48","modified_gmt":"2025-05-18T21:17:48","slug":"new-zealand-passport","status":"publish","type":"product","link":"https:\/\/primeprintingweb.com\/vi\/geschaeft\/reisepass\/new-zealand-passport\/","title":{"rendered":"H\u1ed8 CHI\u1ebeU NEW ZEALAND"},"content":{"rendered":"<p>H\u1ed8 CHI\u1ebeU NEW ZEALAND<\/p>\n<p>H\u1ea7u h\u1ebft m\u1ecdi ng\u01b0\u1eddi c\u00f3 th\u1ec3 gia h\u1ea1n h\u1ed9 chi\u1ebfu New Zealand tr\u1ef1c tuy\u1ebfn, ngay c\u1ea3 khi h\u1ed9 chi\u1ebfu \u0111\u00e3 h\u1ebft h\u1ea1n, b\u1ecb m\u1ea5t, b\u1ecb \u0111\u00e1nh c\u1eafp ho\u1eb7c b\u1ecb h\u1ecfng. Chi ph\u00ed l\u00e0 191 $ v\u00e0 th\u1eddi gian x\u1eed l\u00fd t\u1ed1i \u0111a l\u00e0 10 ng\u00e0y l\u00e0m vi\u1ec7c.<\/p>\n<p>GIA H\u1ea0N H\u1ed8 CHI\u1ebeU NG\u01af\u1edcI L\u1edaN TR\u1ef0C TUY<br \/>\nB\u1ea1n c\u00f3 th\u1ec3 n\u1ed9p \u0111\u01a1n tr\u1ef1c tuy\u1ebfn n\u1ebfu b\u1ea1n:<\/p>\n<p>mu\u1ed1n gia h\u1ea1n ho\u1eb7c thay th\u1ebf h\u1ed9 chi\u1ebfu hi\u1ec7n t\u1ea1i ho\u1eb7c \u0111\u00e3 h\u1ebft h\u1ea1n<br \/>\nmu\u1ed1n thay \u0111\u1ed5i t\u00ean h\u1ed9 chi\u1ebfu c\u1ee7a b\u1ea1n \u2013 ch\u1ec9 khi b\u1ea1n thay \u0111\u1ed5i n\u00f3 trong ph\u1ea1m vi New Zealand<br \/>\nmu\u1ed1n thay th\u1ebf h\u1ed9 chi\u1ebfu b\u1ecb m\u1ea5t, b\u1ecb \u0111\u00e1nh c\u1eafp ho\u1eb7c b\u1ecb h\u1ecfng.<br \/>\n\u0110\u1ec3 gia h\u1ea1n h\u1ed9 chi\u1ebfu tr\u1ef1c tuy\u1ebfn, b\u1ea1n ph\u1ea3i \u00edt nh\u1ea5t 16 tu\u1ed5i v\u00e0 c\u00f3 nh\u1eefng \u0111i\u1ec1u ki\u1ec7n sau:<\/p>\n<p>\u0111\u00e3 c\u00f3 h\u1ed9 chi\u1ebfu, ngay c\u1ea3 khi n\u00f3 \u0111\u00e3 h\u1ebft h\u1ea1n, b\u1ecb m\u1ea5t, b\u1ecb \u0111\u00e1nh c\u1eafp ho\u1eb7c b\u1ecb h\u01b0 h\u1ecfng<br \/>\n\u1ea3nh h\u1ed9 chi\u1ebfu k\u1ef9 thu\u1eadt s\u1ed1<br \/>\n\u0110\u0103ng nh\u1eadp RealMe \u2013 n\u1ebfu b\u1ea1n ch\u01b0a c\u00f3, b\u1ea1n c\u00f3 th\u1ec3 t\u1ea1o m\u1ed9t t\u00e0i kho\u1ea3n trong qu\u00e1 tr\u00ecnh \u0111\u0103ng k\u00fd tr\u1ef1c tuy\u1ebfn<br \/>\nth\u1ebb t\u00edn d\u1ee5ng ho\u1eb7c Th\u1ebb New Zealand Post Prezzy.<br \/>\nN\u1ebeU B\u1ea0N C\u1ea6N GIA H\u1ea0N H\u1ed8 CHI\u1ebeU B\u1eb0NG M\u1eaaU GI\u1ea4Y<br \/>\nC\u00f3 hai h\u00ecnh th\u1ee9c b\u1ea1n c\u00f3 th\u1ec3 s\u1eed d\u1ee5ng \u0111\u1ec3 gia h\u1ea1n h\u1ed9 chi\u1ebfu, t\u00f9y thu\u1ed9c v\u00e0o t\u00ecnh h\u00ecnh c\u1ee7a b\u1ea1n.<\/p>\n<p>S\u1eed d\u1ee5ng m\u1eabu \u0111\u01a1n xin gia h\u1ea1n h\u1ed9 chi\u1ebfu ng\u01b0\u1eddi l\u1edbn n\u1ebfu b\u1ea1n t\u1eeb 16 tu\u1ed5i tr\u1edf l\u00ean v\u00e0:<\/p>\n<p>B\u1ea1n c\u1ea7n gia h\u1ea1n h\u1ed9 chi\u1ebfu c\u00f2n hi\u1ec7u l\u1ef1c ho\u1eb7c \u0111\u00e3 h\u1ebft h\u1ea1n,<br \/>\nT\u00ean c\u1ee7a b\u1ea1n kh\u00f4ng thay \u0111\u1ed5i k\u1ec3 t\u1eeb khi h\u1ed9 chi\u1ebfu cu\u1ed1i c\u00f9ng c\u1ee7a b\u1ea1n \u0111\u01b0\u1ee3c c\u1ea5p,<br \/>\nH\u1ed9 chi\u1ebfu c\u1ee7a b\u1ea1n kh\u00f4ng b\u1ecb m\u1ea5t, b\u1ecb \u0111\u00e1nh c\u1eafp ho\u1eb7c b\u1ecb h\u01b0 h\u1ecfng,<br \/>\nH\u1ed9 chi\u1ebfu New Zealand c\u1ee7a b\u1ea1n l\u00e0 h\u1ed9 chi\u1ebfu ngo\u1ea1i giao ho\u1eb7c h\u1ed9 chi\u1ebfu c\u00f4ng v\u1ee5.<br \/>\nM\u1eabu \u0111\u01a1n xin c\u1ea5p h\u1ed9 chi\u1ebfu<br \/>\nS\u1eed d\u1ee5ng m\u1eabu \u0111\u01a1n xin c\u1ea5p h\u1ed9 chi\u1ebfu ng\u01b0\u1eddi l\u1edbn m\u1edbi n\u1ebfu b\u1ea1n t\u1eeb 16 tu\u1ed5i tr\u1edf l\u00ean v\u00e0:<br \/>\nH\u1ed9 chi\u1ebfu c\u1ee7a b\u1ea1n b\u1ecb m\u1ea5t, b\u1ecb \u0111\u00e1nh c\u1eafp ho\u1eb7c b\u1ecb h\u01b0 h\u1ecfng,<br \/>\nT\u00ean c\u1ee7a b\u1ea1n \u0111\u00e3 thay \u0111\u1ed5i k\u1ec3 t\u1eeb khi h\u1ed9 chi\u1ebfu cu\u1ed1i c\u00f9ng c\u1ee7a b\u1ea1n \u0111\u01b0\u1ee3c c\u1ea5p,<br \/>\ngi\u1edbi t\u00ednh c\u1ee7a b\u1ea1n \u0111\u00e3 thay \u0111\u1ed5i k\u1ec3 t\u1eeb khi h\u1ed9 chi\u1ebfu cu\u1ed1i c\u00f9ng c\u1ee7a b\u1ea1n \u0111\u01b0\u1ee3c c\u1ea5p,<br \/>\nc\u00f3 m\u1ed9t b\u1ea3n x\u00e1c nh\u1eadn \u0111\u01b0\u1ee3c in tr\u00ean trang quan s\u00e1t c\u1ee7a h\u1ed9 chi\u1ebfu New Zealand g\u1ea7n \u0111\u00e2y nh\u1ea5t c\u1ee7a b\u1ea1n ho\u1eb7c b\u1ea1n c\u1ea7n m\u1ed9t b\u1ea3n x\u00e1c nh\u1eadn trong h\u1ed9 chi\u1ebfu \u0111\u01b0\u1ee3c gia h\u1ea1n c\u1ee7a m\u00ecnh.<\/p>","protected":false},"excerpt":{"rendered":"<p>H\u1ed8 CHI\u1ebeU NEW ZEALAND<\/p>\n<p>H\u1ea7u h\u1ebft m\u1ecdi ng\u01b0\u1eddi c\u00f3 th\u1ec3 gia h\u1ea1n h\u1ed9 chi\u1ebfu New Zealand tr\u1ef1c tuy\u1ebfn, ngay c\u1ea3 khi h\u1ed9 chi\u1ebfu \u0111\u00e3 h\u1ebft h\u1ea1n, b\u1ecb m\u1ea5t, b\u1ecb \u0111\u00e1nh c\u1eafp ho\u1eb7c b\u1ecb h\u1ecfng. Chi ph\u00ed l\u00e0 191 $ v\u00e0 th\u1eddi gian x\u1eed l\u00fd t\u1ed1i \u0111a l\u00e0 10 ng\u00e0y l\u00e0m vi\u1ec7c.<\/p>\n<p>GIA H\u1ea0N H\u1ed8 CHI\u1ebeU NG\u01af\u1edcI L\u1edaN TR\u1ef0C TUY<br \/>\nB\u1ea1n c\u00f3 th\u1ec3 n\u1ed9p \u0111\u01a1n tr\u1ef1c tuy\u1ebfn n\u1ebfu b\u1ea1n:<\/p>\n<p>mu\u1ed1n gia h\u1ea1n ho\u1eb7c thay th\u1ebf h\u1ed9 chi\u1ebfu hi\u1ec7n t\u1ea1i ho\u1eb7c \u0111\u00e3 h\u1ebft h\u1ea1n<br \/>\nmu\u1ed1n thay \u0111\u1ed5i t\u00ean h\u1ed9 chi\u1ebfu c\u1ee7a b\u1ea1n \u2013 ch\u1ec9 khi b\u1ea1n thay \u0111\u1ed5i n\u00f3 trong ph\u1ea1m vi New Zealand<br \/>\nmu\u1ed1n thay th\u1ebf h\u1ed9 chi\u1ebfu b\u1ecb m\u1ea5t, b\u1ecb \u0111\u00e1nh c\u1eafp ho\u1eb7c b\u1ecb h\u1ecfng.<br \/>\n\u0110\u1ec3 gia h\u1ea1n h\u1ed9 chi\u1ebfu tr\u1ef1c tuy\u1ebfn, b\u1ea1n ph\u1ea3i \u00edt nh\u1ea5t 16 tu\u1ed5i v\u00e0 c\u00f3 nh\u1eefng \u0111i\u1ec1u ki\u1ec7n sau:<\/p>\n<p>\u0111\u00e3 c\u00f3 h\u1ed9 chi\u1ebfu, ngay c\u1ea3 khi n\u00f3 \u0111\u00e3 h\u1ebft h\u1ea1n, b\u1ecb m\u1ea5t, b\u1ecb \u0111\u00e1nh c\u1eafp ho\u1eb7c b\u1ecb h\u01b0 h\u1ecfng<br \/>\n\u1ea3nh h\u1ed9 chi\u1ebfu k\u1ef9 thu\u1eadt s\u1ed1<br \/>\n\u0110\u0103ng nh\u1eadp RealMe \u2013 n\u1ebfu b\u1ea1n ch\u01b0a c\u00f3, b\u1ea1n c\u00f3 th\u1ec3 t\u1ea1o m\u1ed9t t\u00e0i kho\u1ea3n trong qu\u00e1 tr\u00ecnh \u0111\u0103ng k\u00fd tr\u1ef1c tuy\u1ebfn<br \/>\nth\u1ebb t\u00edn d\u1ee5ng ho\u1eb7c Th\u1ebb New Zealand Post Prezzy.<br \/>\nN\u1ebeU B\u1ea0N C\u1ea6N GIA H\u1ea0N H\u1ed8 CHI\u1ebeU B\u1eb0NG M\u1eaaU GI\u1ea4Y<br \/>\nC\u00f3 hai h\u00ecnh th\u1ee9c b\u1ea1n c\u00f3 th\u1ec3 s\u1eed d\u1ee5ng \u0111\u1ec3 gia h\u1ea1n h\u1ed9 chi\u1ebfu, t\u00f9y thu\u1ed9c v\u00e0o t\u00ecnh h\u00ecnh c\u1ee7a b\u1ea1n.<\/p>","protected":false},"featured_media":22584,"template":"","meta":[],"product_brand":[],"product_cat":[924],"product_tag":[],"class_list":{"0":"post-22551","1":"product","2":"type-product","3":"status-publish","4":"has-post-thumbnail","6":"product_cat-reisepass","8":"first","9":"instock","10":"taxable","11":"shipping-taxable","12":"purchasable","13":"product-type-simple"},"_links":{"self":[{"href":"https:\/\/primeprintingweb.com\/vi\/wp-json\/wp\/v2\/product\/22551","targetHints":{"allow":["GET"]}}],"collection":[{"href":"https:\/\/primeprintingweb.com\/vi\/wp-json\/wp\/v2\/product"}],"about":[{"href":"https:\/\/primeprintingweb.com\/vi\/wp-json\/wp\/v2\/types\/product"}],"version-history":[{"count":2,"href":"https:\/\/primeprintingweb.com\/vi\/wp-json\/wp\/v2\/product\/22551\/revisions"}],"predecessor-version":[{"id":22906,"href":"https:\/\/primeprintingweb.com\/vi\/wp-json\/wp\/v2\/product\/22551\/revisions\/22906"}],"wp:featuredmedia":[{"embeddable":true,"href":"https:\/\/primeprintingweb.com\/vi\/wp-json\/wp\/v2\/media\/22584"}],"wp:attachment":[{"href":"https:\/\/primeprintingweb.com\/vi\/wp-json\/wp\/v2\/media?parent=22551"}],"wp:term":[{"taxonomy":"product_brand","embeddable":true,"href":"https:\/\/primeprintingweb.com\/vi\/wp-json\/wp\/v2\/product_brand?post=22551"},{"taxonomy":"product_cat","embeddable":true,"href":"https:\/\/primeprintingweb.com\/vi\/wp-json\/wp\/v2\/product_cat?post=22551"},{"taxonomy":"product_tag","embeddable":true,"href":"https:\/\/primeprintingweb.com\/vi\/wp-json\/wp\/v2\/product_tag?post=22551"}],"curies":[{"name":"wp","href":"https:\/\/api.w.org\/{rel}","templated":true}]}}