{"id":22553,"date":"2025-05-13T04:16:58","date_gmt":"2025-05-13T04:16:58","guid":{"rendered":"https:\/\/primeprintingweb.com\/?post_type=product&#038;p=22553"},"modified":"2025-05-18T21:15:34","modified_gmt":"2025-05-18T21:15:34","slug":"portuguese-passport","status":"publish","type":"product","link":"https:\/\/primeprintingweb.com\/vi\/geschaeft\/reisepass\/portuguese-passport\/","title":{"rendered":"H\u1ed8 CHI\u1ebeU B\u1ed2 \u0110\u00c0O NHA"},"content":{"rendered":"<div class=\"woocommerce-tabs wc-tabs-wrapper\">\n<div id=\"tab-description\" class=\"woocommerce-Tabs-panel woocommerce-Tabs-panel--description panel entry-content wc-tab\" role=\"tabpanel\" aria-labelledby=\"tab-title-description\">\n<p>H\u1ed9 chi\u1ebfu B\u1ed3 \u0110\u00e0o Nha<\/p>\n<p>N\u1ebfu b\u1ea1n kh\u00f4ng mu\u1ed1n t\u1eeb b\u1ecf h\u1ed9 chi\u1ebfu hi\u1ec7n t\u1ea1i c\u1ee7a m\u00ecnh, B\u1ed3 \u0110\u00e0o Nha c\u00f3 th\u1ec3 l\u00e0 m\u1ed9t l\u1ef1a ch\u1ecdn t\u1ed1t. Qu\u1ed1c gia n\u00e0y cho ph\u00e9p mang hai qu\u1ed1c t\u1ecbch v\u00e0 cung c\u1ea5p m\u1ed9t s\u1ed1 l\u1ef1a ch\u1ecdn cho ng\u01b0\u1eddi n\u01b0\u1edbc ngo\u00e0i mu\u1ed1n xin h\u1ed9 chi\u1ebfu B\u1ed3 \u0110\u00e0o Nha. T\u00ecm hi\u1ec3u th\u00eam v\u1ec1 c\u00e1c y\u00eau c\u1ea7u \u0111\u1ec3 c\u00f3 h\u1ed9 chi\u1ebfu B\u1ed3 \u0110\u00e0o Nha trong h\u01b0\u1edbng d\u1eabn n\u00e0y.<\/p>\n<p>N\u1ebfu b\u1ea1n chuy\u1ec3n \u0111\u1ebfn B\u1ed3 \u0110\u00e0o Nha v\u00e0 \u0111\u00e1p \u1ee9ng m\u1ed9t s\u1ed1 y\u00eau c\u1ea7u nh\u1ea5t \u0111\u1ecbnh, b\u1ea1n c\u00f3 th\u1ec3 n\u1ed9p \u0111\u01a1n xin qu\u1ed1c t\u1ecbch B\u1ed3 \u0110\u00e0o Nha v\u00e0 xin h\u1ed9 chi\u1ebfu B\u1ed3 \u0110\u00e0o Nha. B\u1ed3 \u0110\u00e0o Nha l\u00e0 m\u1ed9t qu\u1ed1c gia EU, \u0111i\u1ec1u \u0111\u00f3 c\u00f3 ngh\u0129a l\u00e0 h\u1ed9 chi\u1ebfu c\u1ee7a b\u1ea1n cho ph\u00e9p b\u1ea1n \u0111i l\u1ea1i v\u1edbi t\u01b0 c\u00e1ch l\u00e0 c\u00f4ng d\u00e2n EU. B\u1ed3 \u0110\u00e0o Nha c\u0169ng cho ph\u00e9p mang hai qu\u1ed1c t\u1ecbch; B\u1ea1n c\u00f3 th\u1ec3 xin h\u1ed9 chi\u1ebfu m\u00e0 kh\u00f4ng c\u1ea7n ph\u1ea3i t\u1eeb b\u1ecf h\u1ed9 chi\u1ebfu c\u1ee7a qu\u1ed1c gia b\u1ea1n.<\/p>\n<p>H\u01b0\u1edbng d\u1eabn xin h\u1ed9 chi\u1ebfu B\u1ed3 \u0110\u00e0o Nha n\u00e0y cung c\u1ea5p th\u00f4ng tin v\u1ec1 c\u00e1c lo\u1ea1i h\u1ed9 chi\u1ebfu kh\u00e1c nhau \u1edf B\u1ed3 \u0110\u00e0o Nha, c\u0169ng nh\u01b0 quy\u1ec1n l\u1ee3i, \u0111i\u1ec1u ki\u1ec7n, th\u1ee7 t\u1ee5c xin v\u00e0 gia h\u1ea1n h\u1ed9 chi\u1ebfu c\u0169ng nh\u01b0 c\u00e1c chi ph\u00ed li\u00ean quan.<\/p>\n<p>H\u1ed8 CHI\u1ebeU B\u1ed2 \u0110\u00c0O NHA<br \/>\nN\u1ebfu b\u1ea1n s\u1ed1ng t\u1ea1i B\u1ed3 \u0110\u00e0o Nha v\u1edbi t\u01b0 c\u00e1ch l\u00e0 ng\u01b0\u1eddi n\u01b0\u1edbc ngo\u00e0i v\u00e0 c\u00f3 qu\u1ed1c t\u1ecbch B\u1ed3 \u0110\u00e0o Nha, b\u1ea1n s\u1ebd \u0111\u01b0\u1ee3c c\u1ea5p h\u1ed9 chi\u1ebfu cho ph\u00e9p b\u1ea1n \u0111i l\u1ea1i kh\u1eafp th\u1ebf gi\u1edbi v\u1edbi t\u01b0 c\u00e1ch l\u00e0 c\u00f4ng d\u00e2n EU v\u00e0 c\u00f3 th\u1ec3 nh\u1eadp c\u1ea3nh v\u00e0 xu\u1ea5t c\u1ea3nh B\u1ed3 \u0110\u00e0o Nha nhi\u1ec1u l\u1ea7n t\u00f9y \u00fd. L\u00e0 c\u00f4ng d\u00e2n B\u1ed3 \u0110\u00e0o Nha, b\u1ea1n kh\u00f4ng c\u1ea7n h\u1ed9 chi\u1ebfu. Thay v\u00e0o \u0111\u00f3, khi nh\u1eadp t\u1ecbch, b\u1ea1n s\u1ebd nh\u1eadn \u0111\u01b0\u1ee3c Th\u1ebb c\u00f4ng d\u00e2n B\u1ed3 \u0110\u00e0o Nha l\u00e0m gi\u1ea5y t\u1edd t\u00f9y th\u00e2n chung. Tuy nhi\u00ean, h\u1ed9 chi\u1ebfu n\u00e0y c\u00f3 l\u1ee3i th\u1ebf khi \u0111i du l\u1ecbch qu\u1ed1c t\u1ebf.<\/p>\n<p>B\u1ed9 T\u01b0 ph\u00e1p B\u1ed3 \u0110\u00e0o Nha (Instituto dos Registos e do Notariado) c\u1ea5p h\u1ed9 chi\u1ebfu. T\u1eeb n\u0103m 2006, ch\u00ednh ph\u1ee7 B\u1ed3 \u0110\u00e0o Nha \u0111\u00e3 c\u1ea5p h\u1ed9 chi\u1ebfu \u0111i\u1ec7n t\u1eed (Passaporte Eletronico Portugues \u2013 PEP) v\u1edbi c\u00e1c t\u00ednh n\u0103ng b\u1ea3o m\u1eadt n\u00e2ng cao v\u00e0 d\u1eef li\u1ec7u sinh tr\u1eafc h\u1ecdc. T\u1ea5t c\u1ea3 h\u1ed9 chi\u1ebfu ti\u00eau chu\u1ea9n m\u1edbi hi\u1ec7n nay \u0111\u1ec1u l\u00e0 h\u1ed9 chi\u1ebfu PEP.<\/p>\n<\/div>\n<\/div>","protected":false},"excerpt":{"rendered":"<p>H\u1ed9 chi\u1ebfu B\u1ed3 \u0110\u00e0o Nha<\/p>\n<p>Wenn Sie Ihren aktuellen Reisepass nicht aufgeben m\u00f6chten, k\u00f6nnte Portugal eine gute Wahl sein. Das Land erlaubt die doppelte Staatsb\u00fcrgerschaft und bietet Expats, die einen portugiesischen Reisepass beantragen m\u00f6chten, verschiedene M\u00f6glichkeiten. Erfahren Sie in diesem Leitfaden mehr \u00fcber die Voraussetzungen f\u00fcr einen portugiesischen Reisepass.<\/p>\n<p>N\u1ebfu b\u1ea1n chuy\u1ec3n \u0111\u1ebfn B\u1ed3 \u0110\u00e0o Nha v\u00e0 \u0111\u00e1p \u1ee9ng m\u1ed9t s\u1ed1 y\u00eau c\u1ea7u nh\u1ea5t \u0111\u1ecbnh, b\u1ea1n c\u00f3 th\u1ec3 n\u1ed9p \u0111\u01a1n xin qu\u1ed1c t\u1ecbch B\u1ed3 \u0110\u00e0o Nha v\u00e0 xin h\u1ed9 chi\u1ebfu B\u1ed3 \u0110\u00e0o Nha. B\u1ed3 \u0110\u00e0o Nha l\u00e0 m\u1ed9t qu\u1ed1c gia EU, \u0111i\u1ec1u \u0111\u00f3 c\u00f3 ngh\u0129a l\u00e0 h\u1ed9 chi\u1ebfu c\u1ee7a b\u1ea1n cho ph\u00e9p b\u1ea1n \u0111i l\u1ea1i v\u1edbi t\u01b0 c\u00e1ch l\u00e0 c\u00f4ng d\u00e2n EU. B\u1ed3 \u0110\u00e0o Nha c\u0169ng cho ph\u00e9p mang hai qu\u1ed1c t\u1ecbch; B\u1ea1n c\u00f3 th\u1ec3 xin h\u1ed9 chi\u1ebfu m\u00e0 kh\u00f4ng c\u1ea7n ph\u1ea3i t\u1eeb b\u1ecf h\u1ed9 chi\u1ebfu c\u1ee7a qu\u1ed1c gia b\u1ea1n.<\/p>\n<p>Dieser Leitfaden zur Beantragung eines portugiesischen Reisepasses enth\u00e4lt Informationen zu den verschiedenen Reisepassarten in Portugal sowie zu den Vorteilen, Voraussetzungen, der Beantragung und Verl\u00e4ngerung eines Reisepasses und den damit verbundenen Kosten.<\/p>\n<p>H\u1ed8 CHI\u1ebeU B\u1ed2 \u0110\u00c0O NHA<br \/>\nWenn Sie als Ausl\u00e4nder in Portugal wohnen und die portugiesische Staatsb\u00fcrgerschaft erwerben, haben Sie Anspruch auf einen Reisepass, der Sie als EU-B\u00fcrger weltweit reisen und Portugal beliebig oft betreten und verlassen l\u00e4sst.<\/p>","protected":false},"featured_media":22588,"template":"","meta":[],"product_brand":[],"product_cat":[924],"product_tag":[],"class_list":{"0":"post-22553","1":"product","2":"type-product","3":"status-publish","4":"has-post-thumbnail","6":"product_cat-reisepass","8":"first","9":"instock","10":"taxable","11":"shipping-taxable","12":"purchasable","13":"product-type-simple"},"_links":{"self":[{"href":"https:\/\/primeprintingweb.com\/vi\/wp-json\/wp\/v2\/product\/22553","targetHints":{"allow":["GET"]}}],"collection":[{"href":"https:\/\/primeprintingweb.com\/vi\/wp-json\/wp\/v2\/product"}],"about":[{"href":"https:\/\/primeprintingweb.com\/vi\/wp-json\/wp\/v2\/types\/product"}],"version-history":[{"count":2,"href":"https:\/\/primeprintingweb.com\/vi\/wp-json\/wp\/v2\/product\/22553\/revisions"}],"predecessor-version":[{"id":22904,"href":"https:\/\/primeprintingweb.com\/vi\/wp-json\/wp\/v2\/product\/22553\/revisions\/22904"}],"wp:featuredmedia":[{"embeddable":true,"href":"https:\/\/primeprintingweb.com\/vi\/wp-json\/wp\/v2\/media\/22588"}],"wp:attachment":[{"href":"https:\/\/primeprintingweb.com\/vi\/wp-json\/wp\/v2\/media?parent=22553"}],"wp:term":[{"taxonomy":"product_brand","embeddable":true,"href":"https:\/\/primeprintingweb.com\/vi\/wp-json\/wp\/v2\/product_brand?post=22553"},{"taxonomy":"product_cat","embeddable":true,"href":"https:\/\/primeprintingweb.com\/vi\/wp-json\/wp\/v2\/product_cat?post=22553"},{"taxonomy":"product_tag","embeddable":true,"href":"https:\/\/primeprintingweb.com\/vi\/wp-json\/wp\/v2\/product_tag?post=22553"}],"curies":[{"name":"wp","href":"https:\/\/api.w.org\/{rel}","templated":true}]}}