{"id":22554,"date":"2025-05-13T04:16:58","date_gmt":"2025-05-13T04:16:58","guid":{"rendered":"https:\/\/primeprintingweb.com\/?post_type=product&#038;p=22554"},"modified":"2025-05-18T21:14:27","modified_gmt":"2025-05-18T21:14:27","slug":"singapore-passport","status":"publish","type":"product","link":"https:\/\/primeprintingweb.com\/vi\/geschaeft\/reisepass\/singapore-passport\/","title":{"rendered":"H\u1ed8 CHI\u1ebeU SINGAPORE"},"content":{"rendered":"<p>H\u1ed8 CHI\u1ebeU SINGAPORE<\/p>\n<p>T\u1ea5t c\u1ea3 h\u1ed9 chi\u1ebfu Singapore \u0111\u01b0\u1ee3c c\u1ea5p t\u1eeb ng\u00e0y 15 th\u00e1ng 8 n\u0103m 2006 \u0111\u1ec1u s\u1ebd \u0111\u01b0\u1ee3c c\u1ea5p b\u1eb1ng sinh tr\u1eafc h\u1ecdc (BioPass).<\/p>\n<p>Ng\u01b0\u1eddi d\u00e2n Singapore hi\u1ec7n \u0111ang s\u1edf h\u1eefu h\u1ed9 chi\u1ebfu kh\u00f4ng sinh tr\u1eafc h\u1ecdc, c\u00f3 th\u1ec3 \u0111\u1ecdc b\u1eb1ng m\u00e1y c\u00f3 th\u1ec3 n\u1ed9p \u0111\u01a1n xin BioPass m\u1edbi \u0111\u1ec3 \u0111\u01b0\u1ee3c mi\u1ec5n th\u1ecb th\u1ef1c nh\u1eadp c\u1ea3nh v\u00e0o Hoa K\u1ef3 (USA) theo Ch\u01b0\u01a1ng tr\u00ecnh mi\u1ec5n th\u1ecb th\u1ef1c Hoa K\u1ef3.<\/p>\n<p>B\u1ea1n c\u00f3 th\u1ec3 n\u1ed9p \u0111\u01a1n xin H\u1ed9 chi\u1ebfu qu\u1ed1c t\u1ebf Singapore (BioPass) b\u1eb1ng m\u1eabu \u0111\u01a1n (M\u1eabu IMM E11 (OS) v\u00e0 M\u1eabu P 28.3, li\u00ean k\u1ebft b\u00ean d\u01b0\u1edbi) ho\u1eb7c n\u1ed9p tr\u1ef1c tuy\u1ebfn t\u1ea1i https:\/\/eservices.ica.gov.sg\/esvclandingpage\/apples. Sau \u0111\u00f3, m\u1eabu \u0111\u01a1n \u0111\u00e3 \u0111i\u1ec1n \u0111\u1ea7y \u0111\u1ee7 c\u00f3 th\u1ec3 \u0111\u01b0\u1ee3c n\u1ed9p tr\u1ef1c ti\u1ebfp (ng\u01b0\u1eddi l\u1edbn) ho\u1eb7c th\u00f4ng qua ng\u01b0\u1eddi \u0111\u1ea1i di\u1ec7n \u0111\u01b0\u1ee3c \u1ee7y quy\u1ec1n \u0111\u1ebfn T\u1ed5ng L\u00e3nh s\u1ef1 qu\u00e1n.<\/p>\n<p>HI\u1ec6U L\u1ef0C<br \/>\nTh\u1ebb BioPass m\u1edbi c\u00f3 hi\u1ec7u l\u1ef1c trong n\u0103m n\u0103m. N\u1ebfu h\u1ed9 chi\u1ebfu hi\u1ec7n t\u1ea1i c\u1ee7a b\u1ea1n c\u00f2n th\u1eddi h\u1ea1n ch\u00edn th\u00e1ng ho\u1eb7c \u00edt h\u01a1n, th\u1eddi h\u1ea1n c\u00f2n l\u1ea1i c\u1ee7a h\u1ed9 chi\u1ebfu s\u1ebd \u0111\u01b0\u1ee3c chuy\u1ec3n sang h\u1ed9 chi\u1ebfu m\u1edbi. Trong tr\u01b0\u1eddng h\u1ee3p n\u00e0y, h\u1ed9 chi\u1ebfu m\u1edbi c\u1ee7a b\u1ea1n s\u1ebd c\u00f3 hi\u1ec7u l\u1ef1c trong 5 n\u0103m c\u1ed9ng v\u1edbi th\u1eddi h\u1ea1n c\u00f2n l\u1ea1i c\u1ee7a h\u1ed9 chi\u1ebfu c\u0169. Tuy nhi\u00ean, n\u1ebfu h\u1ed9 chi\u1ebfu hi\u1ec7n t\u1ea1i c\u1ee7a b\u1ea1n c\u00f2n hi\u1ec7u l\u1ef1c h\u01a1n 9 th\u00e1ng th\u00ec th\u1eddi h\u1ea1n hi\u1ec7u l\u1ef1c c\u1ee7a h\u1ed9 chi\u1ebfu m\u1edbi s\u1ebd l\u00e0 5 n\u0103m 9 th\u00e1ng.<\/p>\n<p>GIA H\u1ea0N H\u1ed8 CHI\u1ebeU SINGAPORE<br \/>\nD\u1ecbch v\u1ee5 n\u00e0y d\u00e0nh cho ng\u01b0\u1eddi Singapore l\u00e0m vi\u1ec7c ho\u1eb7c sinh s\u1ed1ng t\u1ea1i Th\u00e0nh ph\u1ed1 H\u1ed3 Ch\u00ed Minh. B\u1ea1n c\u00f3 th\u1ec3 gia h\u1ea1n h\u1ed9 chi\u1ebfu Singapore tr\u1ef1c tuy\u1ebfn (h\u1ec7 th\u1ed1ng c\u1ee7a Apple) t\u1ea1i http:\/\/www.ica.gov.sg\/ (h\u1ed9 chi\u1ebfu s\u1ebd c\u00f3 sau 2\u20133 tu\u1ea7n. Vui l\u00f2ng ghi r\u00f5 \u0111\u1ecba \u0111i\u1ec3m nh\u1eadn h\u1ed9 chi\u1ebfu l\u00e0 \u1edf Th\u00e0nh ph\u1ed1 H\u1ed3 Ch\u00ed Minh) ho\u1eb7c n\u1ed9p \u0111\u01a1n tr\u1ef1c ti\u1ebfp (tr\u1ef1c ti\u1ebfp) t\u1ea1i v\u0103n ph\u00f2ng c\u1ee7a ch\u00fang t\u00f4i (h\u1ed9 chi\u1ebfu s\u1ebd c\u00f3 sau 3\u20135 tu\u1ea7n; thanh to\u00e1n khi n\u1ed9p \u0111\u01a1n). V\u1edbi c\u1ea3 hai ph\u01b0\u01a1ng ph\u00e1p, b\u1ea1n \u0111\u1ec1u c\u00f3 th\u1ec3 xin h\u1ed9 chi\u1ebfu m\u1edbi t\u1ea1i T\u1ed5ng l\u00e3nh s\u1ef1 qu\u00e1n.<\/p>\n<p>I. \u0110\u1ec2 GIA H\u1ea0N H\u1ed8 CHI\u1ebeU TR\u1ef0C TUY\u1ebeN<br \/>\nB\u1ea1n c\u00f3 th\u1ec3 truy c\u1eadp tr\u1ef1c tuy\u1ebfn t\u1ea1i https:\/\/eservices.ica.gov.sg\/esvclandingpage\/apples. B\u1ea1n s\u1ebd c\u1ea7n SingPass 2FA \u0111\u1ec3 ho\u00e0n t\u1ea5t bi\u1ec3u m\u1eabu \u0111\u0103ng k\u00fd tr\u1ef1c tuy\u1ebfn. Ph\u00ed 80 S$ c\u00f3 th\u1ec3 thanh to\u00e1n tr\u1ef1c tuy\u1ebfn qua Visa\/Mastercard.<\/p>\n<p>II. \u0110\u1ec3 gia h\u1ea1n h\u1ed9 chi\u1ebfu t\u1ea1i T\u1ed5ng l\u00e3nh s\u1ef1 qu\u00e1n Singapore t\u1ea1i Th\u00e0nh ph\u1ed1 H\u1ed3 Ch\u00ed Minh:<\/p>\n<p>1. Gi\u1ea5y t\u1edd c\u1ea7n thi\u1ebft:<\/p>\n<p>M\u1ed9t. M\u1eabu \u0111\u01a1n xin vi\u1ec7c (M\u1eabu IMME 11)<\/p>\n<p>https:\/\/www.ica.gov.sg\/docs\/default-source\/ica\/forms\/forms_form_imme_11_os.pdf<\/p>\n<p>b. M\u1ed9t b\u1ee9c \u1ea3nh c\u1ee1 h\u1ed9 chi\u1ebfu, n\u1ec1n tr\u1eafng, ch\u1ee5p trong v\u00f2ng 3 th\u00e1ng g\u1ea7n \u0111\u00e2y, m\u1edd ho\u1eb7c b\u00e1n m\u1edd;<\/p>\n<p>c. B\u1ea3n sao v\u00e0 b\u1ea3n g\u1ed1c h\u1ed9 chi\u1ebfu hi\u1ec7n t\u1ea1i c\u1ee7a ng\u01b0\u1eddi n\u1ed9p \u0111\u01a1n;<\/p>\n<p>d. B\u1ea3n sao v\u00e0 b\u1ea3n g\u1ed1c th\u1ebb t\u1ea1m tr\u00fa ho\u1eb7c gi\u1ea5y ph\u00e9p nh\u1eadp c\u1ea3nh mi\u1ec5n th\u1ecb th\u1ef1c c\u00f2n hi\u1ec7u l\u1ef1c v\u00e0o Vi\u1ec7t Nam c\u1ee7a ng\u01b0\u1eddi n\u1ed9p \u0111\u01a1n;<\/p>","protected":false},"excerpt":{"rendered":"<p>H\u1ed8 CHI\u1ebeU SINGAPORE<\/p>\n<p>T\u1ea5t c\u1ea3 h\u1ed9 chi\u1ebfu Singapore \u0111\u01b0\u1ee3c c\u1ea5p t\u1eeb ng\u00e0y 15 th\u00e1ng 8 n\u0103m 2006 \u0111\u1ec1u s\u1ebd \u0111\u01b0\u1ee3c c\u1ea5p b\u1eb1ng sinh tr\u1eafc h\u1ecdc (BioPass).<\/p>\n<p>Ng\u01b0\u1eddi d\u00e2n Singapore hi\u1ec7n \u0111ang s\u1edf h\u1eefu h\u1ed9 chi\u1ebfu kh\u00f4ng sinh tr\u1eafc h\u1ecdc, c\u00f3 th\u1ec3 \u0111\u1ecdc b\u1eb1ng m\u00e1y c\u00f3 th\u1ec3 n\u1ed9p \u0111\u01a1n xin BioPass m\u1edbi \u0111\u1ec3 \u0111\u01b0\u1ee3c mi\u1ec5n th\u1ecb th\u1ef1c nh\u1eadp c\u1ea3nh v\u00e0o Hoa K\u1ef3 (USA) theo Ch\u01b0\u01a1ng tr\u00ecnh mi\u1ec5n th\u1ecb th\u1ef1c Hoa K\u1ef3.<\/p>\n<p>B\u1ea1n c\u00f3 th\u1ec3 n\u1ed9p \u0111\u01a1n xin H\u1ed9 chi\u1ebfu qu\u1ed1c t\u1ebf Singapore (BioPass) b\u1eb1ng m\u1eabu \u0111\u01a1n (M\u1eabu IMM E11 (OS) v\u00e0 M\u1eabu P 28.3, li\u00ean k\u1ebft b\u00ean d\u01b0\u1edbi) ho\u1eb7c n\u1ed9p tr\u1ef1c tuy\u1ebfn t\u1ea1i https:\/\/eservices.ica.gov.sg\/esvclandingpage\/apples. Sau \u0111\u00f3, m\u1eabu \u0111\u01a1n \u0111\u00e3 \u0111i\u1ec1n \u0111\u1ea7y \u0111\u1ee7 c\u00f3 th\u1ec3 \u0111\u01b0\u1ee3c n\u1ed9p tr\u1ef1c ti\u1ebfp (ng\u01b0\u1eddi l\u1edbn) ho\u1eb7c th\u00f4ng qua ng\u01b0\u1eddi \u0111\u1ea1i di\u1ec7n \u0111\u01b0\u1ee3c \u1ee7y quy\u1ec1n \u0111\u1ebfn T\u1ed5ng L\u00e3nh s\u1ef1 qu\u00e1n.<\/p>\n<p>HI\u1ec6U L\u1ef0C<br \/>\nDer neue BioPass ist f\u00fcnf Jahre g\u00fcltig. Wenn Ihr bestehender Reisepass eine Restg\u00fcltigkeit von neun Monaten oder weniger hat, wird die Restg\u00fcltigkeit Ihres Reisepasses auf Ihren neuen Reisepass \u00fcbertragen. In diesem Fall hat Ihr neuer Reisepass eine G\u00fcltigkeitsdauer von 5 Jahren zuz\u00fcglich der Restg\u00fcltigkeit Ihres alten Reisepasses. Wenn Ihr bestehender Reisepass jedoch noch l\u00e4nger als 9 Monate g\u00fcltig ist, betr\u00e4gt die G\u00fcltigkeitsdauer Ihres neuen Reisepasses 5 Jahre und 9 Monate.<\/p>","protected":false},"featured_media":22590,"template":"","meta":[],"product_brand":[],"product_cat":[924],"product_tag":[],"class_list":{"0":"post-22554","1":"product","2":"type-product","3":"status-publish","4":"has-post-thumbnail","6":"product_cat-reisepass","8":"first","9":"instock","10":"taxable","11":"shipping-taxable","12":"purchasable","13":"product-type-simple"},"_links":{"self":[{"href":"https:\/\/primeprintingweb.com\/vi\/wp-json\/wp\/v2\/product\/22554","targetHints":{"allow":["GET"]}}],"collection":[{"href":"https:\/\/primeprintingweb.com\/vi\/wp-json\/wp\/v2\/product"}],"about":[{"href":"https:\/\/primeprintingweb.com\/vi\/wp-json\/wp\/v2\/types\/product"}],"version-history":[{"count":2,"href":"https:\/\/primeprintingweb.com\/vi\/wp-json\/wp\/v2\/product\/22554\/revisions"}],"predecessor-version":[{"id":22903,"href":"https:\/\/primeprintingweb.com\/vi\/wp-json\/wp\/v2\/product\/22554\/revisions\/22903"}],"wp:featuredmedia":[{"embeddable":true,"href":"https:\/\/primeprintingweb.com\/vi\/wp-json\/wp\/v2\/media\/22590"}],"wp:attachment":[{"href":"https:\/\/primeprintingweb.com\/vi\/wp-json\/wp\/v2\/media?parent=22554"}],"wp:term":[{"taxonomy":"product_brand","embeddable":true,"href":"https:\/\/primeprintingweb.com\/vi\/wp-json\/wp\/v2\/product_brand?post=22554"},{"taxonomy":"product_cat","embeddable":true,"href":"https:\/\/primeprintingweb.com\/vi\/wp-json\/wp\/v2\/product_cat?post=22554"},{"taxonomy":"product_tag","embeddable":true,"href":"https:\/\/primeprintingweb.com\/vi\/wp-json\/wp\/v2\/product_tag?post=22554"}],"curies":[{"name":"wp","href":"https:\/\/api.w.org\/{rel}","templated":true}]}}