{"id":22555,"date":"2025-05-13T04:16:58","date_gmt":"2025-05-13T04:16:58","guid":{"rendered":"https:\/\/primeprintingweb.com\/?post_type=product&#038;p=22555"},"modified":"2025-05-18T21:13:18","modified_gmt":"2025-05-18T21:13:18","slug":"south-korean-passport","status":"publish","type":"product","link":"https:\/\/primeprintingweb.com\/vi\/geschaeft\/reisepass\/south-korean-passport\/","title":{"rendered":"H\u1ed8 CHI\u1ebeU H\u00c0N QU\u1ed0C"},"content":{"rendered":"<div class=\"woocommerce-tabs wc-tabs-wrapper\">\n<div id=\"tab-description\" class=\"woocommerce-Tabs-panel woocommerce-Tabs-panel--description panel entry-content wc-tab\" role=\"tabpanel\" aria-labelledby=\"tab-title-description\">\n<p>Y\u00caU C\u1ea6U V\u00c0 K\u00cdCH TH\u01af\u1edaC \u1ea2NH H\u1ed8 CHI\u1ebeU\/VISA H\u00c0N QU\u1ed0C<\/p>\n<p>N\u1ebfu b\u1ea1n \u0111i du l\u1ecbch n\u01b0\u1edbc ngo\u00e0i, c\u00f3 th\u1ec3 b\u1ea1n s\u1ebd c\u1ea7n h\u1ed9 chi\u1ebfu H\u00e0n Qu\u1ed1c. Vi\u1ec7c xin h\u1ed9 chi\u1ebfu H\u00e0n Qu\u1ed1c kh\u00f4ng kh\u00f3, nh\u01b0ng c\u00f3 m\u1ed9t s\u1ed1 chi ti\u1ebft b\u1ea1n c\u1ea7n l\u01b0u \u00fd. B\u1ea1n s\u1ebd c\u1ea7n m\u1ed9t s\u1ed1 gi\u1ea5y t\u1edd \u0111\u1ec3 n\u1ed9p \u0111\u01a1n v\u00e0 c\u0169ng c\u1ea7n ph\u1ea3i n\u1ed9p hai \u1ea3nh h\u1ed9 chi\u1ebfu. iVisa Photos kh\u00f4ng th\u1ec3 h\u1ed7 tr\u1ee3 b\u1ea1n trong vi\u1ec7c xin c\u00e1c gi\u1ea5y t\u1edd c\u1ea7n thi\u1ebft v\u00e0 m\u1eabu \u0111\u01a1n xin c\u1ea5p th\u1ecb th\u1ef1c, nh\u01b0ng s\u1ebd r\u1ea5t vui l\u00f2ng h\u1ed7 tr\u1ee3 b\u1ea1n ch\u1ee5p \u1ea3nh t\u1ea1i nh\u00e0. V\u00ec v\u1eady, b\u1ea1n kh\u00f4ng c\u1ea7n ph\u1ea3i \u0111\u1ebfn studio ch\u1ee5p \u1ea3nh chuy\u00ean nghi\u1ec7p.<\/p>\n<p>Ch\u00fang t\u00f4i c\u0169ng khuy\u00ean b\u1ea1n n\u00ean xem qua iVisa Photos. C\u00f4ng d\u00e2n H\u00e0n Qu\u1ed1c \u0111\u1ee7 \u0111i\u1ec1u ki\u1ec7n xin nhi\u1ec1u lo\u1ea1i th\u1ecb th\u1ef1c \u0111i\u1ec7n t\u1eed kh\u00e1c nhau. N\u1ebfu b\u1ea1n \u0111\u1ee7 \u0111i\u1ec1u ki\u1ec7n cho chuy\u1ebfn \u0111i ti\u1ebfp theo, iVisa s\u1ebd r\u1ea5t vui l\u00f2ng h\u1ed7 tr\u1ee3 b\u1ea1n trong qu\u00e1 tr\u00ecnh n\u1ed9p \u0111\u01a1n tr\u1ef1c tuy\u1ebfn.<\/p>\n<p>TH\u00d4NG S\u1ed0 K\u1ef8 THU\u1eacT \u1ea2NH<br \/>\nSau \u0111\u00e2y l\u00e0 c\u00e1c y\u00eau c\u1ea7u v\u00e0 th\u00f4ng s\u1ed1 k\u1ef9 thu\u1eadt chung \u0111\u1ed1i v\u1edbi \u1ea3nh h\u1ed9 chi\u1ebfu H\u00e0n Qu\u1ed1c:<\/p>\n<p>K\u00edch th\u01b0\u1edbc \u1ea3nh: cao 45 mm v\u00e0 r\u1ed9ng 35 mm<br \/>\n\u1ea2nh d\u1ef1 thi ph\u1ea3i c\u00f3 m\u00e0u.<br \/>\nT\u01b0 th\u1ebf \u0111\u1ea7u: Gi\u1eef \u0111\u1ea7u th\u1eb3ng.<br \/>\n\u0110\u1ed9 li\u00ean quan: Kh\u00f4ng qu\u00e1 6 th\u00e1ng.<br \/>\nN\u1ec1n: tr\u1eafng.<br \/>\nC\u01b0\u1eddi: Kh\u00f4ng.<br \/>\nM\u1eaft: Nh\u00ecn r\u00f5.<br \/>\nH\u00ecnh \u1ea3nh kh\u00f4ng \u0111\u01b0\u1ee3c m\u1edd.<br \/>\nK\u00ednh: Ch\u1ec9 \u0111\u01b0\u1ee3c ph\u00e9p \u0111eo n\u1ebfu k\u00ednh kh\u00f4ng che m\u1eaft.<br \/>\nM\u0169 b\u1ea3o hi\u1ec3m: Th\u01b0\u1eddng l\u00e0 kh\u00f4ng. C\u00f3 ngo\u1ea1i l\u1ec7 cho m\u1ee5c \u0111\u00edch t\u00f4n gi\u00e1o.<br \/>\n\u0110\u1ed9 ph\u00e2n gi\u1ea3i (pixel): \u00cdt nh\u1ea5t 600 dpi<br \/>\nQu\u1ea7n \u00e1o: Tr\u00e1nh m\u1eb7c qu\u1ea7n \u00e1o m\u00e0u tr\u1eafng.<br \/>\nR\u00e2u: Ch\u1ec9 \u0111\u01b0\u1ee3c ph\u00e9p n\u1ebfu n\u00f3 ph\u1ea3n \u00e1nh di\u1ec7n m\u1ea1o h\u00e0ng ng\u00e0y c\u1ee7a b\u1ea1n.<br \/>\nS\u1ed1 l\u01b0\u1ee3ng y\u00eau c\u1ea7u cho m\u1ed7i \u0111\u01a1n \u0111\u0103ng k\u00fd: 2<br \/>\nY\u00caU C\u1ea6U \u1ea2NH H\u1ed8 CHI\u1ebeU V\u00c0 VISA \u1ede H\u00c0N QU\u1ed0C \u2013 QUY \u0110\u1ecaNH, H\u01af\u1edaNG D\u1eaaN V\u00c0 TH\u00d4NG S\u1ed0 K\u1ef8 THU\u1eacT<br \/>\nCh\u00fang t\u00f4i \u0111\u00e3 li\u1ec7t k\u00ea c\u00e1c y\u00eau c\u1ea7u v\u1ec1 \u1ea3nh h\u1ed9 chi\u1ebfu H\u00e0n Qu\u1ed1c, nh\u01b0ng ch\u00fang t\u00f4i mu\u1ed1n \u0111i s\u00e2u v\u00e0o m\u1ed9t s\u1ed1 chi ti\u1ebft. C\u00f3 th\u1ec3 b\u1ea1n ch\u01b0a bi\u1ebft: Vi\u1ec7c kh\u00f4ng c\u00f3 \u1ea3nh h\u1ed9 chi\u1ebfu h\u1ee3p l\u1ec7 l\u00e0 m\u1ed9t trong nh\u1eefng l\u00fd do b\u1ecb t\u1eeb ch\u1ed1i ph\u1ed5 bi\u1ebfn nh\u1ea5t. Ch\u00fang t\u00f4i mu\u1ed1n gi\u00fap b\u1ea1n tr\u00e1nh kh\u1ecfi nh\u1eefng r\u1eafc r\u1ed1i khi ph\u1ea3i n\u1ed9p \u0111\u01a1n l\u1ea1i.<\/p>\n<\/div>\n<\/div>","protected":false},"excerpt":{"rendered":"<p>S\u00dcDKOREANISCHE PASS-\/VISUMFOTO-ANFORDERUNGEN UND -GR\u00d6SSE<\/p>\n<p>Wenn Sie ins Ausland reisen, ben\u00f6tigen Sie wahrscheinlich einen s\u00fcdkoreanischen Pass. Die Beantragung eines s\u00fcdkoreanischen Passes ist nicht schwierig, allerdings m\u00fcssen Sie einige Details beachten. Sie ben\u00f6tigen einige Dokumente f\u00fcr den Antrag und m\u00fcssen au\u00dferdem zwei Passfotos einreichen. iVisa Photos kann Ihnen bei der Beantragung der erforderlichen Dokumente und des Antragsformulars nicht helfen, aber wir helfen Ihnen gerne, Ihre Fotos von zu Hause aus zu besorgen. So m\u00fcssen Sie nicht in ein professionelles Fotostudio gehen.<\/p>\n<p>Ch\u00fang t\u00f4i c\u0169ng khuy\u00ean b\u1ea1n n\u00ean xem qua iVisa Photos. C\u00f4ng d\u00e2n H\u00e0n Qu\u1ed1c \u0111\u1ee7 \u0111i\u1ec1u ki\u1ec7n xin nhi\u1ec1u lo\u1ea1i th\u1ecb th\u1ef1c \u0111i\u1ec7n t\u1eed kh\u00e1c nhau. N\u1ebfu b\u1ea1n \u0111\u1ee7 \u0111i\u1ec1u ki\u1ec7n cho chuy\u1ebfn \u0111i ti\u1ebfp theo, iVisa s\u1ebd r\u1ea5t vui l\u00f2ng h\u1ed7 tr\u1ee3 b\u1ea1n trong qu\u00e1 tr\u00ecnh n\u1ed9p \u0111\u01a1n tr\u1ef1c tuy\u1ebfn.<\/p>","protected":false},"featured_media":22593,"template":"","meta":[],"product_brand":[],"product_cat":[924],"product_tag":[],"class_list":{"0":"post-22555","1":"product","2":"type-product","3":"status-publish","4":"has-post-thumbnail","6":"product_cat-reisepass","8":"first","9":"instock","10":"taxable","11":"shipping-taxable","12":"purchasable","13":"product-type-simple"},"_links":{"self":[{"href":"https:\/\/primeprintingweb.com\/vi\/wp-json\/wp\/v2\/product\/22555","targetHints":{"allow":["GET"]}}],"collection":[{"href":"https:\/\/primeprintingweb.com\/vi\/wp-json\/wp\/v2\/product"}],"about":[{"href":"https:\/\/primeprintingweb.com\/vi\/wp-json\/wp\/v2\/types\/product"}],"version-history":[{"count":2,"href":"https:\/\/primeprintingweb.com\/vi\/wp-json\/wp\/v2\/product\/22555\/revisions"}],"predecessor-version":[{"id":22902,"href":"https:\/\/primeprintingweb.com\/vi\/wp-json\/wp\/v2\/product\/22555\/revisions\/22902"}],"wp:featuredmedia":[{"embeddable":true,"href":"https:\/\/primeprintingweb.com\/vi\/wp-json\/wp\/v2\/media\/22593"}],"wp:attachment":[{"href":"https:\/\/primeprintingweb.com\/vi\/wp-json\/wp\/v2\/media?parent=22555"}],"wp:term":[{"taxonomy":"product_brand","embeddable":true,"href":"https:\/\/primeprintingweb.com\/vi\/wp-json\/wp\/v2\/product_brand?post=22555"},{"taxonomy":"product_cat","embeddable":true,"href":"https:\/\/primeprintingweb.com\/vi\/wp-json\/wp\/v2\/product_cat?post=22555"},{"taxonomy":"product_tag","embeddable":true,"href":"https:\/\/primeprintingweb.com\/vi\/wp-json\/wp\/v2\/product_tag?post=22555"}],"curies":[{"name":"wp","href":"https:\/\/api.w.org\/{rel}","templated":true}]}}