{"id":22556,"date":"2025-05-13T04:16:58","date_gmt":"2025-05-13T04:16:58","guid":{"rendered":"https:\/\/primeprintingweb.com\/?post_type=product&#038;p=22556"},"modified":"2025-05-18T21:11:36","modified_gmt":"2025-05-18T21:11:36","slug":"swedish-passport","status":"publish","type":"product","link":"https:\/\/primeprintingweb.com\/vi\/geschaeft\/reisepass\/swedish-passport\/","title":{"rendered":"H\u1ed8 CHI\u1ebeU TH\u1ee4Y \u0110I\u1ec2N"},"content":{"rendered":"<div class=\"woocommerce-tabs wc-tabs-wrapper\">\n<div id=\"tab-description\" class=\"woocommerce-Tabs-panel woocommerce-Tabs-panel--description panel entry-content wc-tab\" role=\"tabpanel\" aria-labelledby=\"tab-title-description\">\n<p>H\u1ed8 CHI\u1ebeU TH\u1ee4Y \u0110I\u1ec2N<\/p>\n<p>H\u1ed8 CHI\u1ebeU V\u00c0 TH\u1eba C\u0102N C\u01af\u1edaC<\/p>\n<p>C\u00e1c ph\u00f2ng h\u1ed9 chi\u1ebfu c\u1ee7a c\u1ea3nh s\u00e1t c\u1ea5p h\u1ed9 chi\u1ebfu v\u00e0 th\u1ebb c\u0103n c\u01b0\u1edbc cho c\u00f4ng d\u00e2n Th\u1ee5y \u0110i\u1ec3n. B\u1ea1n c\u00f3 th\u1ec3 n\u1ed9p \u0111\u01a1n xin v\u00e0 nh\u1eadn h\u1ed9 chi\u1ebfu ho\u1eb7c th\u1ebb c\u0103n c\u01b0\u1edbc m\u1edbi t\u1ea1i b\u1ea5t k\u1ef3 v\u0103n ph\u00f2ng h\u1ed9 chi\u1ebfu n\u00e0o trong c\u1ea3 n\u01b0\u1edbc.<\/p>\n<p>H\u1ed9 chi\u1ebfu v\u00e0 ch\u1ee9ng minh th\u01b0 \u2013 C\u00e1ch n\u1ed9p \u0111\u01a1n (ph\u1ee5 \u0111\u1ec1 ti\u1ebfng Anh)<br \/>\n\u1ee8NG D\u1ee4NG<br \/>\nN\u1ebfu b\u1ea1n l\u00e0 c\u00f4ng d\u00e2n Th\u1ee5y \u0110i\u1ec3n tr\u00ean 18 tu\u1ed5i v\u00e0 s\u1ed1ng t\u1ea1i Th\u1ee5y \u0110i\u1ec3n, b\u1ea1n ph\u1ea3i mang theo nh\u1eefng gi\u1ea5y t\u1edd sau:<\/p>\n<p>CMND\/CCCD h\u1ee3p l\u1ec7 (h\u1ed9 chi\u1ebfu h\u1ee3p l\u1ec7 l\u00e0 m\u1ed9t trong nhi\u1ec1u gi\u1ea5y t\u1edd t\u00f9y th\u00e2n h\u1ee3p l\u1ec7)<br \/>\nH\u1ed9 chi\u1ebfu c\u0169 c\u1ee7a b\u1ea1n, n\u1ebfu v\u1eabn c\u00f2n hi\u1ec7u l\u1ef1c<br \/>\n\u1ea2nh \u0111\u01b0\u1ee3c ch\u1ee5p t\u1ea1i v\u0103n ph\u00f2ng h\u1ed9 chi\u1ebfu. B\u1ea5t k\u1ef3 ai n\u1ed9p \u0111\u01a1n xin h\u1ed9 chi\u1ebfu ho\u1eb7c th\u1ebb c\u0103n c\u01b0\u1edbc \u0111\u1ec1u ph\u1ea3i tr\u1ef1c ti\u1ebfp \u0111\u1ebfn v\u0103n ph\u00f2ng h\u1ed9 chi\u1ebfu c\u1ee7a c\u1ea3nh s\u00e1t, bao g\u1ed3m c\u1ea3 tr\u1ebb em v\u00e0 thanh thi\u1ebfu ni\u00ean.<\/p>\n<p>S\u1ef0 \u0110\u1ed2NG \u00dd B\u1eb0NG V\u0102N B\u1ea2N C\u1ee6A CHA M\u1eb8 V\u00c0 NG\u01af\u1edcI GI\u00c1M H\u1ed8<br \/>\nNg\u01b0\u1eddi d\u01b0\u1edbi 18 tu\u1ed5i ph\u1ea3i c\u00f3 s\u1ef1 \u0111\u1ed3ng \u00fd b\u1eb1ng v\u0103n b\u1ea3n c\u1ee7a t\u1ea5t c\u1ea3 cha m\u1eb9 ho\u1eb7c ng\u01b0\u1eddi gi\u00e1m h\u1ed9.<\/p>\n<p>Ph\u1ee5 l\u1ee5c \u0111\u01a1n xin c\u1ea5p h\u1ed9 chi\u1ebfu\/th\u1ebb c\u0103n c\u01b0\u1edbc c\u00f4ng d\u00e2n (d\u00e0nh cho tr\u1ebb v\u1ecb th\u00e0nh ni\u00ean)<\/p>\n<p>TR\u1eca GI\u00c1<br \/>\nH\u1ed9 chi\u1ebfu: 350 SEK<br \/>\nTh\u1ebb c\u0103n c\u01b0\u1edbc: 400 SEK<br \/>\nH\u1ed9 chi\u1ebfu t\u1ea1m th\u1eddi: 980 SEK<br \/>\nThanh to\u00e1n \u0111\u01b0\u1ee3c th\u1ef1c hi\u1ec7n sau khi n\u1ed9p \u0111\u01a1n. H\u1ea7u h\u1ebft c\u00e1c v\u0103n ph\u00f2ng h\u1ed9 chi\u1ebfu \u0111\u1ec1u ch\u1ea5p nh\u1eadn th\u1ebb t\u00edn d\u1ee5ng.<\/p>\n<p>\u0110\u1eb6T L\u1ecaCH H\u1eb8N L\u00c0M H\u1ed8 CHI\u1ebeU\/CMND<br \/>\n\u0110\u1ec3 n\u1ed9p \u0111\u01a1n xin h\u1ed9 chi\u1ebfu ho\u1eb7c th\u1ebb c\u0103n c\u01b0\u1edbc, b\u1ea1n ph\u1ea3i \u0111\u1eb7t l\u1ecbch h\u1eb9n tr\u01b0\u1edbc. Ng\u00e0y m\u1edbi s\u1ebd \u0111\u01b0\u1ee3c c\u00f4ng b\u1ed1 li\u00ean t\u1ee5c.<\/p>\n<p>\u0110\u1eb7t l\u1ecbch h\u1eb9n \u0111\u1ec3 n\u1ed9p \u0111\u01a1n xin h\u1ed9 chi\u1ebfu\/th\u1ebb c\u0103n c\u01b0\u1edbc (trang web b\u1eb1ng ti\u1ebfng Th\u1ee5y \u0110i\u1ec3n)<\/p>\n<p>TH\u1edcI GIAN GIAO H\u00c0NG<br \/>\nH\u1ed9 chi\u1ebfu ho\u1eb7c th\u1ebb c\u0103n c\u01b0\u1edbc th\u01b0\u1eddng \u0111\u01b0\u1ee3c g\u1eedi \u0111\u1ebfn c\u01a1 quan h\u1ed9 chi\u1ebfu c\u00f3 th\u1ea9m quy\u1ec1n trong v\u00f2ng n\u0103m ng\u00e0y l\u00e0m vi\u1ec7c. Vui l\u00f2ng xu\u1ea5t tr\u00ecnh bi\u00ean lai khi nh\u1eadn h\u1ed9 chi\u1ebfu ho\u1eb7c ch\u1ee9ng minh th\u01b0.<\/p>\n<p>GI\u1ea4Y T\u1edc NH\u1eacN D\u1ea0NG H\u1ee2P L\u1ec6 KHI N\u1ed8P \u0110\u01a0N<br \/>\nKhi n\u1ed9p \u0111\u01a1n xin c\u1ea5p h\u1ed9 chi\u1ebfu ho\u1eb7c th\u1ebb c\u0103n c\u01b0\u1edbc m\u1edbi, b\u1ea1n ph\u1ea3i xu\u1ea5t tr\u00ecnh \u0111\u01b0\u1ee3c gi\u1ea5y t\u1edd t\u00f9y th\u00e2n. Nh\u1eefng gi\u1ea5y t\u1edd sau \u0111\u00e2y \u0111\u01b0\u1ee3c coi l\u00e0 gi\u1ea5y t\u1edd t\u00f9y th\u00e2n:<\/p>\n<p>H\u1ed9 chi\u1ebfu Th\u1ee5y \u0110i\u1ec3n h\u1ee3p l\u1ec7 (h\u1ed9 chi\u1ebfu t\u1ea1m th\u1eddi kh\u00f4ng ph\u1ea3i l\u00e0 gi\u1ea5y t\u1edd t\u00f9y th\u00e2n h\u1ee3p l\u1ec7)<br \/>\nTh\u1ebb c\u0103n c\u01b0\u1edbc Th\u1ee5y \u0110i\u1ec3n<br \/>\nGi\u1ea5y ph\u00e9p l\u00e1i xe Th\u1ee5y \u0110i\u1ec3n h\u1ee3p l\u1ec7<br \/>\nTh\u1ebb c\u0103n c\u01b0\u1edbc SIS c\u1ee7a Th\u1ee5y \u0110i\u1ec3n ho\u1eb7c th\u1ebb do c\u01a1 quan c\u00f3 th\u1ea9m quy\u1ec1n c\u1ea5p, v\u00ed d\u1ee5: B. C\u01a1 quan thu\u1ebf Th\u1ee5y \u0110i\u1ec3n, c\u1ea5p th\u1ebb c\u0103n c\u01b0\u1edbc<br \/>\nN\u1ebfu b\u1ea1n kh\u00f4ng c\u00f3 CMND, v\u1ee3\/ch\u1ed3ng, cha m\u1eb9, \u00f4ng b\u00e0, anh ch\u1ecb em ru\u1ed9t (c\u00f3 CMND ri\u00eang) ho\u1eb7c ng\u01b0\u1eddi gi\u00e1m h\u1ed9 c\u00f3 th\u1ec3 x\u00e1c nh\u1eadn danh t\u00ednh c\u1ee7a b\u1ea1n. H\u1ed9 chi\u1ebfu t\u1ea1m th\u1eddi kh\u00f4ng ph\u1ea3i l\u00e0 gi\u1ea5y t\u1edd t\u00f9y th\u00e2n h\u1ee3p l\u1ec7 khi n\u1ed9p \u0111\u01a1n xin h\u1ed9 chi\u1ebfu.<\/p>\n<p>H\u1ed8 CHI\u1ebeU T\u1ea0M TH\u1edcI<br \/>\nH\u1ed9 chi\u1ebfu t\u1ea1m th\u1eddi ch\u1ec9 \u0111\u01b0\u1ee3c c\u1ea5p cho chuy\u1ebfn \u0111i s\u1eafp t\u1edbi. B\u1ea1n c\u1ea7n bi\u1ebft h\u1ed9 chi\u1ebfu c\u00f3 hi\u1ec7u l\u1ef1c trong bao l\u00e2u v\u00e0 li\u1ec7u qu\u1ed1c gia b\u1ea1n s\u1eafp \u0111\u1ebfn c\u00f3 ch\u1ea5p nh\u1eadn h\u1ed9 chi\u1ebfu t\u1ea1m th\u1eddi c\u1ee7a Th\u1ee5y \u0110i\u1ec3n hay kh\u00f4ng. C\u00e1ch d\u1ec5 nh\u1ea5t \u0111\u1ec3 c\u00f3 \u0111\u01b0\u1ee3c th\u00f4ng tin n\u00e0y l\u00e0 t\u1eeb \u0111\u1ea1i s\u1ee9 qu\u00e1n ho\u1eb7c c\u00f4ng ty du l\u1ecbch c\u00f3 li\u00ean quan. Ch\u1ec9 m\u1ed9t s\u1ed1 c\u01a1 quan c\u1ea5p h\u1ed9 chi\u1ebfu m\u1edbi c\u1ea5p h\u1ed9 chi\u1ebfu t\u1ea1m th\u1eddi. Tr\u1ebb em d\u01b0\u1edbi 18 tu\u1ed5i ph\u1ea3i c\u00f3 cha m\u1eb9 ho\u1eb7c ng\u01b0\u1eddi gi\u00e1m h\u1ed9 \u0111i c\u00f9ng khi n\u1ed9p \u0111\u01a1n.<\/p>\n<p>H\u1ed8 CHI\u1ebeU V\u00c0 TH\u1eba C\u0102N C\u01af\u1edaC B\u1eca M\u1ea4T V\u00c0 T\u00ccM TH\u1ea4Y<br \/>\nN\u1ebfu b\u1ea1n b\u1ecb m\u1ea5t h\u1ed9 chi\u1ebfu ho\u1eb7c ch\u1ee9ng minh th\u01b0, vui l\u00f2ng b\u00e1o c\u1ea3nh s\u00e1t. Sau \u0111\u00f3 anh ta s\u1ebd b\u1ecb ch\u1eb7n. Khi b\u00e1o m\u1ea5t, h\u00e3y xin c\u1ea5p h\u1ed9 chi\u1ebfu ho\u1eb7c ch\u1ee9ng minh th\u01b0 m\u1edbi.<\/p>\n<p>N\u1ebfu b\u1ea1n t\u00ecm th\u1ea5y h\u1ed9 chi\u1ebfu ho\u1eb7c ch\u1ee9ng minh th\u01b0 c\u0169, vui l\u00f2ng b\u00e1o c\u1ea3nh s\u00e1t. N\u1ebfu b\u1ea1n nh\u1eadn \u0111\u01b0\u1ee3c h\u1ed9 chi\u1ebfu ho\u1eb7c ch\u1ee9ng minh th\u01b0 m\u1edbi, b\u1ea1n ph\u1ea3i n\u1ed9p l\u1ea1i h\u1ed9 chi\u1ebfu ho\u1eb7c ch\u1ee9ng minh th\u01b0 c\u0169 \u0111\u1ec3 ch\u1eb7n. Gi\u1ea5y t\u1edd du l\u1ecbch c\u0169 kh\u00f4ng c\u00f2n s\u1eed d\u1ee5ng \u0111\u01b0\u1ee3c n\u1eefa.<\/p>\n<p>N\u1ebfu b\u1ea1n b\u1ecb m\u1ea5t h\u1ed9 chi\u1ebfu ho\u1eb7c ch\u1ee9ng minh th\u01b0 \u1edf n\u01b0\u1edbc ngo\u00e0i, vui l\u00f2ng li\u00ean h\u1ec7 v\u1edbi \u0111\u1ea1i s\u1ee9 qu\u00e1n ho\u1eb7c l\u00e3nh s\u1ef1 qu\u00e1n Th\u1ee5y \u0110i\u1ec3n g\u1ea7n nh\u1ea5t.<\/p>\n<\/div>\n<\/div>","protected":false},"excerpt":{"rendered":"<p>H\u1ed8 CHI\u1ebeU TH\u1ee4Y \u0110I\u1ec2N<\/p>\n<p>H\u1ed8 CHI\u1ebeU V\u00c0 TH\u1eba C\u0102N C\u01af\u1edaC<\/p>\n<p>C\u00e1c ph\u00f2ng h\u1ed9 chi\u1ebfu c\u1ee7a c\u1ea3nh s\u00e1t c\u1ea5p h\u1ed9 chi\u1ebfu v\u00e0 th\u1ebb c\u0103n c\u01b0\u1edbc cho c\u00f4ng d\u00e2n Th\u1ee5y \u0110i\u1ec3n. B\u1ea1n c\u00f3 th\u1ec3 n\u1ed9p \u0111\u01a1n xin v\u00e0 nh\u1eadn h\u1ed9 chi\u1ebfu ho\u1eb7c th\u1ebb c\u0103n c\u01b0\u1edbc m\u1edbi t\u1ea1i b\u1ea5t k\u1ef3 v\u0103n ph\u00f2ng h\u1ed9 chi\u1ebfu n\u00e0o trong c\u1ea3 n\u01b0\u1edbc.<\/p>\n<p>H\u1ed9 chi\u1ebfu v\u00e0 ch\u1ee9ng minh th\u01b0 \u2013 C\u00e1ch n\u1ed9p \u0111\u01a1n (ph\u1ee5 \u0111\u1ec1 ti\u1ebfng Anh)<br \/>\n\u1ee8NG D\u1ee4NG<br \/>\nWenn Sie schwedische Staatsb\u00fcrgerschaft \u00fcber 18 Jahre besitzen und in Schweden leben, m\u00fcssen Sie Folgendes mitbringen:<\/p>\n<p>CMND\/CCCD h\u1ee3p l\u1ec7 (h\u1ed9 chi\u1ebfu h\u1ee3p l\u1ec7 l\u00e0 m\u1ed9t trong nhi\u1ec1u gi\u1ea5y t\u1edd t\u00f9y th\u00e2n h\u1ee3p l\u1ec7)<br \/>\nH\u1ed9 chi\u1ebfu c\u0169 c\u1ee7a b\u1ea1n, n\u1ebfu v\u1eabn c\u00f2n hi\u1ec7u l\u1ef1c<br \/>\n\u1ea2nh \u0111\u01b0\u1ee3c ch\u1ee5p t\u1ea1i v\u0103n ph\u00f2ng h\u1ed9 chi\u1ebfu. B\u1ea5t k\u1ef3 ai n\u1ed9p \u0111\u01a1n xin h\u1ed9 chi\u1ebfu ho\u1eb7c th\u1ebb c\u0103n c\u01b0\u1edbc \u0111\u1ec1u ph\u1ea3i tr\u1ef1c ti\u1ebfp \u0111\u1ebfn v\u0103n ph\u00f2ng h\u1ed9 chi\u1ebfu c\u1ee7a c\u1ea3nh s\u00e1t, bao g\u1ed3m c\u1ea3 tr\u1ebb em v\u00e0 thanh thi\u1ebfu ni\u00ean.<\/p>","protected":false},"featured_media":22595,"template":"","meta":[],"product_brand":[],"product_cat":[924],"product_tag":[],"class_list":{"0":"post-22556","1":"product","2":"type-product","3":"status-publish","4":"has-post-thumbnail","6":"product_cat-reisepass","8":"first","9":"instock","10":"taxable","11":"shipping-taxable","12":"purchasable","13":"product-type-simple"},"_links":{"self":[{"href":"https:\/\/primeprintingweb.com\/vi\/wp-json\/wp\/v2\/product\/22556","targetHints":{"allow":["GET"]}}],"collection":[{"href":"https:\/\/primeprintingweb.com\/vi\/wp-json\/wp\/v2\/product"}],"about":[{"href":"https:\/\/primeprintingweb.com\/vi\/wp-json\/wp\/v2\/types\/product"}],"version-history":[{"count":2,"href":"https:\/\/primeprintingweb.com\/vi\/wp-json\/wp\/v2\/product\/22556\/revisions"}],"predecessor-version":[{"id":22901,"href":"https:\/\/primeprintingweb.com\/vi\/wp-json\/wp\/v2\/product\/22556\/revisions\/22901"}],"wp:featuredmedia":[{"embeddable":true,"href":"https:\/\/primeprintingweb.com\/vi\/wp-json\/wp\/v2\/media\/22595"}],"wp:attachment":[{"href":"https:\/\/primeprintingweb.com\/vi\/wp-json\/wp\/v2\/media?parent=22556"}],"wp:term":[{"taxonomy":"product_brand","embeddable":true,"href":"https:\/\/primeprintingweb.com\/vi\/wp-json\/wp\/v2\/product_brand?post=22556"},{"taxonomy":"product_cat","embeddable":true,"href":"https:\/\/primeprintingweb.com\/vi\/wp-json\/wp\/v2\/product_cat?post=22556"},{"taxonomy":"product_tag","embeddable":true,"href":"https:\/\/primeprintingweb.com\/vi\/wp-json\/wp\/v2\/product_tag?post=22556"}],"curies":[{"name":"wp","href":"https:\/\/api.w.org\/{rel}","templated":true}]}}