{"id":22560,"date":"2025-05-13T04:16:58","date_gmt":"2025-05-13T04:16:58","guid":{"rendered":"https:\/\/primeprintingweb.com\/?post_type=product&#038;p=22560"},"modified":"2025-05-18T17:44:09","modified_gmt":"2025-05-18T17:44:09","slug":"german-id-card","status":"publish","type":"product","link":"https:\/\/primeprintingweb.com\/vi\/geschaeft\/personalausweis\/german-id-card\/","title":{"rendered":"TH\u1eba C\u0102N C\u01af\u1edaC \u0110\u1ee8C"},"content":{"rendered":"<p>TH\u1eba C\u0102N C\u01af\u1edaC \u0110\u1ee8C D\u00c0NH CHO NG\u01af\u1edcI N\u1ed8P \u0110\u01a0N TR\u00caN 16 TU\u1ed4I<\/p>\n<p>Th\u1ebb c\u0103n c\u01b0\u1edbc \u0111i\u1ec7n t\u1eed<br \/>\nTh\u1ebb c\u0103n c\u01b0\u1edbc \u0111i\u1ec7n t\u1eed \u00a9 B\u1ed9 N\u1ed9i v\u1ee5 Li\u00ean bang<br \/>\nB\u1ea1n ch\u1ec9 c\u00f3 th\u1ec3 n\u1ed9p \u0111\u01a1n xin c\u1ea5p th\u1ebb c\u0103n c\u01b0\u1edbc \u0110\u1ee9c tr\u1ef1c ti\u1ebfp t\u1ea1i \u0111\u1ea1i s\u1ee9 qu\u00e1n ho\u1eb7c t\u1ed5ng l\u00e3nh s\u1ef1 qu\u00e1n ch\u1ecbu tr\u00e1ch nhi\u1ec7m t\u1ea1i qu\u1ed1c gia c\u1ee7a b\u1ea1n trong gi\u1edd l\u00e0m vi\u1ec7c sau khi \u0111\u1eb7t l\u1ecbch h\u1eb9n tr\u1ef1c tuy\u1ebfn. Th\u1ebb c\u0103n c\u01b0\u1edbc \u0110\u1ee9c \u0111\u01b0\u1ee3c in t\u1ea1i V\u0103n ph\u00f2ng In \u1ea5n Li\u00ean bang \u1edf Berlin. Th\u1eddi gian x\u1eed l\u00fd t\u1ed1i \u0111a l\u00e0 4\u20136 tu\u1ea7n. N\u1ebfu c\u1ea7n khai b\u00e1o t\u00ean (xem b\u00ean d\u01b0\u1edbi), th\u1eddi gian x\u1eed l\u00fd c\u00f3 th\u1ec3 thay \u0111\u1ed5i \u0111\u00e1ng k\u1ec3.<\/p>\n<p>Th\u1ebb c\u0103n c\u01b0\u1edbc \u0110\u1ee9c c\u00f3 gi\u00e1 tr\u1ecb trong 6 n\u0103m \u0111\u1ed1i v\u1edbi ng\u01b0\u1eddi n\u1ed9p \u0111\u01a1n d\u01b0\u1edbi 24 tu\u1ed5i v\u00e0 10 n\u0103m \u0111\u1ed1i v\u1edbi ng\u01b0\u1eddi n\u1ed9p \u0111\u01a1n l\u1edbn tu\u1ed5i h\u01a1n.<br \/>\nT\u1eeb 16 tu\u1ed5i tr\u1edf l\u00ean, b\u1ea1n c\u00f3 th\u1ec3 t\u1ef1 m\u00ecnh xin th\u1ebb c\u0103n c\u01b0\u1edbc \u0110\u1ee9c m\u00e0 kh\u00f4ng c\u1ea7n s\u1ef1 \u0111\u1ed3ng \u00fd c\u1ee7a cha m\u1eb9 ho\u1eb7c ng\u01b0\u1eddi gi\u00e1m h\u1ed9.<\/p>\n<p>T\u00c0I LI\u1ec6U Y\u00caU C\u1ea6U<br \/>\nH\u1ed3 s\u01a1 n\u1ed9p c\u1ea7n c\u00f3 c\u00e1c gi\u1ea5y t\u1edd sau (b\u1ea3n g\u1ed1c + 1 b\u1ea3n sao):<\/p>\n<p>M\u1eabu \u0111\u01a1n \u0111\u00e3 ho\u00e0n th\u00e0nh<br \/>\nM\u1eabu \u0111\u01a1n \u0111\u0103ng k\u00fd PDF \/ 694 KB<br \/>\nHai \u1ea3nh h\u1ed9 chi\u1ebfu sinh tr\u1eafc h\u1ecdc gi\u1ed1ng h\u1ec7t nhau (vui l\u00f2ng kh\u00f4ng t\u1ef1 c\u1eaft \u1ea3nh!)<br \/>\n\u1ea2nh m\u1eabu cho h\u1ed9 chi\u1ebfu PDF \/ 550 KB<br \/>\nGi\u1ea5y khai sinh c\u1ee7a b\u1ea1n n\u00eau r\u00f5 n\u01a1i sinh ch\u00ednh x\u00e1c (n\u1ebfu ch\u1ec9 ghi t\u00ean qu\u1eadn tr\u00ean gi\u1ea5y khai sinh t\u1ea1i Hoa K\u1ef3 th\u00ec kh\u00f4ng \u0111\u1ee7; b\u1ea1n c\u0169ng ph\u1ea3i n\u1ed9p &quot;Th\u01b0 ch\u1ee9ng nh\u1eadn sinh&quot; do b\u1ec7nh vi\u1ec7n c\u1ea5p c\u00f3 ghi r\u00f5 t\u00ean \u0111\u1ecba \u0111i\u1ec3m)<br \/>\n\u0110\u1ed1i v\u1edbi ng\u01b0\u1eddi \u0111\u00e3 k\u1ebft h\u00f4n, ly h\u00f4n ho\u1eb7c g\u00f3a b\u1ee5a: gi\u1ea5y ch\u1ee9ng nh\u1eadn k\u1ebft h\u00f4n, quy\u1ebft \u0111\u1ecbnh ly h\u00f4n ho\u1eb7c gi\u1ea5y ch\u1ee9ng t\u1eed c\u1ee7a v\u1ee3\/ch\u1ed3ng n\u1ebfu c\u00f3<br \/>\nH\u1ed9 chi\u1ebfu tr\u01b0\u1edbc \u0111\u00f3 (trang d\u1eef li\u1ec7u c\u00f3 \u1ea3nh) \/ ch\u1ee9ng minh th\u01b0 nh\u00e2n d\u00e2n<br \/>\nGi\u1ea5y ph\u00e9p c\u01b0 tr\u00fa h\u1ee3p l\u1ec7 t\u1ea1i Hoa K\u1ef3 (Th\u1ebb th\u01b0\u1eddng tr\u00fa nh\u00e2n Hoa K\u1ef3, Th\u1ecb th\u1ef1c c\u01b0 tr\u00fa Hoa K\u1ef3, H\u1ed9 chi\u1ebfu Hoa K\u1ef3, Gi\u1ea5y ch\u1ee9ng nh\u1eadn sinh \u1edf n\u01b0\u1edbc ngo\u00e0i t\u1ea1i Hoa K\u1ef3 ho\u1eb7c Gi\u1ea5y ch\u1ee9ng nh\u1eadn qu\u1ed1c t\u1ecbch Hoa K\u1ef3) Ng\u01b0\u1eddi s\u1edf h\u1eefu Th\u1ebb xanh kh\u00f4ng c\u00f3 ng\u00e0y h\u1ebft h\u1ea1n<br \/>\nN\u1ebfu h\u1ecd trong h\u1ed9 chi\u1ebfu ho\u1eb7c ch\u1ee9ng minh th\u01b0 tr\u01b0\u1edbc \u0111\u00e2y c\u1ee7a b\u1ea1n kh\u00f4ng tr\u00f9ng v\u1edbi h\u1ecd hi\u1ec7n t\u1ea1i, vui l\u00f2ng cung c\u1ea5p th\u00eam b\u1eb1ng ch\u1ee9ng v\u1ec1 vi\u1ec7c b\u1ea1n s\u1eed d\u1ee5ng t\u00ean \u0111\u00f3. C\u00f3 th\u1ec3 c\u1ea7n ph\u1ea3i khai b\u00e1o t\u00ean. Th\u00f4ng tin v\u1ec1 vi\u1ec7c khai b\u00e1o t\u00ean<br \/>\nn\u1ebfu c\u00f3, gi\u1ea5y ch\u1ee9ng nh\u1eadn hi\u1ec7u l\u1ef1c c\u1ee7a vi\u1ec7c khai b\u00e1o t\u00ean<br \/>\nn\u1ebfu c\u00f3 th\u1ec3, gi\u1ea5y ch\u1ee9ng nh\u1eadn nh\u1eadp t\u1ecbch \u0110\u1ee9c<br \/>\nn\u1ebfu c\u00f3 th\u1ec3, gi\u1ea5y ch\u1ee9ng nh\u1eadn nh\u1eadp t\u1ecbch Hoa K\u1ef3 c\u00f3 gi\u1ea5y ph\u00e9p l\u01b0u gi\u1eef<br \/>\nGi\u1ea5y ph\u00e9p l\u00e1i xe Hoa K\u1ef3 ho\u1eb7c h\u00f3a \u0111\u01a1n ti\u1ec1n \u0111i\u1ec7n\/kh\u00ed \u0111\u1ed1t \u0111\u01b0\u1ee3c c\u1ea5p theo t\u00ean b\u1ea1n l\u00e0m b\u1eb1ng ch\u1ee9ng c\u01b0 tr\u00fa<br \/>\nN\u1ebfu c\u00f3 th\u1ec3, gi\u1ea5y ch\u1ee9ng nh\u1eadn h\u1ee7y \u0111\u0103ng k\u00fd n\u01a1i c\u01b0 tr\u00fa cu\u1ed1i c\u00f9ng c\u1ee7a b\u1ea1n t\u1ea1i \u0110\u1ee9c (n\u1ebfu \u0111\u01b0\u1ee3c ghi trong h\u1ed9 chi\u1ebfu cu\u1ed1i c\u00f9ng c\u1ee7a b\u1ea1n)<br \/>\nGi\u1ea5y ch\u1ee9ng nh\u1eadn ti\u1ebfn s\u0129 c\u1ee7a \u0110\u1ee9c (n\u1ebfu b\u1ea1n mu\u1ed1n ghi b\u1eb1ng ti\u1ebfn s\u0129 v\u00e0o h\u1ed9 chi\u1ebfu)<br \/>\nPh\u00ed th\u1ebb c\u0103n c\u01b0\u1edbc<br \/>\nXin l\u01b0u \u00fd r\u1eb1ng \u0111\u01a1n xin c\u1ea5p th\u1ebb c\u0103n c\u01b0\u1edbc c\u1ee7a b\u1ea1n kh\u00f4ng th\u1ec3 \u0111\u01b0\u1ee3c x\u1eed l\u00fd n\u1ebfu kh\u00f4ng c\u00f3 \u0111\u1ea7y \u0111\u1ee7 gi\u1ea5y t\u1edd. N\u1ebfu b\u1ea1n kh\u00f4ng n\u1ed9p t\u1ea5t c\u1ea3 c\u00e1c bi\u1ec3u m\u1eabu v\u00e0 gi\u1ea5y t\u1edd y\u00eau c\u1ea7u, \u0111i\u1ec1u n\u00e0y c\u00f3 th\u1ec3 d\u1eabn \u0111\u1ebfn vi\u1ec7c ho\u00e3n n\u1ed9p \u0111\u01a1n v\u00e0 do \u0111\u00f3 l\u00e0m ch\u1eadm qu\u00e1 tr\u00ecnh x\u1eed l\u00fd \u0111\u01a1n.<\/p>\n<p>Ngay c\u1ea3 khi b\u1ea1n \u0111\u00e3 nh\u1eadn \u0111\u01b0\u1ee3c h\u1ed9 chi\u1ebfu ho\u1eb7c th\u1ebb c\u0103n c\u01b0\u1edbc cu\u1ed1i c\u00f9ng t\u1eeb m\u1ed9t ph\u00e1i b\u1ed9 ngo\u1ea1i giao \u0110\u1ee9c kh\u00e1c t\u1ea1i Hoa K\u1ef3, ch\u00fang t\u00f4i v\u1eabn y\u00eau c\u1ea7u b\u1ea1n n\u1ed9p l\u1ea1i c\u00e1c t\u00e0i li\u1ec7u n\u00eau tr\u00ean (tr\u1eeb gi\u1ea5y ch\u1ee9ng nh\u1eadn h\u1ee7y \u0111\u0103ng k\u00fd). Vui l\u00f2ng mang theo gi\u1ea5y khai sinh, gi\u1ea5y khai t\u00ean v\u00e0 gi\u1ea5y ch\u1ee9ng nh\u1eadn k\u1ebft h\u00f4n. N\u1ebfu kh\u00f4ng c\u00f3 nh\u1eefng gi\u1ea5y t\u1edd n\u00e0y, \u0111\u01a1n \u0111\u0103ng k\u00fd c\u1ee7a b\u1ea1n s\u1ebd kh\u00f4ng \u0111\u01b0\u1ee3c x\u1eed l\u00fd!<\/p>\n<p>Th\u00f4ng tin n\u00e0y \u00e1p d\u1ee5ng cho ph\u1ea7n l\u1edbn c\u00e1c tr\u01b0\u1eddng h\u1ee3p \u0111\u01b0\u1ee3c th\u1ea3o lu\u1eadn \u1edf \u0111\u00e2y. Do lu\u1eadt h\u1ed9 chi\u1ebfu v\u00e0 th\u1ebb c\u0103n c\u01b0\u1edbc c\u1ee7a \u0110\u1ee9c r\u1ea5t ph\u1ee9c t\u1ea1p v\u00e0 nhi\u1ec1u tr\u01b0\u1eddng h\u1ee3p c\u00f3 th\u1ec3 x\u1ea3y ra, n\u00ean m\u1ed7i \u0111\u01a1n xin c\u1ea5p h\u1ed9 chi\u1ebfu c\u00f3 th\u1ec3 c\u00f3 s\u1ef1 kh\u00e1c bi\u1ec7t v\u00e0 c\u00f3 th\u1ec3 c\u1ea7n th\u00eam c\u00e1c gi\u1ea5y t\u1edd b\u1ed5 sung.<\/p>\n<p>PH\u00cd<br \/>\nDanh s\u00e1ch ph\u00ed hi\u1ec7n t\u1ea1i c\u00f3 th\u1ec3 \u0111\u01b0\u1ee3c t\u00ecm th\u1ea5y t\u1ea1i \u0111\u00e2y: Ph\u00ed<\/p>\n<p>T\u1edc KHAI T\u00caN<br \/>\nN\u1ebfu t\u00ean c\u1ee7a b\u1ea1n \u0111\u00e3 thay \u0111\u1ed5i k\u1ec3 t\u1eeb l\u1ea7n n\u1ed9p \u0111\u01a1n xin h\u1ed9 chi\u1ebfu tr\u01b0\u1edbc \u0111\u00f3, b\u1ea1n c\u00f3 th\u1ec3 ph\u1ea3i khai b\u00e1o t\u00ean tr\u01b0\u1edbc khi h\u1ed9 chi\u1ebfu \u0111\u01b0\u1ee3c c\u1ea5p. C\u00f3 th\u1ec3 c\u1ea7n ph\u1ea3i \u0111\u1eb7t l\u1ecbch h\u1eb9n. B\u1ea1n c\u00f3 th\u1ec3 t\u00ecm th\u00eam th\u00f4ng tin v\u1ec1 quy\u1ec1n \u0111\u1eb7t t\u00ean t\u1ea1i \u0111\u00e2y:<\/p>\n<p>Lu\u1eadt t\u00ean<\/p>\n<p>\u0110\u1eb6T L\u1ecaCH H\u1eb8N<br \/>\n\u0110\u1ec3 n\u1ed9p \u0111\u01a1n xin h\u1ed9 chi\u1ebfu ho\u1eb7c th\u1ebb c\u0103n c\u01b0\u1edbc, b\u1ea1n ph\u1ea3i \u0111\u1eb7t l\u1ecbch h\u1eb9n v\u1edbi c\u01a1 quan ngo\u1ea1i giao \u0110\u1ee9c c\u00f3 th\u1ea9m quy\u1ec1n t\u1ea1i Hoa K\u1ef3. N\u1ebfu b\u1ea1n mu\u1ed1n n\u1ed9p \u0111\u01a1n xin c\u1ea3 h\u1ed9 chi\u1ebfu v\u00e0 ch\u1ee9ng minh th\u01b0, b\u1ea1n s\u1ebd c\u1ea7n ph\u1ea3i \u0111\u1eb7t hai cu\u1ed9c h\u1eb9n, m\u1ed7i cu\u1ed9c h\u1eb9n cho m\u1ed9t \u0111\u01a1n xin. Xin l\u01b0u \u00fd th\u00f4ng tin v\u1ec1 vi\u1ec7c \u0111\u1eb7t l\u1ecbch h\u1eb9n v\u1edbi c\u01a1 quan ngo\u1ea1i giao \u0110\u1ee9c ch\u1ecbu tr\u00e1ch nhi\u1ec7m t\u1ea1i qu\u1ed1c gia c\u1ee7a b\u1ea1n: \u0110\u1eb7t l\u1ecbch h\u1eb9n.<\/p>\n<p>Xin l\u01b0u \u00fd r\u1eb1ng tr\u00ecnh duy\u1ec7t Safari hi\u1ec7n kh\u00f4ng t\u01b0\u01a1ng th\u00edch v\u1edbi h\u1ec7 th\u1ed1ng \u0111\u1eb7t l\u1ecbch h\u1eb9n.<\/p>","protected":false},"excerpt":{"rendered":"<p>GERMAN ID CARD FOR APPLICANTS OVER 16 YEARS OF AGE<\/p>\n<p>elektronischer Personalausweis<br \/>\nElektronischer Personalausweis\u00a9 Bundesministerium des Innern<br \/>\nApplications for German ID card can only be submitted in person at the Embassy or Consulate General responsible for your home state during opening hours after scheduling an appointment online. The German ID Card are printed at the Federal Printing Office in Berlin. Please expect a processing time of a maximum of 4-6 weeks. If a Name Declaration is required (see below information), processing time can change considerably.<\/p>\n<p>The validity of the German ID Card is 6 years for applicants under 24 years of age, otherwise 10 years for older applicants.<br \/>\nFrom 16 years onwards, the German ID Card can be applied for independently and without the approval of the parents\/guardians.<\/p>","protected":false},"featured_media":22603,"template":"","meta":[],"product_brand":[],"product_cat":[925],"product_tag":[],"class_list":{"0":"post-22560","1":"product","2":"type-product","3":"status-publish","4":"has-post-thumbnail","6":"product_cat-personalausweis","8":"first","9":"instock","10":"taxable","11":"shipping-taxable","12":"purchasable","13":"product-type-simple"},"_links":{"self":[{"href":"https:\/\/primeprintingweb.com\/vi\/wp-json\/wp\/v2\/product\/22560","targetHints":{"allow":["GET"]}}],"collection":[{"href":"https:\/\/primeprintingweb.com\/vi\/wp-json\/wp\/v2\/product"}],"about":[{"href":"https:\/\/primeprintingweb.com\/vi\/wp-json\/wp\/v2\/types\/product"}],"version-history":[{"count":2,"href":"https:\/\/primeprintingweb.com\/vi\/wp-json\/wp\/v2\/product\/22560\/revisions"}],"predecessor-version":[{"id":22860,"href":"https:\/\/primeprintingweb.com\/vi\/wp-json\/wp\/v2\/product\/22560\/revisions\/22860"}],"wp:featuredmedia":[{"embeddable":true,"href":"https:\/\/primeprintingweb.com\/vi\/wp-json\/wp\/v2\/media\/22603"}],"wp:attachment":[{"href":"https:\/\/primeprintingweb.com\/vi\/wp-json\/wp\/v2\/media?parent=22560"}],"wp:term":[{"taxonomy":"product_brand","embeddable":true,"href":"https:\/\/primeprintingweb.com\/vi\/wp-json\/wp\/v2\/product_brand?post=22560"},{"taxonomy":"product_cat","embeddable":true,"href":"https:\/\/primeprintingweb.com\/vi\/wp-json\/wp\/v2\/product_cat?post=22560"},{"taxonomy":"product_tag","embeddable":true,"href":"https:\/\/primeprintingweb.com\/vi\/wp-json\/wp\/v2\/product_tag?post=22560"}],"curies":[{"name":"wp","href":"https:\/\/api.w.org\/{rel}","templated":true}]}}