{"id":22573,"date":"2025-05-13T04:16:59","date_gmt":"2025-05-13T04:16:59","guid":{"rendered":"https:\/\/primeprintingweb.com\/?post_type=product&#038;p=22573"},"modified":"2025-05-18T17:45:41","modified_gmt":"2025-05-18T17:45:41","slug":"spanish-id-cards","status":"publish","type":"product","link":"https:\/\/primeprintingweb.com\/vi\/geschaeft\/personalausweis\/spanish-id-cards\/","title":{"rendered":"TH\u1eba C\u0102N C\u01af\u1edaC T\u00c2Y BAN NHA"},"content":{"rendered":"<p>SPANISCHE PERSONALAUSWEISE<\/p>\n<p>Spanische Personalausweise<br \/>\nSpanische Personalausweise<br \/>\nWir nutzen den spanischen Personalausweis als wichtigstes Mittel zur Identifizierung gegen\u00fcber \u00f6ffentlichen Stellen und Beh\u00f6rden. Wir tragen ihn t\u00e4glich in unserer Brieftasche mit uns herum, und die meisten von uns wissen nicht genau, welche Version des spanischen Personalausweises es gibt. Welche Einsatzm\u00f6glichkeiten gibt es, welche Bedeutung bestimmte Felder wie die MRZ haben oder welche Sicherheitsvorkehrungen (Lasermarkierungen, Hologramme) enthalten sind?<\/p>\n<p>M\u00f6chten Sie unsere spanischen Personalausweise anl\u00e4sslich ihres 75-j\u00e4hrigen Jubil\u00e4ums besser kennenlernen? Lesen Sie weiter, wir beantworten diese Fragen im folgenden Artikel:<\/p>\n<p>EIN WENIG GESCHICHTE: DIE ENTWICKLUNG DER SPANISCHEN PERSONALAUSWEISE<br \/>\nDer heutige NID entstand w\u00e4hrend der Franquismus-Diktatur am 2. M\u00e4rz 1944. 150 Jahre lang wurden andere Dokumente zur Identifizierung verwendet, wie Personalausweise oder Reisep\u00e4sse, die kein Foto enthielten und daher mit einer Beschreibung versehen waren. Kurioserweise wurde f\u00fcr die Gestaltung dieses einheitlichen Dokuments ein Wettbewerb mit einem Preisgeld von 30.000 Peseten f\u00fcr die ausgew\u00e4hlte Skizze durchgef\u00fchrt.<\/p>\n<p>Am 20. M\u00e4rz 1951 wurde der erste Personalausweis an einen normalen B\u00fcrger ausgegeben. Die Nummern 10 bis 99 sind der k\u00f6niglichen Familie vorbehalten, w\u00e4hrend die Nummer 13 aus Aberglauben verworfen wurde.<\/p>\n<p>Spanische Personalausweise<br \/>\nSpanische Personalausweise<br \/>\nBis zum 12. Juli 1990 gab es bis zu f\u00fcnf Versionen des spanischen Personalausweises. In diesem Jahr erschien der erste computerisierte Personalausweis der spanischen Geschichte. Dieses Modell war 16 Jahre lang in Kraft und wurde mehrfach modifiziert. 2006 wurde der erste elektronische Personalausweis eingef\u00fchrt, der die telematische Abwicklung von Verwaltungs- und Verwaltungsverfahren mit der Verwaltung erm\u00f6glichte.<\/p>\n<p>TYPEN DER AKTUELLEN ELEKTRONISCHEN SPANISCHEN PERSONALAUSWEISE<br \/>\nDer erste computerisierte Personalausweis (1990) enthielt keinen Fingerabdruck und nur zwei OCR-Zeichenzeilen (Optical Character Recognition). Die zweite Version enthielt ein Farbfoto und eine zus\u00e4tzliche dritte OCR-Zeile. Der dritte elektronische Personalausweis enthielt zus\u00e4tzlich den spanischen Personalausweis (IDESP) und das Geschlecht wurde auf MF (weiblich) und V-M (m\u00e4nnlich) festgelegt. 2006 erschien der erste elektronische Personalausweis mit Chip.<\/p>\n<p>ERSTER ELEKTRONISCHER PERSONALAUSWEIS (2006\u20132015)<br \/>\nDer erste Personalausweis mit Chip machte den nationalen Personalausweis zu einem elektronischen Dokument. Es handelt sich um eine lasergravierte Polycarbonatkarte mit den Abmessungen einer herk\u00f6mmlichen Kreditkarte. \u00dcber ein an den Computer angeschlossenes Kartenleseger\u00e4t erm\u00f6glicht sie die Anbindung an Telematikdienste. Da spezielle Hardware wie ein Kartenleseger\u00e4t und die Installation von Computertreibern erforderlich sind, nutzten nur wenige B\u00fcrger den Chip f\u00fcr Formalit\u00e4ten.<\/p>\n<p>SPANISCHER PERSONALAUSWEIS 3.0<br \/>\nDNIe 3.0 ist seit 2015 in der Entwicklung. Der Hauptunterschied zum elektronischen Personalausweis (DNIe 2.0) besteht darin, dass der Chip \u00fcber eine duale Schnittstelle verf\u00fcgt. Diese erm\u00f6glicht die Verbindung \u00fcber Hardware, aber auch drahtlos \u00fcber die NFC-Technologie (Near Field Communication), die in den meisten Mobiltelefonen und Tablets vorhanden ist. Dadurch wird keine spezielle Hardware mehr ben\u00f6tigt, sondern lediglich ein NFC-f\u00e4higes Mobiltelefon und eine entsprechende App.<\/p>\n<p>Der neue elektronische Personalausweis hat den Chip nicht auf der Vorderseite, sondern auf der R\u00fcckseite und ist rechtlich genauso g\u00fcltig wie eine handschriftliche Unterschrift. Dar\u00fcber hinaus ist er der sicherste Ausweis in Spanien. Seine Hologramme machen F\u00e4lschungen extrem schwierig.<\/p>\n<p>Spanische Personalausweise<br \/>\nSpanische Personalausweise<br \/>\nWOZU IST DNI 3.0 N\u00dcTZLICH?<br \/>\nAls elektronisches Zertifikat dient der DNI 3.0 dazu, die Identit\u00e4t seines rechtm\u00e4\u00dfigen Inhabers gegen\u00fcber jedermann nachzuweisen (Authentifizierungszertifikat). Es kann auch als Signaturzertifikat, zur Zertifizierung der Integrit\u00e4t eines Dokuments und als Reisedokument in L\u00e4ndern verwendet werden, die es akzeptieren (es hat eine dem Reisepass entsprechende Datenstruktur). Der ICAO MRTD-Standard (Machine Readable Travel Document) der Internationalen Zivilluftfahrt-Organisation ist der am h\u00e4ufigsten verwendete Standard f\u00fcr P\u00e4sse und Reisedokumente in den meisten L\u00e4ndern weltweit.<\/p>\n<p>BEDEUTUNG DER DNI 3.0-FELDER<br \/>\nDiese Abbildung der spanischen Nationalpolizei zeigt die Bedeutung der einzelnen Felder. Wir erkl\u00e4ren jedoch die kompliziertesten:<\/p>\n<p>Spanische Personalausweise<br \/>\nSpanische Personalausweise<br \/>\nCAN-NUMMER (KARTENZUGRIFFSNUMMER)<br \/>\n6-stelliger numerischer Schl\u00fcssel, mit dem das DNI 3.0-Leseger\u00e4t einen Sitzungsschl\u00fcssel f\u00fcr den Datenaustausch erstellen kann. Anders ausgedr\u00fcckt: Der einzige Weg, per RFID oder NFC auf die im DNI 3.0 enthaltenen Informationen zuzugreifen, ist die Kenntnis der CAN.<\/p>\n<p>CLI-FELD (WECHSELNDES LASERBILD)<br \/>\nEs enth\u00e4lt unsere Initialen (Nachname und Vorname), die sich beim Verschieben des Dokuments \u00e4ndern, um den Hintergrund mit dem Ausstellungsdatum des Dokuments anzuzeigen.<\/p>\n<p>OCR \/ MRZ<br \/>\nDiese MRZ (maschinenlesbare Zone) besteht aus maschinenlesbaren OCR-Zeichen. Die Felder der OCR-Datenzone sind:<\/p>\n<p>1.[ID] 2.[ESP] 3.[ABC123456] 4.[0] 5.[12345678Z] 6.[&lt;&lt;&lt;&lt;&lt;&lt;]<br \/>\n7.[741015] 8.[0] 9.[M] 10.[090322] 11.[6] 12.[ESP] 13.[&lt;&lt;&lt;&lt;&lt;&lt;&lt;&lt;&lt;&lt;] 14.[9]<br \/>\n15.[DE&lt;TAL&lt;Y&lt;CUAL&lt;&lt;FULANITO&lt;&lt;&lt;&lt;&lt;&lt;&lt;]<br \/>\nID: Dokumententyp<br \/>\nESP: Staatsangeh\u00f6rigkeit<br \/>\nSeriennummer<\/p>\n<p>des Karteninhabers<br \/>\nFeld 3: Kontrollziffer<br \/>\nPersonalausweisnummer<br \/>\nAusf\u00fcllen<br \/>\nGeburtsdatum (JJMMTT)<br \/>\nFeld 7: Kontrollziffer<br \/>\nGeschlecht (M\/W)<br \/>\nAblaufdatum<br \/>\nFeld 10: Kontrollziffer<br \/>\nStaatsangeh\u00f6rigkeit<br \/>\nAusf\u00fcllen<br \/>\nKontrollziffer f\u00fcr die Felder 3, 4, 5, 7, 8, 10 und 11 (zusammengesetzt)<br \/>\nVorname<br \/>\nWie Sie sehen, befinden sich alle wichtigen Informationen auf der Vorderseite des Personalausweises auch in der MRZ. Dar\u00fcber hinaus erschweren 4 Kontrollziffern die F\u00e4lschung durch Laien, da diese die zu ihrer Berechnung verwendeten Algorithmen kennen m\u00fcssen.<\/p>\n<p>Wie Sie der Beschreibung der Felder entnehmen k\u00f6nnen, gibt die letzte Ziffer der zweiten Zeile NICHT die Anzahl der Personen mit demselben Namen an, sondern ist eine globale Pr\u00fcfziffer. Die Annahme, diese Ziffer bedeute eine falsche Bedeutung, trifft daher nicht zu.<\/p>\n<p>Dank der kontinuierlichen Forschungsarbeit unserer F&amp;E-Abteilung haben wir ein Produkt entwickelt, das das Scannen eines Personalausweises automatisiert. Dabei werden alle Textinformationen per OCR (bzw. per NFC f\u00fcr den neuen Personalausweis 3.0) extrahiert und durch Gesichtserkennung \u00fcberpr\u00fcft, ob der im Registrierungsprozess vorgezeigte Ausweis auch der tats\u00e4chliche Besitzer ist.<\/p>\n","protected":false},"excerpt":{"rendered":"<p>TH\u1eba C\u0102N C\u01af\u1edaC T\u00c2Y BAN NHA<\/p>\n<p>Spanish ID Cards<br \/>\nSpanish ID Cards<br \/>\nWe use the Spanish ID Cards as the main mechanism to identify us before any public organism or authority. We daily take it everywhere inside our wallet and the great majority of us don\u2019t really know which version of the Spanish ID Cards are carrying. The potential of using it, the meaning of some fields like the MRZ or even the security measures that they incorporate (laser marks, holograms).<\/p>\n<p><span style=\"vertical-align: inherit;\"><span style=\"vertical-align: inherit;\">B\u1ea1n c\u00f3 mu\u1ed1n bi\u1ebft r\u00f5 h\u01a1n v\u1ec1 th\u1ebb c\u0103n c\u01b0\u1edbc T\u00e2y Ban Nha c\u1ee7a ch\u00fang t\u00f4i trong n\u0103m k\u1ef7 ni\u1ec7m 75 n\u0103m ra m\u1eaft kh\u00f4ng? V\u00ec v\u1eady, h\u00e3y ti\u1ebfp t\u1ee5c \u0111\u1ecdc, ch\u00fang t\u00f4i s\u1ebd gi\u1ea3i th\u00edch nh\u1eefng c\u00e2u h\u1ecfi n\u00e0y trong b\u00e0i vi\u1ebft sau:<\/span><\/span><\/p>\n<p><span style=\"vertical-align: inherit;\"><span style=\"vertical-align: inherit;\">M\u1ed8T CH\u00daT L\u1ecaCH S\u1eec: S\u1ef0 TI\u1ebeN H\u00d3A C\u1ee6A TH\u1eba C\u0102N C\u01af\u1edaC T\u00c2Y BAN NHA <\/span><\/span><br \/>\n<span style=\"vertical-align: inherit;\"><span style=\"vertical-align: inherit;\">NID hi\u1ec7n t\u1ea1i ra \u0111\u1eddi d\u01b0\u1edbi th\u1eddi ch\u1ebf \u0111\u1ed9 \u0111\u1ed9c t\u00e0i Franquist v\u00e0o ng\u00e0y 2 th\u00e1ng 3 n\u0103m 1944. Sau 150 n\u0103m s\u1eed d\u1ee5ng c\u00e1c lo\u1ea1i gi\u1ea5y t\u1edd kh\u00e1c \u0111\u1ec3 nh\u1eadn d\u1ea1ng c\u00e1 nh\u00e2n nh\u01b0 th\u1ebb c\u0103n c\u01b0\u1edbc ho\u1eb7c h\u1ed9 chi\u1ebfu n\u1ed9i \u0111\u1ecba kh\u00f4ng c\u00f3 \u1ea3nh n\u00ean h\u1ecd \u0111\u00e3 vi\u1ebft m\u00f4 t\u1ea3 v\u1ec1 ng\u01b0\u1eddi \u0111\u00f3 l\u00ean \u0111\u00f3. M\u1ed9t s\u1ef1 th\u1eadt th\u00fa v\u1ecb l\u00e0 \u0111\u1ec3 thi\u1ebft k\u1ebf t\u00e0i li\u1ec7u th\u1ed1ng nh\u1ea5t n\u00e0y, m\u1ed9t cu\u1ed9c thi \u0111\u00e3 \u0111\u01b0\u1ee3c t\u1ed5 ch\u1ee9c v\u1edbi gi\u1ea3i th\u01b0\u1edfng 30.000 peseta cho b\u1ea3n ph\u00e1c th\u1ea3o \u0111\u01b0\u1ee3c ch\u1ecdn.<\/span><\/span><\/p>","protected":false},"featured_media":22629,"template":"","meta":[],"product_brand":[],"product_cat":[925],"product_tag":[],"class_list":{"0":"post-22573","1":"product","2":"type-product","3":"status-publish","4":"has-post-thumbnail","6":"product_cat-personalausweis","8":"first","9":"instock","10":"taxable","11":"shipping-taxable","12":"purchasable","13":"product-type-simple"},"_links":{"self":[{"href":"https:\/\/primeprintingweb.com\/vi\/wp-json\/wp\/v2\/product\/22573","targetHints":{"allow":["GET"]}}],"collection":[{"href":"https:\/\/primeprintingweb.com\/vi\/wp-json\/wp\/v2\/product"}],"about":[{"href":"https:\/\/primeprintingweb.com\/vi\/wp-json\/wp\/v2\/types\/product"}],"version-history":[{"count":2,"href":"https:\/\/primeprintingweb.com\/vi\/wp-json\/wp\/v2\/product\/22573\/revisions"}],"predecessor-version":[{"id":22863,"href":"https:\/\/primeprintingweb.com\/vi\/wp-json\/wp\/v2\/product\/22573\/revisions\/22863"}],"wp:featuredmedia":[{"embeddable":true,"href":"https:\/\/primeprintingweb.com\/vi\/wp-json\/wp\/v2\/media\/22629"}],"wp:attachment":[{"href":"https:\/\/primeprintingweb.com\/vi\/wp-json\/wp\/v2\/media?parent=22573"}],"wp:term":[{"taxonomy":"product_brand","embeddable":true,"href":"https:\/\/primeprintingweb.com\/vi\/wp-json\/wp\/v2\/product_brand?post=22573"},{"taxonomy":"product_cat","embeddable":true,"href":"https:\/\/primeprintingweb.com\/vi\/wp-json\/wp\/v2\/product_cat?post=22573"},{"taxonomy":"product_tag","embeddable":true,"href":"https:\/\/primeprintingweb.com\/vi\/wp-json\/wp\/v2\/product_tag?post=22573"}],"curies":[{"name":"wp","href":"https:\/\/api.w.org\/{rel}","templated":true}]}}