{"id":22639,"date":"2025-05-13T04:17:25","date_gmt":"2025-05-13T04:17:25","guid":{"rendered":"https:\/\/primeprintingweb.com\/?post_type=product&#038;p=22639"},"modified":"2025-05-18T17:08:21","modified_gmt":"2025-05-18T17:08:21","slug":"luxembourg-driving-license-online","status":"publish","type":"product","link":"https:\/\/primeprintingweb.com\/vi\/geschaeft\/fuehrerschein\/luxembourg-driving-license-online\/","title":{"rendered":"GI\u1ea4Y PH\u00c9P L\u00c1I XE LUXEMBOURG TR\u1ef0C TUY\u1ebeN"},"content":{"rendered":"<p>TH\u00d4NG TIN V\u1ec0 GI\u1ea4Y PH\u00c9P L\u00c1I XE \u1ede LUXEMBOURG: TH\u00d4NG TIN V\u1ec0 \u0110\u01a0N XIN GI\u1ea4Y PH\u00c9P L\u00c1I XE \u1ede LUXEMBOURG TR\u1ef0C TUY\u1ebeN V\u00c0 \u0110\u0102NG K\u00dd K\u1ef2 THI L\u00c1I XE\u2026<br \/>\nNg\u01b0\u1eddi l\u00e1i xe \u1edf Luxembourg ph\u1ea3i \u00edt nh\u1ea5t 18 tu\u1ed5i v\u00e0 c\u00f3 gi\u1ea5y ph\u00e9p l\u00e1i xe h\u1ee3p l\u1ec7 (permis de conduire). C\u00e1c lo\u1ea1i xe h\u1ea1ng AM v\u00e0 A1 c\u00f3 th\u1ec3 \u0111\u01b0\u1ee3c l\u00e1i t\u1eeb 16 tu\u1ed5i tr\u1edf l\u00ean v\u1edbi gi\u1ea5y ph\u00e9p l\u00e1i xe h\u1ee3p l\u1ec7. Gi\u1ea5y ph\u00e9p l\u00e1i xe ph\u1ea3i \u0111\u01b0\u1ee3c mang theo trong m\u1ecdi chuy\u1ebfn \u0111i v\u00e0 xu\u1ea5t tr\u00ecnh cho c\u1ea3nh s\u00e1t khi \u0111\u01b0\u1ee3c y\u00eau c\u1ea7u. Kh\u00f4ng ch\u1ea5p nh\u1eadn b\u1ea3n sao. Gi\u1ea5y ph\u00e9p l\u00e1i xe \u1edf Luxembourg \u0111\u01b0\u1ee3c c\u1ea5p v\u00e0 qu\u1ea3n l\u00fd b\u1edfi Service des Permis de Conduire (SNCA).<\/p>\n<p>D\u1ecbch v\u1ee5 c\u1ee7a Permis de Conduire (SNCA).<br \/>\n\u0110\u1ecba ch\u1ec9: 11, rue de Luxembourg, L-5230 Sandweiler<br \/>\n\u0110i\u1ec7n tho\u1ea1i: +1 35 72 14 -1<br \/>\nC\u00f3 m\u1ed9t s\u1ed1 lo\u1ea1i gi\u1ea5y ph\u00e9p l\u00e1i xe ch\u00ednh (\u0111\u01b0\u1ee3c chia th\u00e0nh nhi\u1ec1u lo\u1ea1i ph\u1ee5):<\/p>\n<p>Lo\u1ea1i AM: Xe g\u1eafn m\u00e1y c\u00f3 t\u1ed1c \u0111\u1ed9 thi\u1ebft k\u1ebf t\u1ed1i \u0111a l\u00ean t\u1edbi 45 km\/h<br \/>\nLo\u1ea1i A1: Xe m\u00f4 t\u00f4, xe g\u1eafn m\u00e1y h\u1ea1ng nh\u1eb9 c\u00f3 c\u00f4ng su\u1ea5t \u0111\u1ebfn 15 kW<br \/>\nLo\u1ea1i A2: Xe m\u00e1y c\u00f3 c\u00f4ng su\u1ea5t \u0111\u1ebfn 35 kW<br \/>\nLo\u1ea1i A: T\u1ea5t c\u1ea3 xe m\u00e1y<br \/>\nLo\u1ea1i B: Xe ch\u1edf kh\u00e1ch<br \/>\nLo\u1ea1i BE: Xe \u00f4 t\u00f4 c\u00f3 r\u01a1 mo\u00f3c ho\u1eb7c xe k\u00e9o c\u00f3 t\u1ed5ng tr\u1ecdng l\u01b0\u1ee3ng d\u01b0\u1edbi 3.500 kg<br \/>\nLo\u1ea1i C: Xe t\u1ea3i v\u00e0 xe th\u01b0\u01a1ng m\u1ea1i<br \/>\nL\u1edbp DF: xe bu\u00fdt v\u00e0 m\u00e1y k\u00e9o<br \/>\n\u0110\u1ec3 c\u00f3 \u0111\u01b0\u1ee3c m\u1ed9t trong nh\u1eefng gi\u1ea5y ph\u00e9p n\u00e0y, ng\u01b0\u1eddi l\u00e1i xe ph\u1ea3i v\u01b0\u1ee3t qua hai b\u00e0i ki\u1ec3m tra:<\/p>\n<p>m\u1ed9t b\u00e0i ki\u1ec3m tra l\u00fd thuy\u1ebft<br \/>\nm\u1ed9t b\u00e0i ki\u1ec3m tra l\u00e1i xe<br \/>\nB\u1ea1n ch\u1ec9 c\u00f3 th\u1ec3 b\u1eaft \u0111\u1ea7u th\u1ef1c h\u00e0nh l\u00e1i xe sau khi ho\u00e0n th\u00e0nh b\u00e0i ki\u1ec3m tra l\u00fd thuy\u1ebft.<\/p>\n<p>N\u1ed8P \u0110\u01a0N XIN B\u1eb0NG L\u00c1I XE LUXEMBOURG<br \/>\nT\u1ea5t c\u1ea3 c\u00e1c kh\u00f3a \u0111\u00e0o t\u1ea1o v\u00e0 chu\u1ea9n b\u1ecb cho ng\u01b0\u1eddi l\u00e1i xe ph\u1ea3i \u0111\u01b0\u1ee3c ho\u00e0n th\u00e0nh t\u1ea1i m\u1ed9t tr\u01b0\u1eddng d\u1ea1y l\u00e1i xe \u0111\u00e3 \u0111\u0103ng k\u00fd. \u0110\u01a1n xin c\u1ea5p gi\u1ea5y ph\u00e9p l\u00e1i xe (demande en obtention d&#039;un permis de conduire ho\u1eb7c \u0111\u01a1n xin c\u1ea5p gi\u1ea5y ph\u00e9p l\u00e1i xe) cho m\u1ed7i h\u1ea1ng gi\u1ea5y ph\u00e9p l\u00e1i xe \u0111\u01b0\u1ee3c n\u1ed9p khi \u0111\u0103ng k\u00fd t\u1ea1i tr\u01b0\u1eddng d\u1ea1y l\u00e1i xe, sau \u0111\u00f3 tr\u01b0\u1eddng s\u1ebd g\u1eedi \u0111\u01a1n \u0111\u00e3 k\u00fd \u0111\u1ebfn SNCT.<\/p>\n<p>C\u00e1c gi\u1ea5y t\u1edd sau \u0111\u00e2y l\u00e0 b\u1eaft bu\u1ed9c khi n\u1ed9p \u0111\u01a1n:<\/p>\n<p>Gi\u1ea5y ch\u1ee9ng nh\u1eadn y t\u1ebf t\u1eeb b\u00e1c s\u0129 \u0111\u01b0\u1ee3c c\u1ea5p ph\u00e9p (t\u1ed1i \u0111a ba th\u00e1ng)<br \/>\n\u1ea3nh h\u1ed9 chi\u1ebfu<br \/>\nGi\u1ea5y ch\u1ee9ng nh\u1eadn \u0111\u0103ng k\u00fd (certificat de r\u00e9sidence) (t\u1ed1i \u0111a m\u1ed9t th\u00e1ng tu\u1ed5i) t\u1eeb ch\u00ednh quy\u1ec1n th\u00e0nh ph\u1ed1<br \/>\nB\u1ea3n sao b\u1ea3n tuy\u00ean th\u1ec7 (extrait de casier judiciaire) t\u1eeb c\u1ea3nh s\u00e1t ho\u1eb7c qu\u1ed1c gia g\u1ed1c n\u1ebfu th\u1eddi gian c\u01b0 tr\u00fa t\u1ea1i Luxembourg d\u01b0\u1edbi n\u0103m n\u0103m<br \/>\nTem doanh thu (Timbre de Chancellerie)<br \/>\nPh\u00ed \u0111\u0103ng k\u00fd h\u1ecdc l\u00e1i xe<br \/>\n\u0110\u1ec3 n\u1ed9p \u0111\u01a1n xin c\u1ea5p gi\u1ea5y ph\u00e9p l\u00e1i xe h\u1ea1ng AM ho\u1eb7c A1 cho xe g\u1eafn m\u00e1y ho\u1eb7c xe m\u00e1y h\u1ea1ng nh\u1eb9, ng\u01b0\u1eddi l\u00e1i xe ph\u1ea3i \u00edt nh\u1ea5t 16 tu\u1ed5i. \u0110\u1ec3 n\u1ed9p \u0111\u01a1n xin c\u1ea5p gi\u1ea5y ph\u00e9p l\u00e1i xe \u00f4 t\u00f4 h\u1ea1ng B, ng\u01b0\u1eddi l\u00e1i xe ph\u1ea3i \u00edt nh\u1ea5t 18 tu\u1ed5i. M\u1eabu \u0111\u01a1n ph\u1ea3i c\u00f3 ch\u1eef k\u00fd c\u1ee7a cha m\u1eb9 ho\u1eb7c ng\u01b0\u1eddi gi\u00e1m h\u1ed9 n\u1ebfu ng\u01b0\u1eddi n\u1ed9p \u0111\u01a1n d\u01b0\u1edbi 18 tu\u1ed5i.<\/p>\n<p>K\u1ef2 THI L\u00dd THUY\u1ebeT V\u00c0 TH\u1ef0C H\u00c0NH<br \/>\nC\u1ea3 k\u1ef3 thi l\u00fd thuy\u1ebft v\u00e0 th\u1ef1c h\u00e0nh \u0111\u1ec1u c\u00f3 th\u1ec3 \u0111\u01b0\u1ee3c th\u1ef1c hi\u1ec7n b\u1eb1ng ti\u1ebfng Anh.<\/p>\n<p>Kh\u00f3a h\u1ecdc l\u00fd thuy\u1ebft bao g\u1ed3m \u00edt nh\u1ea5t 12 b\u00e0i h\u1ecdc m\u1ed9t gi\u1edd t\u1ea1i tr\u01b0\u1eddng d\u1ea1y l\u00e1i xe (c\u00f3 th\u1ec3 gi\u1ea3m b\u1edbt trong m\u1ed9t s\u1ed1 tr\u01b0\u1eddng h\u1ee3p nh\u1ea5t \u0111\u1ecbnh). Ng\u01b0\u1eddi n\u1ed9p \u0111\u01a1n h\u1ecdc Lu\u1eadt giao th\u00f4ng \u0111\u01b0\u1eddng b\u1ed9 Luxembourg (Lu\u1eadt giao th\u00f4ng \u0111\u01b0\u1eddng b\u1ed9). Tr\u01b0\u1eddng d\u1ea1y l\u00e1i xe cung c\u1ea5p t\u00e0i li\u1ec7u v\u00e0 b\u00e0i ki\u1ec3m tra, nh\u01b0ng c\u00e1c b\u00e0i ki\u1ec3m tra m\u1eabu c\u0169ng c\u00f3 s\u1eb5n tr\u1ef1c tuy\u1ebfn.<\/p>\n<p>M\u00e3 tuy\u1ebfn \u0111\u01b0\u1eddng (b\u1eb1ng ti\u1ebfng Ph\u00e1p)<br \/>\nL\u00e0m th\u1ebf n\u00e0o \u0111\u1ec3 chu\u1ea9n b\u1ecb cho b\u00e0i ki\u1ec3m tra l\u00fd thuy\u1ebft<br \/>\nKI\u1ec2M TRA TH\u1ef0C H\u00c0NH<br \/>\nSau khi v\u01b0\u1ee3t qua b\u00e0i ki\u1ec3m tra l\u00fd thuy\u1ebft, ch\u01b0\u01a1ng tr\u00ecnh \u0111\u00e0o t\u1ea1o th\u1ef1c h\u00e0nh s\u1ebd b\u1eaft \u0111\u1ea7u. Ch\u01b0\u01a1ng tr\u00ecnh n\u00e0y bao g\u1ed3m \u00edt nh\u1ea5t 16 b\u00e0i h\u1ecdc l\u00e1i xe v\u1edbi gi\u00e1o vi\u00ean h\u01b0\u1edbng d\u1eabn l\u00e1i xe, sau \u0111\u00f3 l\u00e0 b\u00e0i ki\u1ec3m tra th\u1ef1c h\u00e0nh k\u00e9o d\u00e0i m\u1ed9t gi\u1edd (c\u00f3 s\u1ef1 hi\u1ec7n di\u1ec7n c\u1ee7a gi\u00e1o vi\u00ean h\u01b0\u1edbng d\u1eabn l\u00e1i xe).<\/p>\n<p>Ng\u01b0\u1eddi h\u1ecdc l\u00e1i xe h\u1ea1ng B t\u1eeb 17 tu\u1ed5i tr\u1edf l\u00ean \u0111\u01b0\u1ee3c ph\u00e9p th\u1ef1c h\u00e0nh l\u00e1i xe n\u1ebfu c\u00f3 ng\u01b0\u1eddi th\u00e2n ho\u1eb7c b\u1ea1n b\u00e8 \u0111i c\u00f9ng, ng\u01b0\u1eddi n\u00e0y \u0111\u00e3 c\u00f3 gi\u1ea5y ph\u00e9p l\u00e1i xe h\u1ea1ng B trong h\u01a1n s\u00e1u n\u0103m v\u00e0 ch\u01b0a t\u1eebng b\u1ecb ph\u1ea1t.<\/p>\n<p>T\u1ea5t c\u1ea3 th\u00f4ng tin v\u1ec1 l\u00e1i xe k\u00e8m theo (Conduite accompaghn\u00e9e) (b\u1eb1ng ti\u1ebfng Ph\u00e1p)<br \/>\nSau khi ho\u00e0n th\u00e0nh b\u00e0i ki\u1ec3m tra th\u1ef1c h\u00e0nh th\u00e0nh c\u00f4ng, gi\u1ea5y ph\u00e9p l\u00e1i xe \u0111\u01b0\u1ee3c c\u1ea5p v\u00e0 ng\u01b0\u1eddi l\u00e1i xe m\u1edbi s\u1ebd nh\u1eadn \u0111\u01b0\u1ee3c gi\u1ea5y ph\u00e9p c\u1ee7a m\u00ecnh. \u0110\u00e2y l\u00e0 gi\u1ea5y ph\u00e9p th\u1eed vi\u1ec7c, c\u00f3 hi\u1ec7u l\u1ef1c trong hai n\u0103m. C\u00f3 nh\u1eefng h\u1ea1n ch\u1ebf \u0111\u1ed1i v\u1edbi ng\u01b0\u1eddi l\u00e1i xe m\u1edbi v\u00e0 gi\u1edbi h\u1ea1n n\u1ed3ng \u0111\u1ed9 c\u1ed3n trong m\u00e1u th\u1ea5p h\u01a1n.<\/p>\n<p>Trong th\u1eddi gian th\u1eed vi\u1ec7c, ng\u01b0\u1eddi l\u00e1i xe m\u1edbi ph\u1ea3i ho\u00e0n th\u00e0nh kh\u00f3a \u0111\u00e0o t\u1ea1o l\u00e1i xe b\u1eaft bu\u1ed9c t\u1ea1i Trung t\u00e2m \u0111\u00e0o t\u1ea1o l\u00e1i xe Colmar-Berg (CFC). C\u00e1c k\u1ef3 thi c\u00f3 th\u1ec3 \u0111\u01b0\u1ee3c th\u1ef1c hi\u1ec7n b\u1eb1ng ti\u1ebfng Anh (vui l\u00f2ng th\u00f4ng b\u00e1o cho trung t\u00e2m khi \u0111\u1eb7t l\u1ecbch h\u1eb9n). Kh\u00f3a h\u1ecdc ph\u1ea3i \u0111\u01b0\u1ee3c ho\u00e0n th\u00e0nh trong v\u00f2ng hai n\u0103m k\u1ec3 t\u1eeb khi c\u00f3 \u0111\u01b0\u1ee3c gi\u1ea5y ph\u00e9p l\u00e1i xe, nh\u01b0ng kh\u00f4ng s\u1edbm h\u01a1n ba th\u00e1ng (ho\u1eb7c n\u1ebfu ng\u01b0\u1eddi l\u00e1i xe c\u00f3 \u00edt nh\u1ea5t 3.000 km kinh nghi\u1ec7m l\u00e1i xe) sau khi gi\u1ea5y ph\u00e9p ban \u0111\u1ea7u \u0111\u01b0\u1ee3c c\u1ea5p.<\/p>\n<p>Th\u00f4ng tin th\u00eam t\u1eeb CFC b\u1eb1ng ti\u1ebfng Anh<br \/>\nTrung t\u00e2m h\u00ecnh th\u00e0nh d\u00e2y d\u1eabn (CFC)<br \/>\nV\u1ecb tr\u00ed: Colmar-Berg, gi\u1eefa N7\/E420 v\u00e0 A7<br \/>\n\u0110i\u1ec7n tho\u1ea1i: 85 82 85-1 (\u0111\u00f3ng c\u1eeda v\u00e0o th\u1ee9 Hai)<br \/>\nC\u00f3 th\u1ec3 t\u00ecm th\u1ea5y th\u00eam th\u00f4ng tin (b\u1eb1ng ti\u1ebfng Ph\u00e1p) tr\u00ean C\u1ed5ng th\u00f4ng tin c\u00f4ng d\u00e2n Luxembourg<br \/>\nTh\u1ea5t b\u1ea1i<br \/>\nB\u1ea1n c\u00f3 th\u1ec3 thi th\u01b0\u1eddng xuy\u00ean t\u00f9y \u00fd, mi\u1ec5n l\u00e0 \u0111\u00e3 thanh to\u00e1n l\u1ec7 ph\u00ed \u0111\u0103ng k\u00fd v\u00e0 ho\u00e0n th\u00e0nh \u00edt nh\u1ea5t m\u1ed9t gi\u1edd th\u1ef1c h\u00e0nh b\u1ed5 sung.<\/p>\n<p>HI\u1ec6U L\u1ef0C V\u00c0 GIA H\u1ea0N GI\u1ea4Y PH\u00c9P L\u00c1I XE<br \/>\nGi\u1ea5y ph\u00e9p l\u00e1i xe h\u1ea1ng A v\u00e0 B ph\u1ea3i \u0111\u01b0\u1ee3c gia h\u1ea1n m\u01b0\u1eddi n\u0103m m\u1ed9t l\u1ea7n cho \u0111\u1ebfn khi 70 tu\u1ed5i. Trong \u0111\u1ed9 tu\u1ed5i t\u1eeb 70 \u0111\u1ebfn 79, gi\u1ea5y ph\u00e9p c\u00f3 th\u1ec3 \u0111\u01b0\u1ee3c gia h\u1ea1n trong n\u0103m n\u0103m n\u1ebfu ng\u01b0\u1eddi s\u1edf h\u1eefu v\u01b0\u1ee3t qua k\u1ef3 ki\u1ec3m tra y t\u1ebf t\u1ea1i th\u1eddi \u0111i\u1ec3m gia h\u1ea1n. Sau 79 tu\u1ed5i, gi\u1ea5y ph\u00e9p ph\u1ea3i \u0111\u01b0\u1ee3c gia h\u1ea1n hai n\u0103m m\u1ed9t l\u1ea7n c\u00f9ng v\u1edbi k\u1ef3 ki\u1ec3m tra y t\u1ebf.<\/p>\n<p>Ch\u1ee7 s\u1edf h\u1eefu danh m\u1ee5c<\/p>\n<p>Ng\u01b0\u1eddi s\u1edf h\u1eefu b\u1eb1ng l\u00e1i xe h\u1ea1ng C, D ho\u1eb7c F ph\u1ea3i gia h\u1ea1n sau m\u1ed7i n\u0103m n\u0103m cho \u0111\u1ebfn khi 70 tu\u1ed5i, v\u1edbi \u0111i\u1ec1u ki\u1ec7n h\u1ecd ph\u1ea3i v\u01b0\u1ee3t qua k\u1ef3 ki\u1ec3m tra y t\u1ebf. Sau 70 tu\u1ed5i, b\u1eb1ng l\u00e1i xe c\u00f3 th\u1ec3 \u0111\u01b0\u1ee3c gia h\u1ea1n th\u00eam ba n\u0103m n\u1eefa v\u1edbi k\u1ef3 ki\u1ec3m tra y t\u1ebf. C\u00e1c lo\u1ea1i xe thu\u1ed9c h\u1ea1ng C, D v\u00e0 F kh\u00f4ng \u0111\u01b0\u1ee3c ph\u00e9p l\u00e1i sau 75 tu\u1ed5i.<\/p>\n<p>\u0110\u1ec3 \u0111\u1ed5i gi\u1ea5y ph\u00e9p l\u00e1i xe c\u1ea7n c\u00f3 c\u00e1c gi\u1ea5y t\u1edd sau \u0111\u00e2y (\u0110i\u1ec1u 78 B\u1ed9 lu\u1eadt D\u00e2n s\u1ef1):<\/p>\n<p>Gi\u1ea5y ch\u1ee9ng nh\u1eadn y t\u1ebf t\u1eeb b\u00e1c s\u0129 \u0111\u01b0\u1ee3c c\u1ea5p ph\u00e9p, kh\u00f4ng qu\u00e1 ba th\u00e1ng<br \/>\n\u1ea2nh h\u1ed9 chi\u1ebfu hi\u1ec7n t\u1ea1i<br \/>\nTh\u00f4ng tin th\u00eam v\u1ec1 vi\u1ec7c gia h\u1ea1n gi\u1ea5y ph\u00e9p l\u00e1i xe (b\u1eb1ng ti\u1ebfng Ph\u00e1p)<\/p>\n<p>GI\u1ea4Y PH\u00c9P L\u00c1I XE<br \/>\n\u0110\u1eb7t l\u1ecbch h\u1eb9n tr\u1ef1c tuy\u1ebfn t\u1ea1i qu\u1ea7y th\u00f4ng tin Guichet.lu<br \/>\nL\u00e0m b\u00e0i ki\u1ec3m tra l\u00e1i xe<br \/>\nl\u00e1i xe c\u00f3 ng\u01b0\u1eddi \u0111i k\u00e8m<br \/>\nGi\u1ea5y ph\u00e9p l\u00e1i xe theo \u0111i\u1ec3m<br \/>\nN\u1ed9p \u0111\u01a1n xin c\u1ea5p gi\u1ea5y ch\u1ee9ng nh\u1eadn x\u00e1c th\u1ef1c cho gi\u1ea5y ph\u00e9p l\u00e1i xe c\u1ee7a b\u1ea1n<br \/>\nGia h\u1ea1n th\u1eddi h\u1ea1n hi\u1ec7u l\u1ef1c c\u1ee7a gi\u1ea5y ph\u00e9p l\u00e1i xe<br \/>\nThay th\u1ebf gi\u1ea5y ph\u00e9p l\u00e1i xe b\u1ecb \u0111\u00e1nh c\u1eafp, m\u1ea5t ho\u1eb7c b\u1ecb h\u01b0 h\u1ecfng<br \/>\nThu h\u1ed3i ngay gi\u1ea5y ph\u00e9p l\u00e1i xe<br \/>\nTrao \u0111\u1ed5i th\u00f4ng tin v\u1ec1 vi ph\u1ea1m an to\u00e0n giao th\u00f4ng<br \/>\nHi\u1ec7u l\u1ef1c c\u1ee7a gi\u1ea5y ph\u00e9p l\u00e1i xe khi di chuy\u1ec3n trong EEA<br \/>\n\u0110\u0103ng k\u00fd, \u0111\u1ed5i ho\u1eb7c chuy\u1ec3n \u0111\u1ed5i gi\u1ea5y ph\u00e9p l\u00e1i xe n\u01b0\u1edbc ngo\u00e0i<br \/>\nN\u1ed9p \u0111\u01a1n xin c\u1ea5p gi\u1ea5y ph\u00e9p l\u00e1i xe qu\u1ed1c t\u1ebf<\/p>","protected":false},"excerpt":{"rendered":"<p>TH\u00d4NG TIN V\u1ec0 GI\u1ea4Y PH\u00c9P L\u00c1I XE \u1ede LUXEMBOURG: TH\u00d4NG TIN V\u1ec0 \u0110\u01a0N XIN GI\u1ea4Y PH\u00c9P L\u00c1I XE \u1ede LUXEMBOURG TR\u1ef0C TUY\u1ebeN V\u00c0 V\u1ec0 \u0110\u0102NG K\u00dd K\u1ef2 THI L\u00c1I XE\u2026 Ng\u01b0\u1eddi l\u00e1i xe \u1edf Luxembourg ph\u1ea3i<\/p>","protected":false},"featured_media":22677,"template":"","meta":[],"product_brand":[],"product_cat":[927],"product_tag":[],"class_list":{"0":"post-22639","1":"product","2":"type-product","3":"status-publish","4":"has-post-thumbnail","6":"product_cat-fuehrerschein","8":"first","9":"instock","10":"taxable","11":"shipping-taxable","12":"purchasable","13":"product-type-simple"},"_links":{"self":[{"href":"https:\/\/primeprintingweb.com\/vi\/wp-json\/wp\/v2\/product\/22639","targetHints":{"allow":["GET"]}}],"collection":[{"href":"https:\/\/primeprintingweb.com\/vi\/wp-json\/wp\/v2\/product"}],"about":[{"href":"https:\/\/primeprintingweb.com\/vi\/wp-json\/wp\/v2\/types\/product"}],"version-history":[{"count":2,"href":"https:\/\/primeprintingweb.com\/vi\/wp-json\/wp\/v2\/product\/22639\/revisions"}],"predecessor-version":[{"id":22826,"href":"https:\/\/primeprintingweb.com\/vi\/wp-json\/wp\/v2\/product\/22639\/revisions\/22826"}],"wp:featuredmedia":[{"embeddable":true,"href":"https:\/\/primeprintingweb.com\/vi\/wp-json\/wp\/v2\/media\/22677"}],"wp:attachment":[{"href":"https:\/\/primeprintingweb.com\/vi\/wp-json\/wp\/v2\/media?parent=22639"}],"wp:term":[{"taxonomy":"product_brand","embeddable":true,"href":"https:\/\/primeprintingweb.com\/vi\/wp-json\/wp\/v2\/product_brand?post=22639"},{"taxonomy":"product_cat","embeddable":true,"href":"https:\/\/primeprintingweb.com\/vi\/wp-json\/wp\/v2\/product_cat?post=22639"},{"taxonomy":"product_tag","embeddable":true,"href":"https:\/\/primeprintingweb.com\/vi\/wp-json\/wp\/v2\/product_tag?post=22639"}],"curies":[{"name":"wp","href":"https:\/\/api.w.org\/{rel}","templated":true}]}}