{"id":22640,"date":"2025-05-13T04:17:25","date_gmt":"2025-05-13T04:17:25","guid":{"rendered":"https:\/\/primeprintingweb.com\/?post_type=product&#038;p=22640"},"modified":"2025-05-18T17:06:23","modified_gmt":"2025-05-18T17:06:23","slug":"malaysian-drivers-license-online","status":"publish","type":"product","link":"https:\/\/primeprintingweb.com\/vi\/geschaeft\/fuehrerschein\/malaysian-drivers-license-online\/","title":{"rendered":"GI\u1ea4Y PH\u00c9P L\u00c1I XE MALAYSIA TR\u1ef0C TUY\u1ebeN"},"content":{"rendered":"<p>L\u00fd do t\u1ea1i sao b\u1ea1n c\u1ea7n gi\u1ea5y ph\u00e9p l\u00e1i xe Malaysia tr\u1ef1c tuy\u1ebfn: B\u1ea1n l\u00e0 m\u1ed9t thanh ni\u00ean 17 tu\u1ed5i h\u00e1o h\u1ee9c mu\u1ed1n l\u00e1i xe \u0111\u1ed9c l\u1eadp, m\u1ed9t ng\u01b0\u1eddi n\u01b0\u1edbc ngo\u00e0i ho\u1eb7c sinh vi\u00ean qu\u1ed1c t\u1ebf \u1edf l\u1ea1i Malaysia l\u00e2u d\u00e0i ho\u1eb7c b\u1ea1n mu\u1ed1n l\u00e1i xe cho c\u00e1c c\u00f4ng ty g\u1ecdi xe \u0111i\u1ec7n t\u1eed nh\u01b0 Grab. Tr\u01b0\u1edbc khi b\u1ea1n \u0111\u0103ng k\u00fd v\u00e0o m\u1ed9t tr\u01b0\u1eddng d\u1ea1y l\u00e1i xe, b\u00e0i vi\u1ebft n\u00e0y s\u1ebd gi\u00fap b\u1ea1n hi\u1ec3u c\u00e1ch l\u1ea5y gi\u1ea5y ph\u00e9p l\u00e1i xe \u1edf Malaysia, c\u00e1c lo\u1ea1i gi\u1ea5y ph\u00e9p kh\u00e1c nhau v\u00e0 c\u00e1c kho\u1ea3n ph\u00ed li\u00ean quan.<\/p>\n<p>C\u00c1C LO\u1ea0I GI\u1ea4Y PH\u00c9P L\u00c1I XE KH\u00c1C NHAU \u1ede MALAYSIA<br \/>\nC\u00f3 n\u0103m lo\u1ea1i gi\u1ea5y ph\u00e9p l\u00e1i xe kh\u00e1c nhau \u1edf Malaysia:<\/p>\n<p>1. Gi\u1ea5y ph\u00e9p h\u1ecdc l\u00e1i xe (LDL), c\u00f2n \u0111\u01b0\u1ee3c g\u1ecdi l\u00e0 gi\u1ea5y ph\u00e9p l\u00e1i xe c\u00f3 bi\u1ec3n b\u00e1o &quot;L&quot;<br \/>\n\u0110\u00e2y l\u00e0 gi\u1ea5y ph\u00e9p l\u00e1i xe \u0111\u1ea7u ti\u00ean b\u1ea1n s\u1ebd nh\u1eadn \u0111\u01b0\u1ee3c sau khi \u0111\u0103ng k\u00fd v\u00e0o tr\u01b0\u1eddng d\u1ea1y l\u00e1i xe. Ng\u01b0\u1eddi c\u00f3 gi\u1ea5y ph\u00e9p LDL ch\u1ec9 \u0111\u01b0\u1ee3c ph\u00e9p l\u00e1i xe c\u00f3 bi\u1ec3n s\u1ed1 &quot;L&quot; v\u00e0 ph\u1ea3i c\u00f3 ng\u01b0\u1eddi h\u01b0\u1edbng d\u1eabn l\u00e1i xe \u0111i c\u00f9ng.<\/p>\n<p>LDL c\u00f3 th\u1ec3 \u0111\u01b0\u1ee3c c\u1ea5p v\u00e0 gia h\u1ea1n trong th\u1eddi h\u1ea1n t\u1eeb 3 \u0111\u1ebfn 6 th\u00e1ng, t\u1ed1i \u0111a l\u00e0 2 n\u0103m k\u1ec3 t\u1eeb ng\u00e0y c\u1ea5p. Sau ng\u00e0y h\u1ebft h\u1ea1n, ng\u01b0\u1eddi gi\u1eef LDL ph\u1ea3i b\u1eaft \u0111\u1ea7u l\u1ea1i to\u00e0n b\u1ed9 quy tr\u00ecnh h\u1ecdc l\u00e1i xe \u0111\u1ec3 c\u00f3 \u0111\u01b0\u1ee3c LDL gia h\u1ea1n. Do \u0111\u00f3, vui l\u00f2ng \u0111\u1ea3m b\u1ea3o b\u1ea1n ho\u00e0n th\u00e0nh c\u00e1c b\u00e0i h\u1ecdc l\u00e1i xe tr\u01b0\u1edbc khi th\u1eddi h\u1ea1n 2 n\u0103m h\u1ebft h\u1ea1n.<\/p>\n<p>2. B\u1eb0NG L\u00c1I XE TH\u1eec VI\u1ec6C (PDL), C\u00d2N \u0110\u01af\u1ee2C G\u1eccI L\u00c0 L\u00c1I XE C\u00d3 BI\u1ec2N HI\u1ec6U &quot;P&quot;<br \/>\nSau khi b\u1ea1n \u0111\u00e3 v\u01b0\u1ee3t qua t\u1ea5t c\u1ea3 c\u00e1c b\u00e0i h\u1ecdc v\u00e0 b\u00e0i ki\u1ec3m tra l\u00e1i xe v\u00e0 \u0111\u01b0\u1ee3c Jabatan Pengangkutan Jalan ho\u1eb7c S\u1edf Giao th\u00f4ng \u0110\u01b0\u1eddng b\u1ed9 Malaysia (JPJ) ch\u1ee9ng nh\u1eadn l\u00e0 ng\u01b0\u1eddi l\u00e1i xe \u0111\u1ee7 ti\u00eau chu\u1ea9n, b\u1ea1n s\u1ebd nh\u1eadn \u0111\u01b0\u1ee3c PDL.<\/p>\n<p>V\u1edbi t\u01b0 c\u00e1ch l\u00e0 ng\u01b0\u1eddi l\u00e1i xe m\u1edbi, b\u1ea1n ph\u1ea3i tu\u00e2n theo h\u1ec7 th\u1ed1ng \u0111i\u1ec3m ph\u1ea1t KEJARA 10 \u0111i\u1ec3m, h\u1ec7 th\u1ed1ng n\u00e0y tr\u1eeb \u0111i\u1ec3m d\u1ef1a tr\u00ean c\u00e1c lo\u1ea1i vi ph\u1ea1m giao th\u00f4ng kh\u00e1c nhau. N\u1ebfu b\u1ea1n t\u00edch l\u0169y 10 \u0111i\u1ec3m trong v\u00f2ng hai n\u0103m v\u1edbi t\u01b0 c\u00e1ch l\u00e0 ng\u01b0\u1eddi l\u00e1i xe &quot;P&quot;, gi\u1ea5y ph\u00e9p c\u1ee7a b\u1ea1n s\u1ebd b\u1ecb \u0111\u00ecnh ch\u1ec9. V\u1edbi t\u01b0 c\u00e1ch l\u00e0 ng\u01b0\u1eddi l\u00e1i xe m\u1edbi, b\u1ea1n ph\u1ea3i g\u1eafn bi\u1ec3n s\u1ed1 P \u1edf ph\u00eda tr\u01b0\u1edbc v\u00e0 ph\u00eda sau xe c\u1ee7a m\u00ecnh.<\/p>\n<p>3. GI\u1ea4Y PH\u00c9P L\u00c1I XE (CDL)<br \/>\n\u0110\u00e2y l\u00e0 gi\u1ea5y ph\u00e9p l\u00e1i xe \u0111\u1ea7y \u0111\u1ee7 m\u00e0 b\u1ea1n nh\u1eadn \u0111\u01b0\u1ee3c sau th\u1eddi gian th\u1eed vi\u1ec7c hai n\u0103m. L\u00e0 m\u1ed9t t\u00e0i x\u1ebf CDL, b\u1ea1n ph\u1ea3i tu\u00e2n theo h\u1ec7 th\u1ed1ng 15 \u0111i\u1ec3m c\u1ee7a KEJARA, h\u1ec7 th\u1ed1ng n\u00e0y s\u1ebd tr\u1eeb \u0111i\u1ec3m cho c\u00e1c h\u00e0nh vi vi ph\u1ea1m giao th\u00f4ng v\u00e0 d\u1eabn \u0111\u1ebfn vi\u1ec7c \u0111\u00ecnh ch\u1ec9 ho\u1eb7c thu h\u1ed3i gi\u1ea5y ph\u00e9p l\u00e1i xe c\u1ee7a b\u1ea1n.<\/p>\n<p>Gi\u1ea5y ph\u00e9p CDL c\u00f3 hi\u1ec7u l\u1ef1c trong m\u1ed9t n\u0103m v\u00e0 h\u1ebft h\u1ea1n v\u00e0o ng\u00e0y sinh nh\u1eadt c\u1ee7a b\u1ea1n. B\u1ea1n c\u00f3 th\u1ec3 gia h\u1ea1n t\u1ed1i \u0111a n\u0103m n\u0103m t\u1ea1i m\u1ed7i l\u1ea7n gia h\u1ea1n. Ph\u00ed gia h\u1ea1n l\u00e0 RM30 m\u1ed9t n\u0103m (c\u1ed9ng thu\u1ebf). C\u00f3 th\u1ec3 \u00e1p d\u1ee5ng th\u00eam ph\u00ed x\u1eed l\u00fd t\u00f9y thu\u1ed9c v\u00e0o n\u01a1i b\u1ea1n gia h\u1ea1n gi\u1ea5y ph\u00e9p.<\/p>\n<p>\u0110\u1ec3 gia h\u1ea1n gi\u1ea5y ph\u00e9p CDL, ch\u1ec9 c\u1ea7n \u0111\u1ebfn chi nh\u00e1nh POS Malaysia ho\u1eb7c JPJ g\u1ea7n nh\u1ea5t v\u00e0 mang theo MyKad (ho\u1eb7c c\u00e1c gi\u1ea5y t\u1edd t\u00f9y th\u00e2n h\u1ee3p l\u1ec7 kh\u00e1c) v\u00e0 gi\u1ea5y ph\u00e9p l\u00e1i xe hi\u1ec7n t\u1ea1i c\u1ee7a b\u1ea1n. Th\u00f4ng b\u00e1o cho th\u1ee7 qu\u1ef9 s\u1ed1 n\u0103m b\u1ea1n mu\u1ed1n gia h\u1ea1n gi\u1ea5y ph\u00e9p CDL v\u00e0 thanh to\u00e1n. Gi\u1ea5y ph\u00e9p CDL m\u1edbi c\u1ee7a b\u1ea1n s\u1ebd \u0111\u01b0\u1ee3c c\u1ea5p ngay l\u1eadp t\u1ee9c.<\/p>\n<p>4. Gi\u1ea5y ph\u00e9p l\u00e1i xe chuy\u00ean nghi\u1ec7p (VDL)\/gi\u1ea5y ph\u00e9p l\u00e1i xe th\u01b0\u01a1ng m\u1ea1i<br \/>\nM\u1eb7c d\u00f9 b\u00e0i vi\u1ebft n\u00e0y ch\u1ee7 y\u1ebfu t\u1eadp trung v\u00e0o vi\u1ec7c l\u1ea5y b\u1eb1ng l\u00e1i \u00f4 t\u00f4, b\u1ea1n c\u0169ng c\u00f3 th\u1ec3 l\u1ea5y b\u1eb1ng chuy\u00ean ng\u00e0nh cho m\u1ee5c \u0111\u00edch th\u01b0\u01a1ng m\u1ea1i, bao g\u1ed3m c\u1ea3 xe bu\u00fdt v\u00e0 xe t\u1ea3i.<\/p>\n<p>5. Gi\u1ea5y ph\u00e9p l\u00e1i xe qu\u1ed1c t\u1ebf (IDP)<br \/>\nGi\u1ea5y ph\u00e9p n\u00e0y cho ph\u00e9p ng\u01b0\u1eddi l\u00e1i xe Malaysia l\u00e1i xe \u1edf n\u01b0\u1edbc ngo\u00e0i. N\u00f3 \u0111\u1eb7c bi\u1ec7t h\u1eefu \u00edch n\u1ebfu b\u1ea1n \u0111ang \u0111i du l\u1ecbch n\u01b0\u1edbc ngo\u00e0i v\u00e0 mu\u1ed1n thu\u00ea xe. Ch\u1ec9 nh\u1eefng ng\u01b0\u1eddi c\u00f3 CDL t\u1eeb 18 tu\u1ed5i tr\u1edf l\u00ean m\u1edbi c\u00f3 th\u1ec3 n\u1ed9p \u0111\u01a1n xin IDP. Nh\u1eefng ng\u01b0\u1eddi c\u00f3 PDL kh\u00f4ng \u0111\u1ee7 \u0111i\u1ec1u ki\u1ec7n.<\/p>\n<p>C\u00f3 n\u0103m lo\u1ea1i gi\u1ea5y ph\u00e9p l\u00e1i xe ch\u00ednh \u1edf Malaysia:<\/p>\n<p>i) Gi\u1ea5y ph\u00e9p l\u00e1i xe t\u1eadp l\u00e1i (LDL)<\/p>\n<p>H\u1ecdc vi\u00ean ch\u1ec9 \u0111\u01b0\u1ee3c ph\u00e9p l\u00e1i xe c\u00f3 bi\u1ec3n s\u1ed1 &quot;L&quot; do tr\u01b0\u1eddng d\u1ea1y l\u00e1i xe c\u1ea5p d\u01b0\u1edbi s\u1ef1 gi\u00e1m s\u00e1t c\u1ee7a gi\u00e1o vi\u00ean h\u01b0\u1edbng d\u1eabn l\u00e1i xe. V\u1edbi xe m\u00e1y LDL, h\u1ecd \u0111\u01b0\u1ee3c ph\u00e9p l\u00e1i xe m\u00e0 kh\u00f4ng c\u00f3 ng\u01b0\u1eddi ng\u1ed3i sau. LDL c\u00f3 th\u1ec3 \u0111\u01b0\u1ee3c gia h\u1ea1n sau m\u1ed7i 3 ho\u1eb7c 6 th\u00e1ng trong t\u1ed1i \u0111a 2 n\u0103m. Sau th\u1eddi h\u1ea1n hi\u1ec7u l\u1ef1c 2 n\u0103m, ng\u01b0\u1eddi gi\u1eef LDL c\u00f3 th\u1ec3 ph\u1ea3i l\u1eb7p l\u1ea1i to\u00e0n b\u1ed9 quy tr\u00ecnh c\u1ee7a tr\u01b0\u1eddng d\u1ea1y l\u00e1i xe \u0111\u1ec3 xin LDL m\u1edbi.<\/p>\n<p>ii) Gi\u1ea5y ph\u00e9p l\u00e1i xe t\u1eadp l\u00e1i (PDL)<\/p>\n<p>B\u1eb1ng n\u00e0y \u0111\u01b0\u1ee3c c\u1ea5p cho nh\u1eefng ng\u01b0\u1eddi l\u00e1i xe m\u1edbi \u0111\u00e3 v\u01b0\u1ee3t qua t\u1ea5t c\u1ea3 c\u00e1c th\u1ee7 t\u1ee5c v\u00e0 b\u00e0i ki\u1ec3m tra c\u1ee7a tr\u01b0\u1eddng d\u1ea1y l\u00e1i xe. Nh\u1eefng ng\u01b0\u1eddi l\u00e1i xe m\u1edbi ph\u1ea3i tu\u00e2n theo h\u1ec7 th\u1ed1ng \u0111i\u1ec3m ph\u1ea1t KEJARA 10 \u0111i\u1ec3m, h\u1ec7 th\u1ed1ng n\u00e0y s\u1ebd tr\u1eeb \u0111i\u1ec3m d\u1ef1a tr\u00ean lo\u1ea1i vi ph\u1ea1m giao th\u00f4ng. PDL s\u1ebd b\u1ecb thu h\u1ed3i khi ng\u01b0\u1eddi gi\u1eef PDL t\u00edch l\u0169y \u0111\u01b0\u1ee3c 10 \u0111i\u1ec3m ph\u1ea1t. Nh\u1eefng ng\u01b0\u1eddi l\u00e1i xe m\u1edbi ph\u1ea3i g\u1eafn bi\u1ec3n s\u1ed1 t\u1ea1m th\u1eddi (\u0111\u01b0\u1ee3c \u0111\u00e1nh d\u1ea5u b\u1eb1ng ch\u1eef P m\u00e0u tr\u1eafng tr\u00ean n\u1ec1n \u0111\u1ecf) \u1edf ph\u00eda tr\u01b0\u1edbc v\u00e0 ph\u00eda sau xe c\u1ee7a h\u1ecd. PDL c\u00f3 th\u1ec3 \u0111\u01b0\u1ee3c chuy\u1ec3n \u0111\u1ed5i th\u00e0nh gi\u1ea5y ph\u00e9p l\u00e1i xe \u0111\u1ea7y \u0111\u1ee7 (CDL) sau hai n\u0103m. Th\u1eddi gian chuy\u1ec3n \u0111\u1ed5i m\u1ed9t n\u0103m \u0111\u01b0\u1ee3c \u00e1p d\u1ee5ng cho vi\u1ec7c chuy\u1ec3n \u0111\u1ed5i tr\u01b0\u1edbc khi ng\u01b0\u1eddi gi\u1eef gi\u1ea5y ph\u00e9p ph\u1ea3i b\u1eaft \u0111\u1ea7u l\u1ea1i c\u00e1c b\u00e0i h\u1ecdc l\u00e1i xe.<\/p>\n<p>iii) Gi\u1ea5y ph\u00e9p l\u00e1i xe t\u1eadp l\u00e1i (CDL)<\/p>\n<p>B\u1eb1ng l\u00e1i xe \u0111\u1ea7y \u0111\u1ee7 chuy\u1ec3n \u0111\u1ed5i t\u1eeb PDL sau hai n\u0103m. Ng\u01b0\u1eddi s\u1edf h\u1eefu CDL ph\u1ea3i ho\u00e0n th\u00e0nh h\u1ec7 th\u1ed1ng KEJARA 15 \u0111i\u1ec3m tr\u01b0\u1edbc khi gi\u1ea5y ph\u00e9p c\u1ee7a h\u1ecd c\u00f3 th\u1ec3 b\u1ecb \u0111\u00ecnh ch\u1ec9 ho\u1eb7c thu h\u1ed3i. CDL c\u00f3 th\u1ec3 \u0111\u01b0\u1ee3c gia h\u1ea1n sau m\u1ed7i m\u1ed9t, hai, ba ho\u1eb7c n\u0103m n\u0103m.<\/p>\n<p>C\u00f3 th\u1eddi gian gia h\u1ea1n ba n\u0103m \u0111\u1ec3 gia h\u1ea1n gi\u1ea5y ph\u00e9p l\u00e1i xe tr\u01b0\u1edbc khi h\u1ebft h\u1ea1n. Ng\u01b0\u1eddi c\u00f3 CDL c\u00f3 th\u1ec3 ph\u1ea3i h\u1ecdc l\u1ea1i t\u1ea5t c\u1ea3 c\u00e1c b\u00e0i h\u1ecdc l\u00e1i xe sau khi gi\u1ea5y ph\u00e9p h\u1ebft h\u1ea1n.<\/p>\n<p>iv) Gi\u1ea5y ph\u00e9p l\u00e1i xe chuy\u00ean nghi\u1ec7p (VDL) ho\u1eb7c gi\u1ea5y ph\u00e9p l\u00e1i xe th\u01b0\u01a1ng m\u1ea1i<\/p>\n<p>Gi\u1ea5y ph\u00e9p l\u00e1i xe \u0111\u1eb7c bi\u1ec7t d\u00e0nh cho ng\u01b0\u1eddi l\u00e1i xe th\u01b0\u01a1ng m\u1ea1i nh\u01b0 xe bu\u00fdt v\u00e0 xe t\u1ea3i, do C\u01a1 quan Giao th\u00f4ng \u0110\u01b0\u1eddng b\u1ed9 (JPJ) v\u00e0 C\u01a1 quan C\u1ea5p ph\u00e9p Xe th\u01b0\u01a1ng m\u1ea1i (LPKP) c\u1ea5p chung.<\/p>\n<p>v) Gi\u1ea5y ph\u00e9p l\u00e1i xe qu\u1ed1c t\u1ebf (IDP)<\/p>\n<p>Gi\u1ea5y ph\u00e9p l\u00e1i xe qu\u1ed1c t\u1ebf (IDP) cho ph\u00e9p ng\u01b0\u1eddi Malaysia l\u00e1i xe \u1edf n\u01b0\u1edbc ngo\u00e0i. T\u00ecm hi\u1ec3u c\u00e1ch xin IDP t\u1ea1i Malaysia.<\/p>\n<p>TH\u00d4NG B\u00c1O:<\/p>\n<p>C\u00f3 nhi\u1ec1u lo\u1ea1i gi\u1ea5y ph\u00e9p l\u00e1i xe kh\u00e1c nhau:<\/p>\n<p>A \u2013 Xe b\u1ecb h\u1ecfng<br \/>\nB \u2013 Xe m\u00e1y (t\u1ea5t c\u1ea3 c\u00e1c lo\u1ea1i)<br \/>\nB1 \u2013 Xe m\u00e1y c\u00f3 dung t\u00edch \u0111\u1ebfn 500 cc<br \/>\nB2 \u2013 Xe m\u00e1y c\u00f3 dung t\u00edch \u0111\u1ebfn 250 cc<br \/>\nC \u2013 Xe ba b\u00e1nh<br \/>\nD \/ DA* \u2013 Xe ch\u1edf kh\u00e1ch c\u00f3 tr\u1ecdng l\u01b0\u1ee3ng kh\u00f4ng t\u1ea3i l\u00ean \u0111\u1ebfn 3500 kg<br \/>\nE \u2013 Xe t\u1ea3i (t\u1ea5t c\u1ea3 c\u00e1c h\u1ea1ng)<br \/>\nE1 \u2013 Xe t\u1ea3i c\u00f3 tr\u1ecdng l\u01b0\u1ee3ng kh\u00f4ng t\u1ea3i l\u00ean \u0111\u1ebfn 7500 kg<br \/>\nE2 \u2013 Xe t\u1ea3i c\u00f3 tr\u1ecdng l\u01b0\u1ee3ng kh\u00f4ng t\u1ea3i l\u00ean \u0111\u1ebfn 5000 kg<br \/>\nF \u2013 M\u00e1y k\u00e9o \/ m\u00e1y m\u00f3c c\u01a1 gi\u1edbi h\u1ea1ng nh\u1eb9 (xe c\u00f3 b\u00e1nh) c\u00f3 tr\u1ecdng l\u01b0\u1ee3ng kh\u00f4ng t\u1ea3i l\u00ean \u0111\u1ebfn 5000 kg<br \/>\nG \u2013 M\u00e1y k\u00e9o\/m\u00e1y m\u00f3c c\u01a1 gi\u1edbi h\u1ea1ng nh\u1eb9 (xe x\u00edch) c\u00f3 tr\u1ecdng l\u01b0\u1ee3ng kh\u00f4ng t\u1ea3i l\u00ean \u0111\u1ebfn 5000 kg<br \/>\nH \u2013 M\u00e1y k\u00e9o \/ m\u00e1y m\u00f3c c\u01a1 gi\u1edbi h\u1ea1ng n\u1eb7ng (xe c\u00f3 b\u00e1nh xe) c\u00f3 tr\u1ecdng l\u01b0\u1ee3ng kh\u00f4ng t\u1ea3i tr\u00ean 5000 kg<br \/>\nI \u2013 M\u00e1y k\u00e9o \/ m\u00e1y m\u00f3c c\u01a1 gi\u1edbi h\u1ea1ng n\u1eb7ng (xe x\u00edch) c\u00f3 tr\u1ecdng l\u01b0\u1ee3ng kh\u00f4ng t\u1ea3i tr\u00ean 5000 kg<\/p>\n<p>DA* = Ch\u1ec9 nh\u1eefng xe c\u00f3 h\u1ed9p s\u1ed1 t\u1ef1 \u0111\u1ed9ng.<\/p>","protected":false},"excerpt":{"rendered":"<p>L\u00fd do t\u1ea1i sao b\u1ea1n c\u1ea7n c\u00f3 gi\u1ea5y ph\u00e9p l\u00e1i xe Malaysia tr\u1ef1c tuy\u1ebfn: B\u1ea1n l\u00e0 m\u1ed9t thanh ni\u00ean 17 tu\u1ed5i h\u00e1o h\u1ee9c mu\u1ed1n l\u00e1i xe \u0111\u1ed9c l\u1eadp, m\u1ed9t ng\u01b0\u1eddi n\u01b0\u1edbc ngo\u00e0i ho\u1eb7c<\/p>","protected":false},"featured_media":22679,"template":"","meta":[],"product_brand":[],"product_cat":[927],"product_tag":[],"class_list":{"0":"post-22640","1":"product","2":"type-product","3":"status-publish","4":"has-post-thumbnail","6":"product_cat-fuehrerschein","8":"first","9":"instock","10":"taxable","11":"shipping-taxable","12":"purchasable","13":"product-type-simple"},"_links":{"self":[{"href":"https:\/\/primeprintingweb.com\/vi\/wp-json\/wp\/v2\/product\/22640","targetHints":{"allow":["GET"]}}],"collection":[{"href":"https:\/\/primeprintingweb.com\/vi\/wp-json\/wp\/v2\/product"}],"about":[{"href":"https:\/\/primeprintingweb.com\/vi\/wp-json\/wp\/v2\/types\/product"}],"version-history":[{"count":2,"href":"https:\/\/primeprintingweb.com\/vi\/wp-json\/wp\/v2\/product\/22640\/revisions"}],"predecessor-version":[{"id":22823,"href":"https:\/\/primeprintingweb.com\/vi\/wp-json\/wp\/v2\/product\/22640\/revisions\/22823"}],"wp:featuredmedia":[{"embeddable":true,"href":"https:\/\/primeprintingweb.com\/vi\/wp-json\/wp\/v2\/media\/22679"}],"wp:attachment":[{"href":"https:\/\/primeprintingweb.com\/vi\/wp-json\/wp\/v2\/media?parent=22640"}],"wp:term":[{"taxonomy":"product_brand","embeddable":true,"href":"https:\/\/primeprintingweb.com\/vi\/wp-json\/wp\/v2\/product_brand?post=22640"},{"taxonomy":"product_cat","embeddable":true,"href":"https:\/\/primeprintingweb.com\/vi\/wp-json\/wp\/v2\/product_cat?post=22640"},{"taxonomy":"product_tag","embeddable":true,"href":"https:\/\/primeprintingweb.com\/vi\/wp-json\/wp\/v2\/product_tag?post=22640"}],"curies":[{"name":"wp","href":"https:\/\/api.w.org\/{rel}","templated":true}]}}