{"id":22643,"date":"2025-05-13T04:17:25","date_gmt":"2025-05-13T04:17:25","guid":{"rendered":"https:\/\/primeprintingweb.com\/?post_type=product&#038;p=22643"},"modified":"2025-05-18T17:02:18","modified_gmt":"2025-05-18T17:02:18","slug":"new-zealand-drivers-license","status":"publish","type":"product","link":"https:\/\/primeprintingweb.com\/vi\/geschaeft\/fuehrerschein\/new-zealand-drivers-license\/","title":{"rendered":"GI\u1ea4Y PH\u00c9P L\u00c1I XE NEW ZEALAND"},"content":{"rendered":"<p>Kh\u00f4ng c\u1ea7n ph\u1ea3i c\u00f3 gi\u1ea5y ph\u00e9p l\u00e1i xe c\u1ee7a New Zealand \u0111\u1ec3 \u0111i du l\u1ecbch \u0111\u1ebfn New Zealand. B\u1ea1n c\u00f3 th\u1ec3 l\u00e1i xe trong 12 th\u00e1ng v\u1edbi gi\u1ea5y ph\u00e9p l\u00e1i xe qu\u1ed1c t\u1ebf c\u1ee7a qu\u1ed1c gia b\u1ea1n. Tuy nhi\u00ean, \u0111\u1ec3 \u1edf l\u1ea1i l\u00e2u h\u01a1n, b\u1ea1n s\u1ebd c\u1ea7n c\u00f3 gi\u1ea5y ph\u00e9p l\u00e1i xe c\u1ee7a New Zealand.<\/p>\n<p>GI\u1ea4Y PH\u00c9P L\u00c1I XE<br \/>\nV\u1edbi gi\u1ea5y ph\u00e9p l\u00e1i xe h\u1ee3p l\u1ec7, b\u1ea1n c\u00f3 th\u1ec3 l\u00e1i xe h\u1ee3p ph\u00e1p t\u1ea1i New Zealand trong t\u1ed1i \u0111a 12 th\u00e1ng. N\u1ebfu gi\u1ea5y ph\u00e9p c\u1ee7a b\u1ea1n kh\u00f4ng ph\u1ea3i b\u1eb1ng ti\u1ebfng Anh, b\u1ea1n s\u1ebd c\u1ea7n b\u1ea3n d\u1ecbch ti\u1ebfng Anh ph\u00f9 h\u1ee3p.<\/p>\n<p>B\u1eb0NG L\u00c1I XE QU\u1ed0C T\u1ebe<br \/>\nV\u1edbi Gi\u1ea5y ph\u00e9p l\u00e1i xe qu\u1ed1c t\u1ebf (IDP) \u0111\u01b0\u1ee3c c\u1ea5p b\u1eb1ng ti\u1ebfng Anh ho\u1eb7c \u0111\u01b0\u1ee3c d\u1ecbch sang ti\u1ebfng Anh, b\u1ea1n c\u00f3 th\u1ec3 l\u00e1i xe h\u1ee3p ph\u00e1p \u1edf New Zealand trong t\u1ed1i \u0111a 12 th\u00e1ng. B\u1ea1n c\u0169ng ph\u1ea3i mang theo gi\u1ea5y ph\u00e9p l\u00e1i xe h\u1ee3p l\u1ec7 m\u00e0 gi\u1ea5y ph\u00e9p d\u1ef1a tr\u00ean.<\/p>\n<p>D\u1ecaCH THU\u1eacT B\u1eb0NG L\u00c1I XE C\u1ee6A B\u1ea0N<br \/>\nB\u1ea3n d\u1ecbch gi\u1ea5y ph\u00e9p l\u00e1i xe n\u01b0\u1edbc ngo\u00e0i ho\u1eb7c gi\u1ea5y ph\u00e9p l\u00e1i xe n\u01b0\u1edbc ngo\u00e0i c\u1ee7a b\u1ea1n c\u00f3 th\u1ec3 \u0111\u01b0\u1ee3c c\u1ea5p b\u1edfi:<\/p>\n<p>m\u1ed9t bi\u00ean d\u1ecbch vi\u00ean \u0111\u01b0\u1ee3c C\u01a1 quan Giao th\u00f4ng V\u1eadn t\u1ea3i New Zealand ch\u1ea5p thu\u1eadn<br \/>\n\u0111\u1ea1i di\u1ec7n ngo\u1ea1i giao t\u1ea1i m\u1ed9t \u1ee7y ban cao c\u1ea5p, \u0111\u1ea1i s\u1ee9 qu\u00e1n ho\u1eb7c l\u00e3nh s\u1ef1 qu\u00e1n; ho\u1eb7c<br \/>\nc\u01a1 quan c\u1ea5p gi\u1ea5y ph\u00e9p l\u00e1i xe n\u01b0\u1edbc ngo\u00e0i c\u1ee7a b\u1ea1n (gi\u1ea5y ph\u00e9p l\u00e1i xe qu\u1ed1c t\u1ebf c\u00f3 th\u1ec3 \u0111\u01b0\u1ee3c ch\u1ea5p nh\u1eadn d\u01b0\u1edbi d\u1ea1ng b\u1ea3n d\u1ecbch).<br \/>\nQUY \u0110\u1ecaNH V\u00c0 QUY CH\u1ebe<br \/>\n\u1ede New Zealand, t\u1ea5t c\u1ea3 t\u00e0i x\u1ebf, bao g\u1ed3m c\u1ea3 du kh\u00e1ch t\u1eeb c\u00e1c qu\u1ed1c gia kh\u00e1c, ph\u1ea3i lu\u00f4n mang theo gi\u1ea5y ph\u00e9p l\u00e1i xe ho\u1eb7c gi\u1ea5y ph\u00e9p. B\u1ea1n ch\u1ec9 \u0111\u01b0\u1ee3c l\u00e1i nh\u1eefng lo\u1ea1i xe m\u00e0 b\u1ea1n \u0111\u01b0\u1ee3c c\u1ea5p ph\u00e9p \u1edf qu\u1ed1c gia c\u1ee7a m\u00ecnh.<\/p>\n<p>Xin l\u01b0u \u00fd: N\u1ebfu b\u1ea1n b\u1ecb ph\u00e1t hi\u1ec7n kh\u00f4ng c\u00f3 b\u1ea3n d\u1ecbch ti\u1ebfng Anh h\u1ee3p l\u1ec7 ho\u1eb7c gi\u1ea5y ph\u00e9p l\u00e1i xe h\u1ee3p l\u1ec7, b\u1ea1n c\u00f3 th\u1ec3 b\u1ecb truy t\u1ed1 v\u00ec l\u00e1i xe kh\u00f4ng c\u00f3 gi\u1ea5y ph\u00e9p ho\u1eb7c l\u00e1i xe m\u00e0 kh\u00f4ng c\u00f3 gi\u1ea5y ph\u00e9p l\u00e1i xe h\u1ee3p l\u1ec7.<\/p>\n<p>B\u1ea1n c\u00f3 th\u1ec3 b\u1ecb ph\u1ea1t 400 \u0111\u00f4 la New Zealand ho\u1eb7c l\u00ean t\u1edbi 1.000 \u0111\u00f4 la New Zealand n\u1ebfu b\u1ecb k\u1ebft t\u1ed9i.<\/p>\n<p>C\u1ea3nh s\u00e1t c\u00f3 th\u1ec3 c\u1ea5m ng\u01b0\u1eddi l\u00e1i xe kh\u00f4ng c\u00f3 gi\u1ea5y ph\u00e9p l\u00e1i xe cho \u0111\u1ebfn khi h\u1ecd c\u00f3 \u0111\u01b0\u1ee3c gi\u1ea5y ph\u00e9p l\u00e1i xe h\u1ee3p l\u1ec7. N\u1ebfu b\u1ea1n ti\u1ebfp t\u1ee5c l\u00e1i xe sau l\u1ec7nh c\u1ea5m, xe c\u1ee7a b\u1ea1n s\u1ebd b\u1ecb t\u1ecbch thu trong 28 ng\u00e0y v\u1edbi chi ph\u00ed do ch\u1ee7 xe ch\u1ecbu. B\u1ea1n c\u0169ng c\u00f3 nguy c\u01a1 kh\u00f4ng \u0111\u01b0\u1ee3c b\u1ea3o hi\u1ec3m trong tr\u01b0\u1eddng h\u1ee3p x\u1ea3y ra tai n\u1ea1n.<\/p>\n<p>GIA H\u1ea0N GI\u1ea4Y PH\u00c9P L\u00c1I XE<br \/>\nTrong h\u1ea7u h\u1ebft c\u00e1c tr\u01b0\u1eddng h\u1ee3p, gi\u1ea5y ph\u00e9p l\u00e1i xe c\u1ee7a b\u1ea1n c\u00f3 hi\u1ec7u l\u1ef1c trong 10 n\u0103m. NZTA s\u1ebd g\u1eedi cho b\u1ea1n email nh\u1eafc nh\u1edf gia h\u1ea1n kho\u1ea3ng t\u00e1m tu\u1ea7n tr\u01b0\u1edbc khi gi\u1ea5y ph\u00e9p l\u00e1i xe c\u00f3 \u1ea3nh c\u1ee7a b\u1ea1n h\u1ebft h\u1ea1n (v\u1edbi \u0111i\u1ec1u ki\u1ec7n \u0111\u1ecba ch\u1ec9 hi\u1ec7n t\u1ea1i c\u1ee7a b\u1ea1n v\u1eabn kh\u1ea3 d\u1ee5ng).<\/p>\n<p>\u0110\u1ec3 l\u00e1i xe \u1edf New Zealand, b\u1ea1n s\u1ebd c\u1ea7n m\u1ed9t trong c\u00e1c gi\u1ea5y t\u1edd sau. Vui l\u00f2ng ki\u1ec3m tra tr\u01b0\u1edbc chuy\u1ebfn \u0111i c\u1ee7a b\u1ea1n.<br \/>\n\u203bN\u1ebfu b\u1ea1n c\u00f3 qu\u1ed1c t\u1ecbch kh\u00e1c ngo\u00e0i New Zealand, b\u1ea1n ph\u1ea3i xu\u1ea5t tr\u00ecnh h\u1ed9 chi\u1ebfu.<\/p>\n<p>1. Gi\u1ea5y ph\u00e9p l\u00e1i xe New Zealand (Gi\u1ea5y ph\u00e9p l\u00e1i xe \u0111\u1ea7y \u0111\u1ee7)<br \/>\n2. Gi\u1ea5y ph\u00e9p l\u00e1i xe ti\u1ebfng Anh c\u1ee7a qu\u1ed1c gia b\u1ea1n (gi\u1ea5y ph\u00e9p l\u00e1i xe \u0111\u1ea7y \u0111\u1ee7)<br \/>\n3. Gi\u1ea5y ph\u00e9p l\u00e1i xe kh\u00f4ng ph\u1ea3i ti\u1ebfng Anh c\u1ee7a qu\u1ed1c gia b\u1ea1n (gi\u1ea5y ph\u00e9p l\u00e1i xe \u0111\u1ea7y \u0111\u1ee7)<br \/>\n+ Gi\u1ea5y ph\u00e9p l\u00e1i xe qu\u1ed1c t\u1ebf theo C\u00f4ng \u01b0\u1edbc Li\u00ean h\u1ee3p qu\u1ed1c<br \/>\n4. Gi\u1ea5y ph\u00e9p l\u00e1i xe kh\u00f4ng ph\u1ea3i ti\u1ebfng Anh c\u1ee7a qu\u1ed1c gia b\u1ea1n (gi\u1ea5y ph\u00e9p l\u00e1i xe \u0111\u1ea7y \u0111\u1ee7) + B\u1ea3n d\u1ecbch ti\u1ebfng Anh ch\u00ednh th\u1ee9c c\u1ee7a gi\u1ea5y ph\u00e9p l\u00e1i xe c\u1ee7a b\u1ea1n<\/p>","protected":false},"excerpt":{"rendered":"<p>Kh\u00f4ng c\u1ea7n gi\u1ea5y ph\u00e9p l\u00e1i xe c\u1ee7a New Zealand \u0111\u1ec3 \u0111i du l\u1ecbch \u0111\u1ebfn New Zealand. B\u1ea1n c\u00f3 th\u1ec3 s\u1eed d\u1ee5ng gi\u1ea5y ph\u00e9p l\u00e1i xe qu\u1ed1c t\u1ebf c\u1ee7a qu\u1ed1c gia b\u1ea1n trong 12 th\u00e1ng.<\/p>","protected":false},"featured_media":22685,"template":"","meta":[],"product_brand":[],"product_cat":[927],"product_tag":[],"class_list":{"0":"post-22643","1":"product","2":"type-product","3":"status-publish","4":"has-post-thumbnail","6":"product_cat-fuehrerschein","8":"first","9":"instock","10":"taxable","11":"shipping-taxable","12":"purchasable","13":"product-type-simple"},"_links":{"self":[{"href":"https:\/\/primeprintingweb.com\/vi\/wp-json\/wp\/v2\/product\/22643","targetHints":{"allow":["GET"]}}],"collection":[{"href":"https:\/\/primeprintingweb.com\/vi\/wp-json\/wp\/v2\/product"}],"about":[{"href":"https:\/\/primeprintingweb.com\/vi\/wp-json\/wp\/v2\/types\/product"}],"version-history":[{"count":3,"href":"https:\/\/primeprintingweb.com\/vi\/wp-json\/wp\/v2\/product\/22643\/revisions"}],"predecessor-version":[{"id":22816,"href":"https:\/\/primeprintingweb.com\/vi\/wp-json\/wp\/v2\/product\/22643\/revisions\/22816"}],"wp:featuredmedia":[{"embeddable":true,"href":"https:\/\/primeprintingweb.com\/vi\/wp-json\/wp\/v2\/media\/22685"}],"wp:attachment":[{"href":"https:\/\/primeprintingweb.com\/vi\/wp-json\/wp\/v2\/media?parent=22643"}],"wp:term":[{"taxonomy":"product_brand","embeddable":true,"href":"https:\/\/primeprintingweb.com\/vi\/wp-json\/wp\/v2\/product_brand?post=22643"},{"taxonomy":"product_cat","embeddable":true,"href":"https:\/\/primeprintingweb.com\/vi\/wp-json\/wp\/v2\/product_cat?post=22643"},{"taxonomy":"product_tag","embeddable":true,"href":"https:\/\/primeprintingweb.com\/vi\/wp-json\/wp\/v2\/product_tag?post=22643"}],"curies":[{"name":"wp","href":"https:\/\/api.w.org\/{rel}","templated":true}]}}