{"id":22655,"date":"2025-05-13T04:17:25","date_gmt":"2025-05-13T04:17:25","guid":{"rendered":"https:\/\/primeprintingweb.com\/?post_type=product&#038;p=22655"},"modified":"2025-05-18T17:07:15","modified_gmt":"2025-05-18T17:07:15","slug":"canadian-drivers-license","status":"publish","type":"product","link":"https:\/\/primeprintingweb.com\/vi\/geschaeft\/fuehrerschein\/canadian-drivers-license\/","title":{"rendered":"GI\u1ea4Y PH\u00c9P L\u00c1I XE C\u1ee6A CANADA"},"content":{"rendered":"<div class=\"woocommerce-tabs wc-tabs-wrapper\">\n<div id=\"tab-description\" class=\"woocommerce-Tabs-panel woocommerce-Tabs-panel--description panel entry-content wc-tab\" role=\"tabpanel\" aria-labelledby=\"tab-title-description\">\n<p>L\u00c1I XE \u1ede CANADA<\/p>\n<p>T\u00ecm hi\u1ec3u v\u1ec1 gi\u1ea5y ph\u00e9p l\u00e1i xe c\u1ee7a Canada, b\u1ea3o hi\u1ec3m \u00f4 t\u00f4, lu\u1eadt v\u00e0 quy \u0111\u1ecbnh giao th\u00f4ng, mua ho\u1eb7c thu\u00ea \u00f4 t\u00f4 v\u00e0 an to\u00e0n.<\/p>\n<p>TR\u00caN TRANG N\u00c0Y<br \/>\nGi\u1ea5y ph\u00e9p l\u00e1i xe Canada<br \/>\nB\u1ea3o hi\u1ec3m xe h\u01a1i<br \/>\nLu\u1eadt v\u00e0 quy \u0111\u1ecbnh giao th\u00f4ng<br \/>\nMua ho\u1eb7c thu\u00ea xe<br \/>\nB\u1ea3o v\u1ec7<br \/>\nGI\u1ea4Y PH\u00c9P L\u00c1I XE C\u1ee6A CANADA<br \/>\n\u0110\u1ec3 l\u00e1i xe h\u1ee3p ph\u00e1p \u1edf Canada, b\u1ea1n c\u1ea7n c\u00f3 gi\u1ea5y ph\u00e9p l\u00e1i xe Canada do ch\u00ednh quy\u1ec1n t\u1ec9nh ho\u1eb7c v\u00f9ng l\u00e3nh th\u1ed5 c\u1ee7a b\u1ea1n c\u1ea5p. B\u1ea1n ph\u1ea3i lu\u00f4n mang n\u00f3 theo b\u00ean m\u00ecnh. \u0110i\u1ec1u n\u00e0y cho ph\u00e9p b\u1ea1n l\u00e1i xe \u0111\u1ebfn b\u1ea5t c\u1ee9 n\u01a1i n\u00e0o \u1edf Canada.<\/p>\n<p>N\u1ebfu b\u1ea1n c\u00f3 gi\u1ea5y ph\u00e9p l\u00e1i xe h\u1ee3p l\u1ec7 c\u1ee7a qu\u1ed1c gia m\u00ecnh, b\u1ea1n c\u00f3 th\u1ec3 s\u1eed d\u1ee5ng gi\u1ea5y ph\u00e9p n\u00e0y \u0111\u1ec3 l\u00e1i xe \u1edf Canada trong m\u1ed9t th\u1eddi gian ng\u1eafn sau khi \u0111\u1ebfn n\u01a1i. Ki\u1ec3m tra v\u1edbi ch\u00ednh quy\u1ec1n t\u1ec9nh ho\u1eb7c v\u00f9ng l\u00e3nh th\u1ed5 c\u1ee7a b\u1ea1n \u0111\u1ec3 bi\u1ebft th\u00f4ng tin chi ti\u1ebft.<\/p>\n<p>N\u1ebfu b\u1ea1n mu\u1ed1n s\u1eed d\u1ee5ng gi\u1ea5y ph\u00e9p l\u00e1i xe n\u01b0\u1edbc ngo\u00e0i \u1edf Canada, b\u1ea1n ph\u1ea3i n\u1ed9p \u0111\u01a1n xin Gi\u1ea5y ph\u00e9p l\u00e1i xe qu\u1ed1c t\u1ebf (IDP) t\u1ea1i qu\u1ed1c gia c\u1ee7a b\u1ea1n. IDP s\u1ebd cung c\u1ea5p cho b\u1ea1n b\u1ea3n d\u1ecbch gi\u1ea5y ph\u00e9p l\u00e1i xe c\u1ee7a b\u1ea1n sang ti\u1ebfng Ph\u00e1p v\u00e0 ti\u1ebfng Anh.<\/p>\n<p>Quy tr\u00ecnh xin gi\u1ea5y ph\u00e9p l\u00e1i xe c\u1ee7a Canada ph\u1ee5 thu\u1ed9c v\u00e0o t\u1ec9nh ho\u1eb7c v\u00f9ng l\u00e3nh th\u1ed5 n\u01a1i b\u1ea1n c\u01b0 tr\u00fa v\u00e0 k\u1ef9 n\u0103ng l\u00e1i xe c\u1ee7a b\u1ea1n. N\u00f3 c\u00f3 th\u1ec3 bao g\u1ed3m:<\/p>\n<p>b\u00e0i ki\u1ec3m tra vi\u1ebft v\u1ec1 lu\u1eadt giao th\u00f4ng (b\u1ea1n s\u1ebd nh\u1eadn \u0111\u01b0\u1ee3c h\u01b0\u1edbng d\u1eabn h\u1ecdc t\u1eadp cho b\u00e0i ki\u1ec3m tra n\u00e0y)<br \/>\nm\u1ed9t ho\u1eb7c hai b\u00e0i ki\u1ec3m tra l\u00e1i xe<br \/>\nB\u1ea1n c\u00f3 th\u1ec3 tham gia c\u00e1c b\u00e0i h\u1ecdc l\u00e1i xe c\u00f3 tr\u1ea3 ph\u00ed \u0111\u1ec3 chu\u1ea9n b\u1ecb cho k\u1ef3 thi l\u00e1i xe. T\u00ecm ki\u1ebfm b\u00e0i h\u1ecdc l\u00e1i xe tr\u1ef1c tuy\u1ebfn.<\/p>\n<p>Sau khi c\u00f3 gi\u1ea5y ph\u00e9p l\u00e1i xe, b\u1ea1n ph\u1ea3i gia h\u1ea1n th\u01b0\u1eddng xuy\u00ean. Ng\u00e0y h\u1ebft h\u1ea1n \u0111\u01b0\u1ee3c in tr\u00ean gi\u1ea5y ph\u00e9p l\u00e1i xe c\u1ee7a b\u1ea1n.<\/p>\n<p>T\u00ecm hi\u1ec3u th\u00eam v\u1ec1 gi\u1ea5y ph\u00e9p l\u00e1i xe, b\u00e0i ki\u1ec3m tra v\u00e0 b\u00e0i h\u1ecdc l\u00e1i xe t\u1eeb S\u1edf Giao th\u00f4ng v\u1eadn t\u1ea3i c\u1ee7a t\u1ec9nh ho\u1eb7c v\u00f9ng l\u00e3nh th\u1ed5 c\u1ee7a b\u1ea1n.<\/p>\n<p>Alberta<br \/>\nBritish Columbia<br \/>\nManitoba<br \/>\nNew Brunswick<br \/>\nNewfoundland v\u00e0 Labrador<br \/>\nL\u00e3nh th\u1ed5 T\u00e2y B\u1eafc<br \/>\nNova Scotia<br \/>\nNunavut<br \/>\nOntario<br \/>\n\u0110\u1ea3o Ho\u00e0ng t\u1eed Edward<br \/>\nQu\u00e9bec<br \/>\nSaskatchewan<br \/>\nYukon<br \/>\nB\u1ea2O HI\u1ec2M XE H\u01a0I<br \/>\n\u1ede Canada, l\u00e1i xe m\u00e0 kh\u00f4ng c\u00f3 b\u1ea3o hi\u1ec3m \u00f4 t\u00f4 l\u00e0 b\u1ea5t h\u1ee3p ph\u00e1p. L\u00e0 ch\u1ee7 xe, b\u1ea1n ph\u1ea3i mua b\u1ea3o hi\u1ec3m. N\u1ebfu b\u1ea1n th\u01b0\u1eddng xuy\u00ean l\u00e1i xe c\u1ee7a ng\u01b0\u1eddi th\u00e2n ho\u1eb7c b\u1ea1n b\u00e8, b\u1ea1n n\u00ean \u0111\u1ea3m b\u1ea3o r\u1eb1ng m\u00ecnh \u0111\u01b0\u1ee3c tham gia v\u00e0o g\u00f3i b\u1ea3o hi\u1ec3m xe h\u01a1i c\u1ee7a h\u1ecd.<\/p>\n<p>C\u00f3 nhi\u1ec1u lo\u1ea1i b\u1ea3o hi\u1ec3m \u00f4 t\u00f4 kh\u00e1c nhau bao g\u1ed3m:<\/p>\n<p>T\u1ef1 g\u00e2y th\u01b0\u01a1ng t\u00edch v\u00e0 l\u00e0m h\u1ecfng xe c\u1ee7a b\u1ea1n ho\u1eb7c<br \/>\nchi ph\u00ed thi\u1ec7t h\u1ea1i v\u00e0 th\u01b0\u01a1ng t\u00edch cho b\u00ean th\u1ee9 ba n\u1ebfu b\u1ea1n ch\u1ecbu tr\u00e1ch nhi\u1ec7m v\u1ec1 tai n\u1ea1n.<br \/>\nChi ph\u00ed b\u1ea3o hi\u1ec3m \u00f4 t\u00f4 c\u1ee7a b\u1ea1n ph\u1ee5 thu\u1ed9c v\u00e0o g\u00f3i b\u1ea3o hi\u1ec3m b\u1ea1n ch\u1ecdn v\u00e0 c\u00e1c y\u1ebfu t\u1ed1 sau:<\/p>\n<p>C\u0169<br \/>\nH\u00e0nh vi l\u00e1i xe<br \/>\nN\u01a1i c\u01b0 tr\u00fa<br \/>\nKinh nghi\u1ec7m l\u00e1i xe<br \/>\nChi ph\u00ed c\u0169ng kh\u00e1c nhau gi\u1eefa c\u00e1c c\u00f4ng ty b\u1ea3o hi\u1ec3m. V\u00ec v\u1eady, b\u1ea1n n\u00ean:<\/p>\n<p>H\u00e3y \u0111\u1ea3m b\u1ea3o r\u1eb1ng b\u1ea1n hi\u1ec3u r\u00f5 l\u1ee3i \u00edch c\u1ee7a t\u1eebng g\u00f3i.<br \/>\nLi\u00ean h\u1ec7 v\u1edbi m\u1ed9t s\u1ed1 c\u00f4ng ty \u0111\u1ec3 t\u00ecm hi\u1ec3u th\u00f4ng tin chi ti\u1ebft v\u1ec1 gi\u00e1 c\u00e1c g\u00f3i b\u1ea3o hi\u1ec3m c\u1ee7a h\u1ecd.<br \/>\nLU\u1eacT V\u00c0 QUY \u0110\u1ecaNH GIAO TH\u00d4NG<br \/>\nB\u1ea1n ph\u1ea3i tu\u00e2n th\u1ee7 lu\u1eadt giao th\u00f4ng c\u1ee7a Canada. Tr\u01b0\u1edbc khi l\u00e1i xe, h\u00e3y ki\u1ec3m tra lu\u1eadt ph\u00e1p c\u1ee7a t\u1ec9nh ho\u1eb7c v\u00f9ng l\u00e3nh th\u1ed5 c\u1ee7a b\u1ea1n.<\/p>\n<p>\u0110\u1ec3 bi\u1ebft danh s\u00e1ch \u0111\u1ea7y \u0111\u1ee7 c\u00e1c lu\u1eadt v\u00e0 quy \u0111\u1ecbnh v\u1ec1 l\u00e1i xe, vui l\u00f2ng tham kh\u1ea3o h\u01b0\u1edbng d\u1eabn l\u00e1i xe do c\u01a1 quan qu\u1ea3n l\u00fd \u00f4 t\u00f4 v\u00e0 l\u00e1i xe t\u1ea1i t\u1ec9nh ho\u1eb7c v\u00f9ng l\u00e3nh th\u1ed5 c\u1ee7a b\u1ea1n cung c\u1ea5p. Nh\u1eefng h\u01b0\u1edbng d\u1eabn n\u00e0y th\u01b0\u1eddng c\u00f3 s\u1eb5n t\u1ea1i c\u00e1c trung t\u00e2m d\u1ecbch v\u1ee5, tr\u1ef1c tuy\u1ebfn v\u00e0 trong c\u00e1c c\u1eeda h\u00e0ng.<\/p>\n<p>Lu\u1eadt giao th\u00f4ng \u1edf Canada \u0111\u01b0\u1ee3c th\u1ef1c thi r\u1ea5t nghi\u00eam ng\u1eb7t. Vi ph\u1ea1m ph\u00e1p lu\u1eadt th\u01b0\u1eddng b\u1ecb tr\u1eebng ph\u1ea1t nghi\u00eam kh\u1eafc. T\u00ecm hi\u1ec3u v\u1ec1 nh\u1eefng lu\u1eadt quan tr\u1ecdng nh\u1ea5t.<\/p>\n<p>N\u1ebeU B\u1ea0N G\u1eb6P TAI N\u1ea0N<br \/>\nR\u1eddi kh\u1ecfi hi\u1ec7n tr\u01b0\u1eddng v\u1ee5 tai n\u1ea1n m\u00e0 kh\u00f4ng \u0111\u01b0\u1ee3c ph\u00e9p l\u00e0 m\u1ed9t t\u1ed9i nghi\u00eam tr\u1ecdng. \u0110i\u1ec1u n\u00e0y c\u0169ng \u00e1p d\u1ee5ng cho c\u00e1c v\u1ee5 tai n\u1ea1n li\u00ean quan \u0111\u1ebfn xe kh\u00e1c ho\u1eb7c \u0111\u00e2m v\u00e0o ng\u01b0\u1eddi \u0111i b\u1ed9. Trong tr\u01b0\u1eddng h\u1ee3p x\u1ea3y ra tai n\u1ea1n:<\/p>\n<p>G\u1ecdi s\u1ed1 \u0111i\u1ec7n tho\u1ea1i kh\u1ea9n c\u1ea5p (911) \u0111\u1ec3 g\u1ecdi c\u1ea3nh s\u00e1t v\u00e0 xe c\u1ee9u th\u01b0\u01a1ng (n\u1ebfu c\u1ea7n).<\/p>\n<p>Ch\u1edd t\u1ea1i hi\u1ec7n tr\u01b0\u1eddng v\u1ee5 tai n\u1ea1n cho \u0111\u1ebfn khi l\u1ef1c l\u01b0\u1ee3ng c\u1ee9u h\u1ed9 t\u1edbi.<\/p>\n<p>Trao \u0111\u1ed5i th\u00f4ng tin v\u1edbi b\u00ean li\u00ean quan trong v\u1ee5 tai n\u1ea1n (n\u1ebfu c\u00f3 xe kh\u00e1c li\u00ean quan trong v\u1ee5 tai n\u1ea1n), bao g\u1ed3m:<br \/>\nt\u00ean<br \/>\n\u0110\u1ecba ch\u1ec9<br \/>\nS\u1ed1 \u0111i\u1ec7n tho\u1ea1i<br \/>\nbi\u1ec3n s\u1ed1 xe<br \/>\nS\u1ed1 gi\u1ea5y ph\u00e9p l\u00e1i xe<br \/>\nT\u00ean c\u1ee7a c\u00f4ng ty b\u1ea3o hi\u1ec3m<br \/>\nS\u1ed1 b\u1ea3o hi\u1ec3m<br \/>\nMUA HO\u1eb6C THU\u00ca XE<br \/>\nB\u1ea1n c\u00f3 th\u1ec3 nghi\u00ean c\u1ee9u tr\u1ef1c tuy\u1ebfn ho\u1eb7c g\u1ecdi \u0111\u1ebfn s\u1edf giao th\u00f4ng c\u1ee7a th\u00e0nh ph\u1ed1 \u0111\u1ec3 t\u00ecm hi\u1ec3u v\u1ec1 c\u00e1c \u0111\u1ea1i l\u00fd \u00f4 t\u00f4 ho\u1eb7c c\u00f4ng ty cho thu\u00ea \u00f4 t\u00f4.<\/p>\n<p>N\u1ebfu b\u1ea1n ch\u1ec9 c\u1ea7n thu\u00ea xe trong th\u1eddi gian ng\u1eafn, b\u1ea1n c\u00f3 th\u1ec3 thu\u00ea xe t\u1eeb c\u00f4ng ty cho thu\u00ea xe. H\u00e3y \u0111\u1ea3m b\u1ea3o h\u1ee3p \u0111\u1ed3ng cho thu\u00ea c\u1ee7a b\u1ea1n bao g\u1ed3m b\u1ea3o hi\u1ec3m \u00f4 t\u00f4 n\u1ebfu b\u1ea1n c\u1ea7n. M\u1ed9t s\u1ed1 th\u00e0nh ph\u1ed1 c\u00f3 ch\u01b0\u01a1ng tr\u00ecnh chia s\u1ebb xe cho ph\u00e9p b\u1ea1n s\u1eed d\u1ee5ng xe m\u00e0 kh\u00f4ng c\u1ea7n ph\u1ea3i mua, thu\u00ea ho\u1eb7c m\u01b0\u1ee3n xe. Ki\u1ec3m tra xem t\u00f9y ch\u1ecdn n\u00e0y c\u00f3 \u0111\u00e1p \u1ee9ng nhu c\u1ea7u c\u1ee7a b\u1ea1n kh\u00f4ng.<\/p>\n<p>MUA XE<br \/>\nB\u1ea1n c\u00f3 th\u1ec3 mua xe m\u1edbi ho\u1eb7c xe \u0111\u00e3 qua s\u1eed d\u1ee5ng t\u1eeb:<\/p>\n<p>\u0111\u1ea1i l\u00fd xe h\u01a1i<br \/>\nNg\u01b0\u1eddi b\u00e1n xe c\u1ee7a h\u1ecd<br \/>\n\u0110\u1ec3 bi\u1ebft th\u00f4ng tin v\u00e0 h\u1ed7 tr\u1ee3 khi mua \u00f4 t\u00f4, h\u00e3y li\u00ean h\u1ec7 v\u1edbi c\u01a1 quan qu\u1ea3n l\u00fd ph\u01b0\u01a1ng ti\u1ec7n c\u01a1 gi\u1edbi v\u00e0 giao th\u00f4ng t\u1ea1i t\u1ec9nh ho\u1eb7c v\u00f9ng l\u00e3nh th\u1ed5 c\u1ee7a b\u1ea1n. B\u1ea1n c\u00f3 th\u1ec3 t\u00ecm th\u1ea5y th\u00f4ng tin v\u1ec1 c\u00e1c v\u1ea5n \u0111\u1ec1 c\u1ee7a ng\u01b0\u1eddi ti\u00eau d\u00f9ng li\u00ean quan \u0111\u1ebfn vi\u1ec7c mua xe trong S\u1ed5 tay ng\u01b0\u1eddi ti\u00eau d\u00f9ng Canada.<br \/>\nLi\u00ean h\u1ec7 v\u1edbi c\u01a1 quan b\u1ea3o v\u1ec7 ng\u01b0\u1eddi ti\u00eau d\u00f9ng c\u1ea5p t\u1ec9nh ho\u1eb7c v\u00f9ng l\u00e3nh th\u1ed5 c\u1ee7a b\u1ea1n.<br \/>\nCHO THU\u00ca XE<br \/>\nThay v\u00ec mua \u00f4 t\u00f4, nhi\u1ec1u ng\u01b0\u1eddi \u1edf Canada thu\u00ea \u00f4 t\u00f4 t\u1eeb \u0111\u1ea1i l\u00fd \u00f4 t\u00f4. H\u1ee3p \u0111\u1ed3ng cho thu\u00ea l\u00e0 h\u1ee3p \u0111\u1ed3ng ph\u00e1p l\u00fd gi\u1eefa b\u1ea1n v\u00e0 \u0111\u1ea1i l\u00fd trong \u0111\u00f3 b\u1ea1n:<\/p>\n<p>\u0111\u1ed3ng \u00fd tr\u1ea3 ph\u00ed s\u1eed d\u1ee5ng xe trong m\u1ed9t th\u1eddi gian nh\u1ea5t \u0111\u1ecbnh (th\u01b0\u1eddng l\u00e0 nhi\u1ec1u n\u0103m) v\u00e0<br \/>\ntr\u1ea3 l\u1ea1i xe cho \u0111\u1ea1i l\u00fd trong t\u00ecnh tr\u1ea1ng ho\u00e0n h\u1ea3o sau khi th\u1eddi h\u1ea1n k\u1ebft th\u00fac.<br \/>\nV\u00ec h\u1ee3p \u0111\u1ed3ng cho thu\u00ea l\u00e0 m\u1ed9t h\u1ee3p \u0111\u1ed3ng ph\u00e1p l\u00fd, b\u1ea1n ph\u1ea3i hi\u1ec3u r\u00f5 c\u00e1c \u0111i\u1ec1u kho\u1ea3n v\u00e0 \u0111i\u1ec1u ki\u1ec7n c\u1ee7a h\u1ee3p \u0111\u1ed3ng tr\u01b0\u1edbc khi k\u00fd.<\/p>\n<p>B\u1ea2O V\u1ec6<br \/>\nH\u1ed9i \u0111\u1ed3ng An to\u00e0n Canada cung c\u1ea5p th\u00f4ng tin v\u1ec1 nh\u1eefng vi\u1ec7c ng\u01b0\u1eddi l\u00e1i xe c\u00f3 th\u1ec3 l\u00e0m \u0111\u1ec3 c\u1ea3i thi\u1ec7n an to\u00e0n \u0111\u01b0\u1eddng b\u1ed9.<\/p>\n<p>An to\u00e0n \u1edf Canada.<\/p>\n<p>L\u00e0m quen v\u1edbi c\u00e1c kh\u00eda c\u1ea1nh an to\u00e0n khi l\u00e1i xe v\u00e0o m\u00f9a \u0111\u00f4ng. Tuy\u1ebft v\u00e0 b\u0103ng g\u00e2y ra nh\u1eefng m\u1ed1i nguy hi\u1ec3m \u0111\u00e1ng k\u1ec3 \u1edf h\u1ea7u h\u1ebft c\u00e1c v\u00f9ng c\u1ee7a Canada. L\u00e1i xe ch\u1eadm tr\u00ean tuy\u1ebft v\u00e0 b\u0103ng. B\u1ea1n c\u0169ng n\u00ean mua l\u1ed1p xe m\u00f9a \u0111\u00f4ng chuy\u00ean d\u1ee5ng cho xe c\u1ee7a m\u00ecnh (\u1edf m\u1ed9t s\u1ed1 t\u1ec9nh, \u0111\u00e2y l\u00e0 \u0111i\u1ec1u b\u1eaft bu\u1ed9c).<\/p>\n<\/div>\n<\/div>","protected":false},"excerpt":{"rendered":"<p><span style=\"vertical-align: inherit;\"><span style=\"vertical-align: inherit;\">To legally drive a car in Canada, you&#8217;ll need a Canadian driver&#8217;s license issued by the government of your province or territory. You must have it with you whenever you&#8217;re driving. With it, you can drive anywhere in Canada.<\/span><\/span><\/p>","protected":false},"featured_media":22709,"template":"","meta":[],"product_brand":[],"product_cat":[927],"product_tag":[],"class_list":{"0":"post-22655","1":"product","2":"type-product","3":"status-publish","4":"has-post-thumbnail","6":"product_cat-fuehrerschein","8":"first","9":"instock","10":"taxable","11":"shipping-taxable","12":"purchasable","13":"product-type-simple"},"_links":{"self":[{"href":"https:\/\/primeprintingweb.com\/vi\/wp-json\/wp\/v2\/product\/22655","targetHints":{"allow":["GET"]}}],"collection":[{"href":"https:\/\/primeprintingweb.com\/vi\/wp-json\/wp\/v2\/product"}],"about":[{"href":"https:\/\/primeprintingweb.com\/vi\/wp-json\/wp\/v2\/types\/product"}],"version-history":[{"count":3,"href":"https:\/\/primeprintingweb.com\/vi\/wp-json\/wp\/v2\/product\/22655\/revisions"}],"predecessor-version":[{"id":22825,"href":"https:\/\/primeprintingweb.com\/vi\/wp-json\/wp\/v2\/product\/22655\/revisions\/22825"}],"wp:featuredmedia":[{"embeddable":true,"href":"https:\/\/primeprintingweb.com\/vi\/wp-json\/wp\/v2\/media\/22709"}],"wp:attachment":[{"href":"https:\/\/primeprintingweb.com\/vi\/wp-json\/wp\/v2\/media?parent=22655"}],"wp:term":[{"taxonomy":"product_brand","embeddable":true,"href":"https:\/\/primeprintingweb.com\/vi\/wp-json\/wp\/v2\/product_brand?post=22655"},{"taxonomy":"product_cat","embeddable":true,"href":"https:\/\/primeprintingweb.com\/vi\/wp-json\/wp\/v2\/product_cat?post=22655"},{"taxonomy":"product_tag","embeddable":true,"href":"https:\/\/primeprintingweb.com\/vi\/wp-json\/wp\/v2\/product_tag?post=22655"}],"curies":[{"name":"wp","href":"https:\/\/api.w.org\/{rel}","templated":true}]}}