{"id":22656,"date":"2025-05-13T04:17:25","date_gmt":"2025-05-13T04:17:25","guid":{"rendered":"https:\/\/primeprintingweb.com\/?post_type=product&#038;p=22656"},"modified":"2025-05-18T17:05:27","modified_gmt":"2025-05-18T17:05:27","slug":"belgian-drivers-license","status":"publish","type":"product","link":"https:\/\/primeprintingweb.com\/vi\/geschaeft\/fuehrerschein\/belgian-drivers-license\/","title":{"rendered":"B\u1eb0NG L\u00c1I XE B\u1ec8"},"content":{"rendered":"<div class=\"woocommerce-tabs wc-tabs-wrapper\">\n<div id=\"tab-description\" class=\"woocommerce-Tabs-panel woocommerce-Tabs-panel--description panel entry-content wc-tab\" role=\"tabpanel\" aria-labelledby=\"tab-title-description\">\n<p>C\u00c1CH \u0110\u1ec2 C\u00d3 B\u1eb0NG L\u00c1I XE C\u1ee6A B\u1ec8<\/p>\n<p>N\u1ebfu b\u1ea1n \u0111ang h\u1ecdc t\u1eadp ho\u1eb7c l\u00e0m vi\u1ec7c t\u1ea1i B\u1ec9, b\u1ea1n c\u00f3 th\u1ec3 mu\u1ed1n l\u1ea5y b\u1eb1ng l\u00e1i xe B\u1ec9 trong th\u1eddi gian l\u01b0u tr\u00fa c\u1ee7a m\u00ecnh. N\u1ebfu b\u1ea1n c\u00f3 gi\u1ea5y ph\u00e9p l\u00e1i xe n\u01b0\u1edbc ngo\u00e0i, b\u1ea1n c\u00f3 th\u1ec3 \u0111\u1ed5i sang gi\u1ea5y ph\u00e9p l\u00e1i xe B\u1ec9 ho\u1eb7c b\u1ea1n c\u00f3 th\u1ec3 ph\u1ea3i v\u01b0\u1ee3t qua b\u00e0i ki\u1ec3m tra l\u00fd thuy\u1ebft v\u00e0 b\u00e0i ki\u1ec3m tra l\u00e1i xe. Vi\u1ec7c n\u1eafm r\u00f5 c\u00e1c l\u1ef1a ch\u1ecdn c\u1ee7a b\u1ea1n l\u00e0 ch\u00eca kh\u00f3a \u0111\u1ec3 ti\u1ebft ki\u1ec7m th\u1eddi gian v\u00e0 ti\u1ec1n b\u1ea1c khi l\u1ea5y b\u1eb1ng l\u00e1i xe \u1edf B\u1ec9.<\/p>\n<p>N\u1ebfu b\u1ea1n \u0111\u1ebfn t\u1eeb m\u1ed9t qu\u1ed1c gia EU c\u00f3 th\u1ecfa thu\u1eadn v\u1edbi B\u1ec9 v\u1ec1 vi\u1ec7c c\u00f4ng nh\u1eadn gi\u1ea5y ph\u00e9p l\u00e1i xe n\u01b0\u1edbc ngo\u00e0i c\u1ee7a EU, b\u1ea1n c\u00f3 th\u1ec3 xin gi\u1ea5y ph\u00e9p l\u00e1i xe t\u1ea1i B\u1ec9. B\u1ea1n c\u0169ng c\u00f3 th\u1ec3 \u0111\u01b0\u1ee3c y\u00eau c\u1ea7u mang theo gi\u1ea5y ph\u00e9p l\u00e1i xe qu\u1ed1c t\u1ebf (k\u00e8m b\u1ea3n d\u1ecbch n\u1ebfu c\u1ea7n). \u0110\u1ec3 bi\u1ebft th\u00eam th\u00f4ng tin v\u1ec1 vi\u1ec7c \u0111\u1ed5i gi\u1ea5y ph\u00e9p l\u00e1i xe, \u0111\u0103ng k\u00fd gi\u1ea5y ph\u00e9p l\u00e1i xe qu\u1ed1c t\u1ebf v\u00e0 n\u1ed9p \u0111\u01a1n xin gi\u1ea5y ph\u00e9p l\u00e1i xe B\u1ec9, vui l\u00f2ng li\u00ean h\u1ec7 v\u1edbi t\u00f2a th\u1ecb ch\u00ednh \u0111\u1ecba ph\u01b0\u01a1ng (Maison Communale\/Stadhuis) ho\u1eb7c v\u0103n ph\u00f2ng th\u00e0nh ph\u1ed1.<\/p>\n<p>C\u00d2N C\u00d4NG D\u00c2N EEA L\u00c1I XE \u1ede B\u1ec8 TH\u00cc SAO?<br \/>\nB\u1ea1n kh\u00f4ng ph\u1ea3i \u0111\u1ed5i gi\u1ea5y ph\u00e9p l\u00e1i xe n\u1ebfu b\u1ea1n l\u00e0 ng\u01b0\u1eddi n\u01b0\u1edbc ngo\u00e0i chuy\u1ec3n \u0111\u1ebfn B\u1ec9 t\u1eeb m\u1ed9t qu\u1ed1c gia trong Khu v\u1ef1c Kinh t\u1ebf Ch\u00e2u \u00c2u (EU c\u1ed9ng v\u1edbi Iceland, Liechtenstein v\u00e0 Na Uy).<\/p>\n<p>T\u1ed1t \u0111\u1ec3 bi\u1ebft:<\/p>\n<p>\u0110\u0103ng k\u00fd gi\u1ea5y ph\u00e9p l\u00e1i xe c\u1ee7a b\u1ea1n v\u1edbi ch\u00ednh quy\u1ec1n \u0111\u1ecba ph\u01b0\u01a1ng. Trong tr\u01b0\u1eddng h\u1ee3p b\u1ecb tr\u1ed9m ho\u1eb7c m\u1ea5t, b\u1ea1n s\u1ebd nh\u1eadn \u0111\u01b0\u1ee3c gi\u1ea5y ph\u00e9p l\u00e1i xe B\u1ec9 thay th\u1ebf.<br \/>\nB\u1ea1n c\u00f3 th\u1ec3 \u0111\u1ed5i gi\u1ea5y ph\u00e9p l\u00e1i xe EEA c\u1ee7a m\u00ecnh l\u1ea5y gi\u1ea5y ph\u00e9p l\u00e1i xe B\u1ec9 l\u00e0m gi\u1ea5y t\u1edd t\u00f9y th\u00e2n \u0111\u1ecba ph\u01b0\u01a1ng.<br \/>\nH\u1ea7u h\u1ebft gi\u1ea5y ph\u00e9p l\u00e1i xe c\u1ee7a EU c\u00f3 hi\u1ec7u l\u1ef1c trong m\u01b0\u1eddi n\u0103m. Gi\u1ea5y ph\u00e9p l\u00e1i xe c\u00f3 th\u1eddi h\u1ea1n kh\u00f4ng gi\u1edbi h\u1ea1n c\u00f3 th\u1ec3 c\u1ea7n ph\u1ea3i gia h\u1ea1n sau hai n\u0103m k\u1ec3 t\u1eeb khi b\u1ea1n ch\u00ednh th\u1ee9c \u0111\u0103ng k\u00fd l\u00e0 c\u01b0 d\u00e2n B\u1ec9.<\/p>\n<p>N\u1ebeU B\u1ea0N L\u00c0 C\u00d4NG D\u00c2N NGO\u00c0I EEA TH\u00cc SAO?<br \/>\nN\u1ebfu b\u1ea1n kh\u00f4ng ph\u1ea3i l\u00e0 c\u00f4ng d\u00e2n EEA, b\u1ea1n n\u00ean bi\u1ebft nh\u1eefng \u0111i\u1ec1u sau:<\/p>\n<p>B\u1ea1n c\u00f3 th\u1ec3 s\u1eed d\u1ee5ng gi\u1ea5y ph\u00e9p l\u00e1i xe n\u01b0\u1edbc ngo\u00e0i c\u1ee7a m\u00ecnh trong t\u1ed1i \u0111a s\u00e1u th\u00e1ng. N\u1ebfu b\u1ea1n \u1edf l\u1ea1i h\u01a1n s\u00e1u th\u00e1ng ho\u1eb7c \u0111\u0103ng k\u00fd l\u00e0 th\u01b0\u1eddng tr\u00fa nh\u00e2n t\u1ea1i B\u1ec9, b\u1ea1n s\u1ebd c\u1ea7n c\u00f3 gi\u1ea5y ph\u00e9p l\u00e1i xe B\u1ec9.<br \/>\nKi\u1ec3m tra v\u1edbi qu\u1ed1c gia ho\u1eb7c ch\u00ednh quy\u1ec1n \u0111\u1ecba ph\u01b0\u01a1ng c\u1ee7a b\u1ea1n \u0111\u1ec3 xem b\u1ea1n c\u00f3 c\u1ea7n Gi\u1ea5y ph\u00e9p l\u00e1i xe qu\u1ed1c t\u1ebf (IDP) v\u00e0 b\u1ea3n d\u1ecbch gi\u1ea5y ph\u00e9p l\u00e1i xe hay kh\u00f4ng.<br \/>\nNhi\u1ec1u qu\u1ed1c gia kh\u00f4ng thu\u1ed9c EEA \u0111\u00e3 k\u00fd th\u1ecfa thu\u1eadn v\u1edbi B\u1ec9 cho ph\u00e9p d\u1ec5 d\u00e0ng \u0111\u1ed5i gi\u1ea5y ph\u00e9p l\u00e1i xe c\u1ee7a h\u1ecd l\u1ea5y gi\u1ea5y ph\u00e9p l\u00e1i xe c\u1ee7a B\u1ec9. Tuy nhi\u00ean, b\u1ea1n ph\u1ea3i \u0111\u0103ng k\u00fd v\u1edbi m\u1ed9t th\u00e0nh ph\u1ed1 v\u00e0 c\u00f3 gi\u1ea5y ph\u00e9p c\u01b0 tr\u00fa t\u1ea1i B\u1ec9. N\u1ebfu b\u1ea1n l\u00e0 c\u00f4ng d\u00e2n c\u1ee7a m\u1ed9t qu\u1ed1c gia kh\u00f4ng thu\u1ed9c EEA, b\u1ea1n c\u00f3 th\u1ec3 ki\u1ec3m tra trang web c\u1ee7a ch\u00ednh ph\u1ee7 B\u1ec9 \u0111\u1ec3 xem li\u1ec7u c\u00f3 th\u1ecfa thu\u1eadn t\u01b0\u01a1ng \u1ee9ng n\u00e0o d\u00e0nh cho qu\u1ed1c gia c\u1ee7a b\u1ea1n hay kh\u00f4ng.<\/p>\n<p>N\u1ebfu qu\u1ed1c gia c\u1ee7a b\u1ea1n kh\u00f4ng c\u00f3 th\u1ecfa thu\u1eadn nh\u01b0 v\u1eady v\u1edbi B\u1ec9, b\u1ea1n ph\u1ea3i v\u01b0\u1ee3t qua b\u00e0i ki\u1ec3m tra l\u00fd thuy\u1ebft v\u00e0 th\u1ef1c h\u00e0nh l\u00e1i xe c\u1ee7a B\u1ec9. \u0110\u1ebfn c\u00e1c trung t\u00e2m kh\u1ea3o th\u00ed (GOCA ho\u1eb7c SBAT). B\u1ea1n c\u00f3 th\u1ec3 l\u00e0m b\u00e0i ki\u1ec3m tra l\u00fd thuy\u1ebft b\u1eb1ng ti\u1ebfng Anh n\u1ebfu b\u1ea1n \u0111\u0103ng k\u00fd k\u1ecbp th\u1eddi.<br \/>\nN\u1ebfu b\u1ea1n \u0111\u00e3 \u0111\u1ed5i gi\u1ea5y ph\u00e9p l\u00e1i xe n\u01b0\u1edbc ngo\u00e0i l\u1ea5y gi\u1ea5y ph\u00e9p l\u00e1i xe t\u1eeb m\u1ed9t qu\u1ed1c gia EU kh\u00e1c, gi\u1ea5y ph\u00e9p \u0111\u00f3 c\u0169ng s\u1ebd \u0111\u01b0\u1ee3c c\u00f4ng nh\u1eadn t\u1ea1i B\u1ec9.<br \/>\nHO\u00c0N TH\u00c0NH B\u00c0I KI\u1ec2M TRA L\u00dd THUY\u1ebeT V\u00c0 L\u00c1I XE B\u1ec8<br \/>\nN\u1ebfu b\u1ea1n ph\u1ea3i tham gia b\u00e0i ki\u1ec3m tra l\u00fd thuy\u1ebft v\u00e0 th\u1ef1c h\u00e0nh \u0111\u1ec3 l\u1ea5y b\u1eb1ng l\u00e1i xe \u1edf B\u1ec9, b\u1ea1n c\u1ea7n bi\u1ebft nh\u1eefng \u0111i\u1ec1u sau:<\/p>\n<p>B\u00e0i ki\u1ec3m tra l\u00e1i xe \u0111\u01b0\u1ee3c th\u1ef1c hi\u1ec7n t\u1ea1i m\u1ed9t trung t\u00e2m s\u00e1t h\u1ea1ch ch\u00ednh th\u1ee9c. V\u0103n b\u1ea3n c\u00f3 th\u1ec3 \u0111\u01b0\u1ee3c l\u01b0u tr\u1eef b\u1eb1ng ti\u1ebfng Ph\u00e1p ho\u1eb7c ti\u1ebfng H\u00e0 Lan.<br \/>\nN\u1ebfu b\u1ea1n \u0111\u1eb7t l\u1ecbch h\u1eb9n t\u1ea1i trung t\u00e2m kh\u1ea3o th\u00ed \u1edf Schaerbeek, Brussels, b\u1ea1n c\u00f3 th\u1ec3 l\u00e0m b\u00e0i ki\u1ec3m tra l\u00fd thuy\u1ebft c\u00f3 ng\u01b0\u1eddi phi\u00ean d\u1ecbch. New Traffic Books cung c\u1ea5p s\u00e1ch l\u00fd thuy\u1ebft ti\u1ebfng Anh k\u00e8m theo c\u00e1c b\u00e0i t\u1eadp \u0111\u1ec3 \u00f4n luy\u1ec7n. Nh\u1ea5p v\u00e0o \u0111\u00e2y \u0111\u1ec3 bi\u1ebft th\u00eam th\u00f4ng tin (ch\u1ec9 c\u00f3 ti\u1ebfng Ph\u00e1p v\u00e0 ti\u1ebfng H\u00e0 Lan).<br \/>\nVui l\u00f2ng mang theo CMND v\u00e0 l\u1ec7 ph\u00ed (15 EUR cho k\u1ef3 thi c\u01a1 b\u1ea3n ho\u1eb7c 50 EUR bao g\u1ed3m c\u1ea3 ng\u01b0\u1eddi phi\u00ean d\u1ecbch) khi \u0111\u1ebfn d\u1ef1 thi. B\u1ea1n c\u1ea7n ph\u1ea3i ki\u1ec3m tra m\u1eaft.<br \/>\nChi ph\u00ed cho b\u00e0i ki\u1ec3m tra l\u00e1i xe l\u00e0 t\u1eeb 30 \u0111\u1ebfn 50 EUR, t\u00f9y thu\u1ed9c v\u00e0o y\u00eau c\u1ea7u. B\u1ea1n c\u00f3 th\u1ec3 t\u00ecm b\u1ea3ng gi\u00e1 b\u1eb1ng ti\u1ebfng Ph\u00e1p ho\u1eb7c ti\u1ebfng H\u00e0 Lan \u1edf \u0111\u00e2y.<br \/>\nGi\u1ea5y ph\u00e9p l\u00e1i xe c\u1ee7a b\u1ea1n c\u00f3 hi\u1ec7u l\u1ef1c t\u1ed1i \u0111a ba n\u0103m. Ch\u00ednh quy\u1ec1n \u0111\u1ecba ph\u01b0\u01a1ng s\u1ebd c\u1ea5p cho b\u1ea1n gi\u1ea5y ph\u00e9p l\u00e1i xe t\u1ea1m th\u1eddi c\u00f3 hi\u1ec7u l\u1ef1c trong 18 ho\u1eb7c 36 th\u00e1ng. V\u1edbi gi\u1ea5y ph\u00e9p l\u00e1i xe n\u00e0y, b\u1ea1n c\u00f3 th\u1ec3 tham gia b\u00e0i ki\u1ec3m tra th\u1ef1c h\u00e0nh n\u1ebfu b\u1ea1n tr\u00ean 18 tu\u1ed5i.<br \/>\nB\u1ea0N C\u1ea6N NH\u1eeeNG GI\u1ea4Y T\u1edc G\u00cc \u0110\u1ec2 C\u00d3 B\u1eb0NG L\u00c1I XE \u1ede B\u1ec8?<br \/>\nMang theo c\u00e1c gi\u1ea5y t\u1edd g\u1ed1c sau \u0111\u00e2y khi \u0111i thi l\u00e1i xe:<\/p>\n<p>B\u1eb1ng ch\u1ee9ng v\u1ec1 danh t\u00ednh<br \/>\nGi\u1ea5y ph\u00e9p l\u00e1i xe t\u1ea1m th\u1eddi<br \/>\nB\u1eb1ng ch\u1ee9ng thanh to\u00e1n l\u1ec7 ph\u00ed<br \/>\nB\u1eb1ng ch\u1ee9ng b\u1ea3o hi\u1ec3m<br \/>\n\u0110\u0103ng k\u00fd xe<br \/>\nL\u00c0M TH\u1ebe N\u00c0O \u0110\u1ec2 T\u00d4I C\u00d3 \u0110\u01af\u1ee2C B\u1eb0NG L\u00c1I XE \u1ede B\u1ec8?<br \/>\nSau khi v\u01b0\u1ee3t qua b\u00e0i ki\u1ec3m tra th\u1ef1c h\u00e0nh, h\u00e3y mang theo ch\u1ee9ng ch\u1ec9 c\u00f9ng v\u1edbi hai \u1ea3nh h\u1ed9 chi\u1ebfu v\u00e0 gi\u1ea5y t\u1edd t\u00f9y th\u00e2n \u0111\u1ebfn t\u00f2a th\u1ecb ch\u00ednh (Maison Communale\/Stadhuis) t\u1ea1i n\u01a1i b\u1ea1n \u1edf. T\u1ea1i \u0111\u00f3, b\u1ea1n s\u1ebd \u0111\u01b0\u1ee3c c\u1ea5p gi\u1ea5y ph\u00e9p l\u00e1i xe t\u1ea1m th\u1eddi cho \u0111\u1ebfn khi gi\u1ea5y ph\u00e9p l\u00e1i xe ch\u00ednh th\u1ee9c \u0111\u01b0\u1ee3c g\u1eedi \u0111\u1ebfn cho b\u1ea1n.<\/p>\n<p>B\u00c2Y GI\u1edc B\u1ea0N \u0110\u00c3 S\u1eb4N S\u00c0NG L\u00c1I XE \u1ede B\u1ec8! Hoan h\u00f4!<\/p>\n<\/div>\n<\/div>","protected":false},"excerpt":{"rendered":"<p>N\u1ebfu b\u1ea1n s\u1ebd h\u1ecdc t\u1eadp ho\u1eb7c l\u00e0m vi\u1ec7c t\u1ea1i B\u1ec9, b\u1ea1n c\u00f3 th\u1ec3 mu\u1ed1n l\u1ea5y b\u1eb1ng l\u00e1i xe B\u1ec9 trong th\u1eddi gian \u1edf \u0111\u00f3. N\u1ebfu b\u1ea1n c\u00f3 gi\u1ea5y ph\u00e9p l\u00e1i xe n\u01b0\u1edbc ngo\u00e0i, b\u1ea1n c\u00f3 th\u1ec3 \u0111\u1ed5i sang gi\u1ea5y ph\u00e9p l\u00e1i xe B\u1ec9 ho\u1eb7c b\u1ea1n c\u00f3 th\u1ec3 ph\u1ea3i v\u01b0\u1ee3t qua b\u00e0i ki\u1ec3m tra l\u00fd thuy\u1ebft v\u00e0 l\u00e1i xe. Vi\u1ec7c n\u1eafm r\u00f5 th\u00f4ng tin v\u1ec1 c\u00e1c l\u1ef1a ch\u1ecdn c\u1ee7a b\u1ea1n l\u00e0 ch\u00eca kh\u00f3a \u0111\u1ec3 ti\u1ebft ki\u1ec7m th\u1eddi gian v\u00e0 ti\u1ec1n b\u1ea1c khi xin gi\u1ea5y ph\u00e9p l\u00e1i xe t\u1ea1i B\u1ec9.<\/p>","protected":false},"featured_media":22711,"template":"","meta":[],"product_brand":[],"product_cat":[927],"product_tag":[],"class_list":{"0":"post-22656","1":"product","2":"type-product","3":"status-publish","4":"has-post-thumbnail","6":"product_cat-fuehrerschein","8":"first","9":"instock","10":"taxable","11":"shipping-taxable","12":"purchasable","13":"product-type-simple"},"_links":{"self":[{"href":"https:\/\/primeprintingweb.com\/vi\/wp-json\/wp\/v2\/product\/22656","targetHints":{"allow":["GET"]}}],"collection":[{"href":"https:\/\/primeprintingweb.com\/vi\/wp-json\/wp\/v2\/product"}],"about":[{"href":"https:\/\/primeprintingweb.com\/vi\/wp-json\/wp\/v2\/types\/product"}],"version-history":[{"count":3,"href":"https:\/\/primeprintingweb.com\/vi\/wp-json\/wp\/v2\/product\/22656\/revisions"}],"predecessor-version":[{"id":22822,"href":"https:\/\/primeprintingweb.com\/vi\/wp-json\/wp\/v2\/product\/22656\/revisions\/22822"}],"wp:featuredmedia":[{"embeddable":true,"href":"https:\/\/primeprintingweb.com\/vi\/wp-json\/wp\/v2\/media\/22711"}],"wp:attachment":[{"href":"https:\/\/primeprintingweb.com\/vi\/wp-json\/wp\/v2\/media?parent=22656"}],"wp:term":[{"taxonomy":"product_brand","embeddable":true,"href":"https:\/\/primeprintingweb.com\/vi\/wp-json\/wp\/v2\/product_brand?post=22656"},{"taxonomy":"product_cat","embeddable":true,"href":"https:\/\/primeprintingweb.com\/vi\/wp-json\/wp\/v2\/product_cat?post=22656"},{"taxonomy":"product_tag","embeddable":true,"href":"https:\/\/primeprintingweb.com\/vi\/wp-json\/wp\/v2\/product_tag?post=22656"}],"curies":[{"name":"wp","href":"https:\/\/api.w.org\/{rel}","templated":true}]}}