{"id":22658,"date":"2025-05-13T04:17:26","date_gmt":"2025-05-13T04:17:26","guid":{"rendered":"https:\/\/primeprintingweb.com\/?post_type=product&#038;p=22658"},"modified":"2025-05-18T17:10:11","modified_gmt":"2025-05-18T17:10:11","slug":"australian-drivers-license","status":"publish","type":"product","link":"https:\/\/primeprintingweb.com\/vi\/geschaeft\/fuehrerschein\/australian-drivers-license\/","title":{"rendered":"B\u1eb0NG L\u00c1I XE \u00daC"},"content":{"rendered":"<p>B\u1eb0NG L\u00c1I XE \u00daC<\/p>\n<p>N\u1ed8P \u0110\u01a0N XIN GI\u1ea4Y PH\u00c9P L\u00c1I XE \u1ede NEW ZEALAND<br \/>\nNew Zealand c\u00f4ng nh\u1eadn gi\u1ea5y ph\u00e9p l\u00e1i xe t\u1eeb m\u1ed9t s\u1ed1 qu\u1ed1c gia n\u01b0\u1edbc ngo\u00e0i. \u0110\u1ec3 bi\u1ebft th\u00f4ng tin v\u1ec1 c\u00e1c qu\u1ed1c gia \u0111\u01b0\u1ee3c c\u00f4ng nh\u1eadn v\u00e0 c\u00e1ch tr\u1edf th\u00e0nh qu\u1ed1c gia \u0111\u01b0\u1ee3c c\u00f4ng nh\u1eadn c\u1ee7a New Zealand, h\u00e3y truy c\u1eadp www.nzta.govt.nz (M\u1edf trong c\u1eeda s\u1ed5 m\u1edbi).<\/p>\n<p>N\u1ed8P \u0110\u01a0N XIN B\u1eb0NG L\u00c1I XE \u00daC<br \/>\nN\u1ebfu gi\u1ea5y ph\u00e9p l\u00e1i xe n\u01b0\u1edbc ngo\u00e0i c\u1ee7a b\u1ea1n h\u1ebft h\u1ea1n, b\u1ea1n c\u00f3 th\u1ec3 n\u1ed9p \u0111\u01a1n xin c\u1ea5p gi\u1ea5y ph\u00e9p l\u00e1i xe \u00dac.<\/p>\n<p>Nh\u1eefng ng\u01b0\u1eddi nh\u1eadp c\u1ea3nh v\u00e0o \u00dac b\u1eb1ng th\u1ecb th\u1ef1c th\u01b0\u1eddng tr\u00fa ho\u1eb7c gi\u1ea5y ph\u00e9p th\u01b0\u1eddng tr\u00fa c\u00f3 th\u1ec3 l\u00e1i xe b\u1eb1ng gi\u1ea5y ph\u00e9p l\u00e1i xe n\u01b0\u1edbc ngo\u00e0i hi\u1ec7n t\u1ea1i c\u1ee7a m\u00ecnh trong t\u1ed1i \u0111a ba th\u00e1ng sau khi \u0111\u1ebfn \u00dac. \u0110\u1ec3 ti\u1ebfp t\u1ee5c l\u00e1i xe sau ba th\u00e1ng, ng\u01b0\u1eddi \u0111\u00f3 ph\u1ea3i xin gi\u1ea5y ph\u00e9p l\u00e1i xe c\u1ee7a \u00dac t\u1ea1i ti\u1ec3u bang ho\u1eb7c v\u00f9ng l\u00e3nh th\u1ed5 n\u01a1i ng\u01b0\u1eddi \u0111\u00f3 c\u01b0 tr\u00fa.<\/p>\n<p>C\u00e1c qu\u1ed1c gia v\u00e0 khu v\u1ef1c ph\u00e1p l\u00fd \u0111\u01b0\u1ee3c c\u00f4ng nh\u1eadn<\/p>\n<p>C\u00e1c c\u01a1 quan c\u1ea5p gi\u1ea5y ph\u00e9p l\u00e1i xe c\u1ee7a \u00dac c\u00f4ng nh\u1eadn m\u1ed9t s\u1ed1 qu\u1ed1c gia v\u00e0 khu v\u1ef1c ph\u00e1p l\u00fd n\u01b0\u1edbc ngo\u00e0i c\u00f3 ti\u00eau chu\u1ea9n gi\u1ea5y ph\u00e9p l\u00e1i xe t\u01b0\u01a1ng \u0111\u01b0\u01a1ng v\u1edbi ti\u00eau chu\u1ea9n \u1edf \u00dac.<\/p>\n<p>Ng\u01b0\u1eddi n\u1ed9p \u0111\u01a1n t\u1eeb c\u00e1c qu\u1ed1c gia \u0111\u01b0\u1ee3c li\u1ec7t k\u00ea d\u01b0\u1edbi \u0111\u00e2y \u0111\u01b0\u1ee3c mi\u1ec5n b\u00e0i ki\u1ec3m tra l\u00fd thuy\u1ebft v\u00e0 l\u00e1i xe khi n\u1ed9p \u0111\u01a1n xin c\u1ea5p gi\u1ea5y ph\u00e9p l\u00e1i xe \u00f4 t\u00f4 ho\u1eb7c xe m\u00e1y t\u1ea1i \u00dac.<\/p>\n<p>\u0110i\u1ec1u n\u00e0y gi\u00fap \u0111\u01a1n gi\u1ea3n h\u00f3a vi\u1ec7c \u0111\u1ed5i gi\u1ea5y ph\u00e9p l\u00e1i xe.<\/p>\n<p>C\u00e1c qu\u1ed1c gia v\u00e0 khu v\u1ef1c ph\u00e1p l\u00fd \u0111\u01b0\u1ee3c c\u00f4ng nh\u1eadn l\u00e0:<\/p>\n<p>\u00c1o<br \/>\nB\u1ec9<br \/>\nBosnia v\u00e0 Herzegovina<br \/>\nCanada<br \/>\nCroatia<br \/>\n\u0110an M\u1ea1ch<br \/>\nPh\u1ea7n Lan<br \/>\nPh\u00e1p<br \/>\n\u0110\u1ee9c<br \/>\nHy L\u1ea1p<br \/>\nguernsey<br \/>\nAi-len<br \/>\n\u0110\u1ea3o Man (\u0111\u1ed1i v\u1edbi gi\u1ea5y ph\u00e9p l\u00e1i xe \u0111\u01b0\u1ee3c c\u1ea5p l\u1ea7n \u0111\u1ea7u v\u00e0o ho\u1eb7c sau ng\u00e0y 1 th\u00e1ng 4 n\u0103m 1991)<br \/>\n\u00dd<br \/>\nNh\u1eadt B\u1ea3n<br \/>\n\u00e1o len<br \/>\nLuxemburg<br \/>\nMalta (\u0111\u1ed1i v\u1edbi gi\u1ea5y ph\u00e9p l\u00e1i xe \u0111\u01b0\u1ee3c c\u1ea5p l\u1ea7n \u0111\u1ea7u v\u00e0o ho\u1eb7c sau ng\u00e0y 2 th\u00e1ng 1 n\u0103m 2004)<br \/>\nH\u00e0 Lan<br \/>\nNew Zealand<br \/>\nNa Uy<br \/>\nB\u1ed3 \u0110\u00e0o Nha<br \/>\nSingapore<br \/>\nT\u00e2y ban nha<br \/>\nTh\u1ee5y \u0110i\u1ec3n<br \/>\nTh\u1ee5y S\u0129<br \/>\nAnh qu\u1ed1c<br \/>\nHoa K\u1ef3<br \/>\n\u0110\u01b0\u1ee3c c\u00f4ng nh\u1eadn l\u00e0 ng\u01b0\u1eddi l\u00e1i xe c\u00f3 kinh nghi\u1ec7m<\/p>\n<p>C\u00e1c qu\u1ed1c gia v\u00e0 khu v\u1ef1c ph\u00e1p l\u00fd c\u00f3 ti\u00eau chu\u1ea9n ki\u1ec3m tra l\u00e1i xe \u0111\u00e1p \u1ee9ng c\u00e1c ti\u00eau ch\u00ed \u0111\u00e1nh gi\u00e1 nghi\u00eam ng\u1eb7t v\u1ec1 b\u1eb1ng ch\u1ee9ng nh\u1eadn d\u1ea1ng, t\u00ednh n\u0103ng b\u1ea3o m\u1eadt th\u1ebb v\u00e0 ti\u00eau chu\u1ea9n \u0111\u00e0o t\u1ea1o v\u00e0 \u0111\u00e1nh gi\u00e1 gi\u00e1m kh\u1ea3o l\u00e1i xe, nh\u01b0ng kh\u00f4ng \u0111\u00e1p \u1ee9ng t\u1ea5t c\u1ea3 c\u00e1c y\u00eau c\u1ea7u v\u1ec1 ki\u1ec3m tra l\u00e1i xe s\u1ebd \u0111\u01b0\u1ee3c xem x\u00e9t \u0111\u1ec3 c\u00f4ng nh\u1eadn l\u00e0 ng\u01b0\u1eddi l\u00e1i xe c\u00f3 kinh nghi\u1ec7m. H\u1ea1ng m\u1ee5c T\u00e0i x\u1ebf c\u00f3 kinh nghi\u1ec7m nh\u1eb1m m\u1ee5c \u0111\u00edch t\u00ednh \u0111\u1ebfn kinh nghi\u1ec7m l\u00e1i xe v\u00e0 \u0111\u1ed9 tu\u1ed5i c\u1ee7a ng\u01b0\u1eddi l\u00e1i xe thay th\u1ebf cho c\u00e1c bi\u1ec7n ph\u00e1p ki\u1ec3m tra l\u00e1i xe d\u00e0nh cho t\u00e0i x\u1ebf m\u1edbi.<\/p>\n<p>C\u00e1c qu\u1ed1c gia v\u00e0 khu v\u1ef1c ph\u00e1p l\u00fd sau \u0111\u00e2y \u0111\u00e3 \u0111\u01b0\u1ee3c c\u1ea5p ch\u1ee9ng ch\u1ec9 T\u00e0i x\u1ebf c\u00f3 kinh nghi\u1ec7m:<\/p>\n<p>Bungari<br \/>\nC\u1ed9ng h\u00f2a S\u00e9c<br \/>\nEstonia<br \/>\nH\u1ed3ng K\u00f4ng (\u0110\u1eb7c khu h\u00e0nh ch\u00ednh c\u1ee7a C\u1ed9ng h\u00f2a Nh\u00e2n d\u00e2n Trung Hoa)*<br \/>\nHungari<br \/>\nLatvia<br \/>\nLitva<br \/>\nBa Lan<br \/>\nC\u1ed9ng h\u00f2a S\u00edp<br \/>\nH\u00e0n Qu\u1ed1c (H\u00e0n Qu\u1ed1c)<br \/>\nC\u1ed9ng h\u00f2a Serbia<br \/>\nRumani<br \/>\nSlovakia<br \/>\nSlovenia<br \/>\nNam Phi<br \/>\n\u0110\u00e0i Loan<br \/>\nNh\u1eefng ng\u01b0\u1eddi t\u1eeb 25 tu\u1ed5i tr\u1edf l\u00ean c\u00f3 b\u1eb1ng l\u00e1i xe c\u1ee7a m\u1ed9t trong nh\u1eefng qu\u1ed1c gia n\u00e0y c\u00f3 th\u1ec3 \u0111\u1ed5i b\u1eb1ng l\u00e1i xe n\u01b0\u1edbc ngo\u00e0i l\u1ea5y b\u1eb1ng l\u00e1i xe \u00dac m\u00e0 kh\u00f4ng c\u1ea7n ph\u1ea3i thi l\u00e1i xe.<\/p>\n<p>Nh\u1eefng ng\u01b0\u1eddi c\u00f3 gi\u1ea5y ph\u00e9p l\u00e1i xe c\u1ee7a m\u1ed9t trong nh\u1eefng qu\u1ed1c gia n\u00e0y v\u00e0 d\u01b0\u1edbi 25 tu\u1ed5i ph\u1ea3i tham gia k\u1ef3 thi l\u00e1i xe l\u00fd thuy\u1ebft v\u00e0 th\u1ef1c h\u00e0nh. N\u1ebfu m\u1ed9t ng\u01b0\u1eddi v\u01b0\u1ee3t qua c\u00e1c b\u00e0i ki\u1ec3m tra do c\u01a1 quan c\u00f3 th\u1ea9m quy\u1ec1n \u0111\u1eb7t ra, gi\u1ea5y ph\u00e9p l\u00e1i xe n\u01b0\u1edbc ngo\u00e0i c\u1ee7a h\u1ecd s\u1ebd \u0111\u01b0\u1ee3c chuy\u1ec3n \u0111\u1ed5i, d\u1ef1a tr\u00ean kinh nghi\u1ec7m l\u00e1i xe v\u00e0 \u0111\u1ed9 tu\u1ed5i, sang lo\u1ea1i gi\u1ea5y ph\u00e9p m\u00e0 h\u1ecd s\u1ebd c\u00f3 n\u1ebfu h\u1ecd b\u1eaft \u0111\u1ea7u l\u00e1i xe t\u1ea1i khu v\u1ef1c ph\u00e1p l\u00fd c\u00f3 li\u00ean quan c\u1ee7a \u00dac.<\/p>\n<p>* B\u1ea5t k\u1ef3 ai mu\u1ed1n \u0111\u1ed5i gi\u1ea5y ph\u00e9p l\u00e1i xe H\u1ed3ng K\u00f4ng m\u00e0 kh\u00f4ng c\u1ea7n thi l\u00e1i xe ph\u1ea3i \u00edt nh\u1ea5t 25 tu\u1ed5i v\u00e0 \u0111\u00e3 c\u00f3 gi\u1ea5y ph\u00e9p l\u00e1i xe H\u1ed3ng K\u00f4ng trong \u00edt nh\u1ea5t 12 th\u00e1ng.<\/p>\n<p>C\u00e1c n\u01b0\u1edbc kh\u00e1c<\/p>\n<p>Ng\u01b0\u1eddi n\u1ed9p \u0111\u01a1n xin c\u1ea5p gi\u1ea5y ph\u00e9p l\u00e1i xe t\u1ea1i \u00dac c\u00f3 gi\u1ea5y ph\u00e9p l\u00e1i xe t\u1eeb m\u1ed9t qu\u1ed1c gia kh\u00f4ng \u0111\u01b0\u1ee3c c\u00f4ng nh\u1eadn ph\u1ea3i v\u01b0\u1ee3t qua b\u00e0i ki\u1ec3m tra l\u00fd thuy\u1ebft v\u00e0 b\u00e0i ki\u1ec3m tra th\u1ef1c h\u00e0nh l\u00e1i xe. N\u1ebfu ng\u01b0\u1eddi n\u1ed9p \u0111\u01a1n v\u01b0\u1ee3t qua c\u1ea3 b\u00e0i ki\u1ec3m tra l\u00fd thuy\u1ebft v\u00e0 th\u1ef1c h\u00e0nh, gi\u1ea5y ph\u00e9p l\u00e1i xe n\u01b0\u1edbc ngo\u00e0i c\u1ee7a h\u1ecd s\u1ebd \u0111\u01b0\u1ee3c chuy\u1ec3n \u0111\u1ed5i sang lo\u1ea1i gi\u1ea5y ph\u00e9p m\u00e0 h\u1ecd s\u1ebd c\u00f3 n\u1ebfu h\u1ecd b\u1eaft \u0111\u1ea7u l\u00e1i xe t\u1ea1i khu v\u1ef1c ph\u00e1p l\u00fd c\u00f3 li\u00ean quan c\u1ee7a \u00dac, d\u1ef1a tr\u00ean kinh nghi\u1ec7m l\u00e1i xe v\u00e0 \u0111\u1ed9 tu\u1ed5i.<\/p>\n<p>Chuy\u1ec3n \u0111\u1ed5i gi\u1ea5y ph\u00e9p l\u00e1i xe n\u01b0\u1edbc ngo\u00e0i<\/p>\n<p>Nh\u1eefng ng\u01b0\u1eddi mu\u1ed1n \u0111\u1ed5i gi\u1ea5y ph\u00e9p l\u00e1i xe n\u01b0\u1edbc ngo\u00e0i n\u00ean li\u00ean h\u1ec7 tr\u1ef1c ti\u1ebfp v\u1edbi c\u01a1 quan qu\u1ea3n l\u00fd giao th\u00f4ng \u0111\u01b0\u1eddng b\u1ed9 c\u00f3 th\u1ea9m quy\u1ec1n c\u1ee7a \u00dac.<br \/>\nL\u00e3nh th\u1ed5 th\u1ee7 \u0111\u00f4 \u00dac (M\u1edf trong c\u1eeda s\u1ed5 m\u1edbi)<br \/>\nNew South Wales (M\u1edf trong c\u1eeda s\u1ed5 m\u1edbi)<br \/>\nL\u00e3nh th\u1ed5 ph\u00eda B\u1eafc (M\u1edf trong c\u1eeda s\u1ed5 m\u1edbi)<br \/>\nQueensland (M\u1edf trong c\u1eeda s\u1ed5 m\u1edbi)<br \/>\nNam \u00dac (M\u1edf trong c\u1eeda s\u1ed5 m\u1edbi)<br \/>\nTasmania (M\u1edf trong c\u1eeda s\u1ed5 m\u1edbi)<br \/>\nVictoria (M\u1edf trong c\u1eeda s\u1ed5 m\u1edbi)<br \/>\nT\u00e2y \u00dac<\/p>","protected":false},"excerpt":{"rendered":"<p>Ng\u01b0\u1eddi nh\u1eadp c\u1ea3nh v\u00e0o \u00dac b\u1eb1ng th\u1ecb th\u1ef1c th\u01b0\u1eddng tr\u00fa ho\u1eb7c l\u00e0 th\u01b0\u1eddng tr\u00fa nh\u00e2n c\u00f3 th\u1ec3 l\u00e1i xe b\u1eb1ng gi\u1ea5y ph\u00e9p n\u01b0\u1edbc ngo\u00e0i hi\u1ec7n t\u1ea1i c\u1ee7a m\u00ecnh trong t\u1ed1i \u0111a ba th\u00e1ng sau khi \u0111\u1ebfn \u00dac. N\u1ebfu h\u1ecd mu\u1ed1n ti\u1ebfp t\u1ee5c l\u00e1i xe sau ba th\u00e1ng, h\u1ecd ph\u1ea3i xin gi\u1ea5y ph\u00e9p l\u00e1i xe c\u1ee7a \u00dac t\u1ea1i ti\u1ec3u bang ho\u1eb7c v\u00f9ng l\u00e3nh th\u1ed5 n\u01a1i ng\u01b0\u1eddi \u0111\u00f3 \u0111ang c\u01b0 tr\u00fa.<\/p>","protected":false},"featured_media":22715,"template":"","meta":[],"product_brand":[],"product_cat":[927],"product_tag":[],"class_list":{"0":"post-22658","1":"product","2":"type-product","3":"status-publish","4":"has-post-thumbnail","6":"product_cat-fuehrerschein","8":"first","9":"instock","10":"taxable","11":"shipping-taxable","12":"purchasable","13":"product-type-simple"},"_links":{"self":[{"href":"https:\/\/primeprintingweb.com\/vi\/wp-json\/wp\/v2\/product\/22658","targetHints":{"allow":["GET"]}}],"collection":[{"href":"https:\/\/primeprintingweb.com\/vi\/wp-json\/wp\/v2\/product"}],"about":[{"href":"https:\/\/primeprintingweb.com\/vi\/wp-json\/wp\/v2\/types\/product"}],"version-history":[{"count":2,"href":"https:\/\/primeprintingweb.com\/vi\/wp-json\/wp\/v2\/product\/22658\/revisions"}],"predecessor-version":[{"id":22829,"href":"https:\/\/primeprintingweb.com\/vi\/wp-json\/wp\/v2\/product\/22658\/revisions\/22829"}],"wp:featuredmedia":[{"embeddable":true,"href":"https:\/\/primeprintingweb.com\/vi\/wp-json\/wp\/v2\/media\/22715"}],"wp:attachment":[{"href":"https:\/\/primeprintingweb.com\/vi\/wp-json\/wp\/v2\/media?parent=22658"}],"wp:term":[{"taxonomy":"product_brand","embeddable":true,"href":"https:\/\/primeprintingweb.com\/vi\/wp-json\/wp\/v2\/product_brand?post=22658"},{"taxonomy":"product_cat","embeddable":true,"href":"https:\/\/primeprintingweb.com\/vi\/wp-json\/wp\/v2\/product_cat?post=22658"},{"taxonomy":"product_tag","embeddable":true,"href":"https:\/\/primeprintingweb.com\/vi\/wp-json\/wp\/v2\/product_tag?post=22658"}],"curies":[{"name":"wp","href":"https:\/\/api.w.org\/{rel}","templated":true}]}}