{"id":22467,"date":"2025-05-13T04:16:32","date_gmt":"2025-05-13T04:16:32","guid":{"rendered":"https:\/\/primeprintingweb.com\/?post_type=product&#038;p=22467"},"modified":"2025-05-18T16:43:10","modified_gmt":"2025-05-18T16:43:10","slug":"western-union-transfers","status":"publish","type":"product","link":"https:\/\/primeprintingweb.com\/zh\/geschaeft\/accessories\/western-union-transfers\/","title":{"rendered":"\u897f\u8054\u6c47\u6b3e"},"content":{"rendered":"<div class=\"co8aDb\" role=\"heading\">\n<p>\u5728 Press Document \u4e0a\u5728\u7ebf\u8d2d\u4e70 Western Union \u9ed1\u5ba2\u8f6c\u8d26\uff0c\u8fd9\u662f\u8d5a\u94b1\u7684\u6700\u4f73\u63d0\u4f9b\u5546\u3002\u5728\u7ebf\u8d2d\u7269\u53ef\u4eab\u53d7 100% \u7f3a\u9677\u9000\u6b3e\u548c\u6700\u5feb\u9001\u8d27\u670d\u52a1\u3002<\/p>\n<p>\u8ba2\u8d2d\u88ab\u9ed1\u5ba2\u5165\u4fb5\u7684 WU \u8f6c\u8d26\uff0c\u5728\u7ebf\u63a5\u6536\u88ab\u9ed1\u5ba2\u5165\u4fb5\u7684 Western Union \u548c Money Gram \u8f6c\u8d26\u5e76\u8d2d\u4e70\u88ab\u9ed1\u5ba2\u5165\u4fb5\u7684 Western Union \u8f6c\u8d26\u3002<\/p>\n<p>\u7acb\u5373\u4ece Press Document\uff08\u6700\u4f73\u8d5a\u94b1\u63d0\u4f9b\u5546\uff09\u8ba2\u8d2d Western Union \u548c Money Gram \u6c47\u6b3e\uff0c\u4eab\u53d7\u6700\u5feb\u7684\u8fd8\u6b3e\u901f\u5ea6\u3002<\/p>\n<p>\u5728\u6211\u4eec\u7684\u7f51\u7ad9\u6309\u6587\u6863\u8ba2\u8d2d\u897f\u8054\u6c47\u6b3e\u548c\u901f\u6c47\u91d1\u6c47\u6b3e\u3002\u897f\u8054\u6c47\u6b3e\u9ed1\u5ba2\u8f6c\u8d26\u3002\u6211\u4eec\u4ee5\u5b9e\u60e0\u7684\u4ef7\u683c\u63d0\u4f9b\u9ad8\u54c1\u8d28\u7684 WU Hack \u8f6c\u8d26\u3002<\/p>\n<p>\u5728\u6700\u4f73\u8d5a\u94b1\u548c\u6587\u4ef6\u63d0\u4f9b\u5546 Press Document \u4e0a\u5728\u7ebf\u8d2d\u4e70 Western Union \u548c Money Gram \u9ed1\u5ba2\u8f6c\u8d26\u3002<\/p>\n<p>\u7531\u4e8e\u7cfb\u7edf\u5b58\u5728\u5b89\u5168\u6f0f\u6d1e\uff0c\u5982\u4eca\u9ed1\u5ba2\u653b\u51fb\u5341\u5206\u666e\u904d\u3002<\/p>\n<p>\u897f\u8054\u6c47\u6b3e\u548c\u901f\u6c47\u91d1\u7b49\u6c47\u6b3e\u670d\u52a1\u6b63\u53d7\u5230\u7a0b\u5e8f\u5458\u548c\u9ed1\u5ba2\u7684\u653b\u51fb\uff0c\u4ed6\u4eec\u53ef\u4ee5\u8bbf\u95ee\u6570\u636e\u5e93\u5e76\u8f7b\u677e\u8fdb\u884c\u4ea4\u6613\u3002\u5982\u679c\u60a8\u60f3\u63a5\u6536\u5e72\u51c0\u7684\u94b1\u6216\u5411\u62e5\u6709 WU \u8bb8\u53ef\u8bc1\u7684\u56fd\u5bb6\/\u5730\u533a\u6c47\u6b3e\u5927\u91cf\u8d44\u91d1\uff0c\u90a3\u4e48\u60a8\u6765\u5bf9\u5730\u65b9\u4e86\u3002<\/p>\n<p>\u5229\u7528\u6211\u4eec\u7684 Western Union \u548c Money Gram \u6c47\u6b3e\u9ed1\u5ba2\u6280\u672f\uff0c\u6211\u4eec\u5c06\u4e00\u7cfb\u5217\u4ea4\u6613\u8f6c\u53d1\u5230\u6211\u4eec\u7684\u5151\u6362\u5904\uff0c\u7136\u540e\u5c06\u94b1\u652f\u4ed8\u7ed9\u6536\u6b3e\u4eba\u3002<\/p>\n<p>\u8fd9\u9879\u670d\u52a1\u6781\u5176\u5b89\u5168\u548c\u5feb\u901f\u2014\u2014\u60a8\u5728\u5176\u4ed6\u4efb\u4f55\u5730\u65b9\u90fd\u627e\u4e0d\u5230\u7684\u670d\u52a1\u3002<\/p>\n<p>\u4e3a\u4ec0\u4e48\u60a8\u5e94\u8be5\u4f7f\u7528\u6211\u4eec\u7684 Western Union \u548c Money Gram \u9ed1\u5ba2\u670d\u52a1<\/p>\n<p>\u5165\u4fb5\u7f51\u7ad9\u6570\u636e\u5e93\u5e76\u975e\u6613\u4e8b\u3002<\/p>\n<p>\u83b7\u53d6 Western Union \u548c Money Gram \u7684\u9ed1\u5ba2\u8f6c\u8d26<\/p>\n<p>\u6211\u4eec\u5728\u897f\u8054\u6c47\u6b3e\u548c\u901f\u6c47\u91d1\u9ed1\u5ba2\u653b\u51fb\u65b9\u9762\u62e5\u6709\u591a\u5e74\u7ecf\u9a8c\uff0c\u5e76\u4e14<\/p>\n<p>\u60a8\u5e94\u8be5\u4fe1\u4efb\u6211\u4eec\u7684\u539f\u56e0\u6709\u5f88\u591a\u3002\u4f8b\u5b50\uff1a<\/p>\n<p>300 $ \u7528\u4e8e MTCN 3000 $\uff08MTCN \u4e0e\u53d1\u9001\u65b9\u6570\u636e\uff09<\/p>\n<p>500 $ \u4ee3\u8868 MTCN 6000 $\uff08MTCN \u4e0e\u53d1\u9001\u65b9\u6570\u636e\uff09<\/p>\n<p>700 $ \u4ee3\u8868 MTCN 9000 $\uff08MTCN \u4e0e\u53d1\u9001\u65b9\u6570\u636e\uff09<\/p>\n<p>900 $ \u4ee3\u8868 MTCN 15000 $\uff08MTCN \u4e0e\u53d1\u9001\u65b9\u6570\u636e\uff09<\/p>\n<p>\u897f\u8054\u6c47\u6b3e\u548c\u901f\u6c47\u91d1\u6c47\u6b3e<\/p>\n<p>\u6587\u7ae0<\/p>\n<p>\u8bf7\u5411\u6211\u63d0\u4f9b\u60a8\u7684\u897f\u8054\u6c47\u6b3e\u548c\u901f\u6c47\u91d1\u6536\u6b3e\u4fe1\u606f\u4ee5\u53ca\u4ed8\u6b3e\u8d39\u7528\u3002\u5927\u7ea6 20 \u5206\u949f\u540e\uff0c\u6211\u5c06\u4e3a\u60a8\u5b8c\u6210\u8f6c\u8d26\u3002<\/p>\n<p>\u8ba2\u8d2d Money Gram Hack \u8f6c\u8d26<\/p>\n<p>\u60a8\u5c06\u6536\u5230 MTCN \u548c\u6c47\u6b3e\u4eba\u7684\u59d3\u540d\u3002<\/p>\n<p>\u51fa\u552e\u897f\u8054\u6c47\u6b3e\u3001\u51fa\u552e Money Gram MTCN\u3001\u7834\u89e3\u897f\u8054\u6c47\u6b3e\u3001\u7834\u89e3\u897f\u8054\u6c47\u6b3e\u3001Money Gram \u6f0f\u6d1e<\/p>\n<p>* \u51fa\u552e\u7535\u5b50\u90ae\u4ef6\u5730\u5740\u548c\u5bc6\u7801 - \u7535\u5b50\u90ae\u4ef6\u7ebf\u7d22\uff1a<\/p>\n<p>\u6765\u81ea\uff08\u7f8e\u56fd\u3001\u82f1\u56fd\u3001\u52a0\u62ff\u5927\u3001\u6b27\u76df\u3001\u6fb3\u5927\u5229\u4e9a\u7b49\uff09\u548c\u5176\u4ed6\u8bb8\u591a\u56fd\u5bb6\u7684 1000 \u4e2a\u7535\u5b50\u90ae\u4ef6\u5730\u5740\u548c\u5bc6\u7801 = 50 $<\/p>\n<p>5000 \u4e2a\u7535\u5b50\u90ae\u4ef6\u7ebf\u7d22\uff08\u7f8e\u56fd\u3001\u82f1\u56fd\u3001\u6fb3\u5927\u5229\u4e9a\uff09\u3001\u5168\u7403\uff08\u6df7\u5408\uff09\u3001\u6c42\u804c\u8005\u3001AOL = 50 $<\/p>\n<p>Money Gram MTCN \u53f7\u7801\u88ab\u9ed1\u5ba2\u5165\u4fb5\uff0c\u897f\u8054\u6c47\u6b3e MTCN \u53f7\u7801\u8ffd\u8e2a\u5668\uff0c\u897f\u8054\u6c47\u6b3e\u9ed1\u5ba2\u653b\u51fb\uff0c\u897f\u8054\u6c47\u6b3e\u6f0f\u6d1e\uff0cMoney Gram \u8d44\u91d1\u8ffd\u8e2a<\/p>\n<p>\u6211\u4eec\u662f\u4e00\u652f\u62e5\u6709\u5168\u9762\u4e13\u4e1a\u77e5\u8bc6\u5e76\u5bf9\u6211\u4eec\u7684\u884c\u4e3a\u8d1f\u8d23\u7684\u4e13\u5bb6\u56e2\u961f\u3002\u60a8\u7684\u8d44\u91d1\u5728\u6211\u4eec\u8fd9\u91cc\u662f\u5b89\u5168\u7684\uff01<br \/>\n\u6211\u4eec\u7684\u7cfb\u7edf\u914d\u5907\u4e86\u6700\u65b0\u7684\u6280\u672f\u3002<br \/>\n\u6211\u4eec\u4e3a\u8001\u5ba2\u6237\u63d0\u4f9b\u7279\u522b\u5956\u91d1\u548c\u6298\u6263\u3002<br \/>\n\u5ba2\u6237\u6ee1\u610f\u5ea6\u662f\u6211\u4eec\u7684\u9996\u8981\u4efb\u52a1\u3002<br \/>\n\u6211\u4eec\u5c0a\u91cd\u60a8\u7684\u9690\u79c1\u5e76\u786e\u4fdd\u4ea4\u6613\u8fc7\u7a0b\u4e2d\u4e0d\u4f1a\u6cc4\u9732\u4efb\u4f55\u673a\u5bc6\u6570\u636e\u3002<br \/>\n\u897f\u8054\u6c47\u6b3e<br \/>\n\u897f\u8054\u6c47\u6b3e\u767b\u5f55 Moneygram \u8f6c\u8d26\u88ab\u9ed1\u5ba2\u5165\u4fb5 PayPal<br \/>\n\u897f\u8054\u6c47\u6b3e\u767b\u5f55\u4fe1\u606f\u88ab\u9ed1\u5ba2\u5408\u6cd5\u5165\u4fb5 Moneygram \u8f6c\u8d26<br \/>\nPaypal \u8f6c\u8d26\u4fe1\u7528\u5361\u8d26\u6237<br \/>\n\u9ed1\u5ba2\u5165\u4fb5 PayPal \u8d26\u6237\uff0c\u8f6c\u79fb\u4fe1\u7528\u8d26\u6237<\/p>\n<p>\u6211\u4eec\u5df2\u7ecf\u5904\u7406\u4e86\u6570\u5343\u8d77 WU \u9ed1\u5ba2\u8f6c\u79fb\uff0c\u6210\u529f\u7387\u4e3a 100%\u3002<\/p>\n<p>\u8d2d\u4e70\u897f\u8054\u6c47\u6b3e<\/p>\n<p>\u5728\u6700\u574f\u7684\u60c5\u51b5\u4e0b\uff0c\u5982\u679c\u51fa\u73b0\u4e2d\u65ad\uff0c\u6211\u4eec\u4f1a\u786e\u4fdd\u60a8\u8f9b\u82e6\u8d5a\u6765\u7684\u94b1\u53d7\u5230\u4fdd\u62a4\u3002<\/p>\n<p>\u5728\u7ebf\u83b7\u53d6\u897f\u8054\u6c47\u6b3e<\/p>\n<p>\u51ed\u501f\u6211\u4eec\u904d\u5e03\u5168\u7403\u7684\u5f71\u54cd\u529b\u548c\u5b89\u5168\u7684\u7f51\u7edc\uff0c\u6211\u4eec\u53ef\u4ee5\u5168\u5929\u5019\u5904\u7406 MTCN \u4ea4\u6613\u3002<\/p>\n<p>\u5982\u4f55\u4f7f\u7528 Western Union Hack \u5728\u7ebf\u8f6c\u8d26\uff1f<\/p>\n<p>\u5728 Counterfeit Note Store\uff0c\u6211\u4eec\u7ba1\u7406\u7740\u5168\u7403\u5404\u5730\u7684\u4f17\u591a\u8d26\u6237\u3002<\/p>\n<p>\u6211\u4eec\u9700\u8981\u4ee5\u4e0b\u91cd\u8981\u4fe1\u606f\uff1a<\/p>\n<p>\u8f6c\u8d26\u91d1\u989d<br \/>\n\u6536\u4ef6\u4eba\u7684\u59d3\u540d<br \/>\n\u6536\u4ef6\u4eba\u7684\u56fd\u5bb6\u548c\u5c45\u4f4f\u5730<\/p>\n<p>\u6211\u4eec\u4e3a\u4ec0\u4e48\u8981\u51fa\u552e MTCN\uff1f<br \/>\n\u6211\u4eec\u5df2\u7ecf\u4e0e\u5408\u4f5c\u4f19\u4f34\u8fdb\u884c\u4e86\u57fa\u4e8e\u767e\u5206\u6bd4\u7684\u4ea4\u6613\uff0c\u4f46\u7531\u4e8e\u98ce\u9669\u539f\u56e0\uff0c\u6211\u4eec\u4e0d\u80fd\u603b\u662f\u4f7f\u7528\u76f8\u540c\u7684\u540d\u79f0\u3002\u56e0\u6b64\uff0c\u6211\u4eec\u51fa\u552e\u5269\u4f59\u90e8\u5206\u3002<\/p>\n<p>\u4ea4\u6613\u901a\u8fc7\u9ad8\u9650\u989d\u5168\u4fe1\u606f\u5361\u6216\u94f6\u884c\u767b\u5f55\uff08\u53d6\u51b3\u4e8e\u91d1\u989d\uff09\u8fdb\u884c\u3002\u6211\u4eec\u4f1a\u5411\u6211\u4eec\u7684\u5151\u6362\u5904\u8fdb\u884c\u4e00\u7cfb\u5217\u7684\u8f6c\u8d26\uff0c\u7136\u540e\u5151\u6362\u5904\u4f1a\u5c06\u94b1\u8f6c\u7ed9\u60a8\uff08\u6536\u6b3e\u4eba\uff09\u3002<\/p>\n<p>\u8fd9\u6709\u52a9\u4e8e\u63d0\u9ad8\u6211\u4eec\u548c\u6536\u4ef6\u4eba\u7684\u5b89\u5168\u6027\u3002<\/p>\n<p>\u5b89\u5168\u662f\u6211\u4eec\u7684\u9996\u8981\u4efb\u52a1\uff0c\u56e0\u6b64\u60a8\u53ef\u4ee5\u653e\u5fc3\u3002<br \/>\n?<br \/>\nMTCN\u8f6f\u4ef6\/\u7ec8\u7aef\u8f6c\u8d26<br \/>\n\u6839\u672c\u4e0d\u5b58\u5728\u8fd9\u6837\u7684\u897f\u8054\u6c47\u6b3e\u9ed1\u5ba2\u653b\u51fb\u4e8b\u4ef6\u3002<\/p>\n<p>\u4e00\u4e9b\u65b0\u5ba2\u6237\u8be2\u95ee\u6211\u4eec\u662f\u5426\u4f7f\u7528\u8be5\u8f6f\u4ef6\u3002<\/p>\n<p>\u76ee\u524d\u4e16\u754c\u4e0a\u8fd8\u6ca1\u6709\u4efb\u4f55\u53ef\u4ee5\u5165\u4fb5\u897f\u8054\u6c47\u6b3e\u7684MTCN\u8f6f\u4ef6\u3002<\/p>\n<p>\u4e8b\u5b9e\u4e0a\uff0c\u5b83\u4eec\u5728\u4e92\u8054\u7f51\u4e0a\u662f\u514d\u8d39\u63d0\u4f9b\u7684\uff0c\u4f46\u4f60\u53ef\u80fd\u4f1a\u611f\u67d3\u75c5\u6bd2\u3002<\/p>\n<p>\u90a3\u4e9b\u58f0\u79f0\u4f7f\u7528 WU \u7ec8\u7aef\u7684\u4eba\u4e5f\u662f\u5982\u6b64\u3002\u8bd5\u60f3\u4e00\u4e0b\uff0c\u897f\u8054\u6c47\u6b3e\u96be\u9053\u4e0d\u4f1a\u53d1\u73b0\u5417\uff1f<\/p>\n<p>\u54c8\u54c8\uff1a\u9a97\u5b50\u4e5f\u4f1a\u7528\u8fd9\u4e2a\u8c0e\u8a00\u6765\u5f15\u8bf1\u65b0\u624b\uff0c\u56e0\u4e3a\u4ed6\u4eec\u4e0d\u77e5\u9053\u8fd9\u4e00\u70b9\u3002<\/p>\n<p>\u8d2d\u4e70 Western Union Hack<\/p>\n<p>Western Union \u9ed1\u5ba2\u653b\u51fb\u5b8c\u5168\u662f\u901a\u8fc7\u4f7f\u7528 Fullz\uff08\u5168\u4fe1\u606f\u5361\uff09\u5411\u6211\u4eec\u7684\u8d27\u5e01\u5151\u6362\u5546\u8fdb\u884c\u4e00\u7cfb\u5217\u8f6c\u8d26\uff0c\u7136\u540e\u7531\u5151\u6362\u5546\u5c06\u94b1\u8f6c\u7ed9\u6536\u6b3e\u4eba\u3002<\/p>\n<p>\u8fd9\u6837\u505a\u662f\u4e3a\u4e86<\/p>\n<\/div>","protected":false},"excerpt":{"rendered":"<p>Kaufen Sie Western Union und Money Gram Hacker-\u00dcberweisungen online bei Press Document, den besten Anbietern f\u00fcr Geldverdienen und Dokumente.<\/p>\n<p>\u7531\u4e8e\u7cfb\u7edf\u5b58\u5728\u5b89\u5168\u6f0f\u6d1e\uff0c\u5982\u4eca\u9ed1\u5ba2\u653b\u51fb\u5341\u5206\u666e\u904d\u3002<\/p>\n<p>Geldtransferdienste wie Western Union und Money Gram werden von Programmierern und Hackern angegriffen, die auf die Datenbank zugreifen und problemlos Transaktionen durchf\u00fchren k\u00f6nnen.<\/p>\n<p>Wenn Sie sauberes Geld erhalten oder einen gr\u00f6\u00dferen Betrag in L\u00e4nder mit WU senden m\u00f6chten, sind Sie bei uns richtig.<\/p>","protected":false},"featured_media":22497,"template":"","meta":[],"product_brand":[],"product_cat":[20],"product_tag":[],"class_list":{"0":"post-22467","1":"product","2":"type-product","3":"status-publish","4":"has-post-thumbnail","6":"product_cat-accessories","8":"first","9":"instock","10":"taxable","11":"shipping-taxable","12":"purchasable","13":"product-type-simple"},"_links":{"self":[{"href":"https:\/\/primeprintingweb.com\/zh\/wp-json\/wp\/v2\/product\/22467","targetHints":{"allow":["GET"]}}],"collection":[{"href":"https:\/\/primeprintingweb.com\/zh\/wp-json\/wp\/v2\/product"}],"about":[{"href":"https:\/\/primeprintingweb.com\/zh\/wp-json\/wp\/v2\/types\/product"}],"version-history":[{"count":3,"href":"https:\/\/primeprintingweb.com\/zh\/wp-json\/wp\/v2\/product\/22467\/revisions"}],"predecessor-version":[{"id":22798,"href":"https:\/\/primeprintingweb.com\/zh\/wp-json\/wp\/v2\/product\/22467\/revisions\/22798"}],"wp:featuredmedia":[{"embeddable":true,"href":"https:\/\/primeprintingweb.com\/zh\/wp-json\/wp\/v2\/media\/22497"}],"wp:attachment":[{"href":"https:\/\/primeprintingweb.com\/zh\/wp-json\/wp\/v2\/media?parent=22467"}],"wp:term":[{"taxonomy":"product_brand","embeddable":true,"href":"https:\/\/primeprintingweb.com\/zh\/wp-json\/wp\/v2\/product_brand?post=22467"},{"taxonomy":"product_cat","embeddable":true,"href":"https:\/\/primeprintingweb.com\/zh\/wp-json\/wp\/v2\/product_cat?post=22467"},{"taxonomy":"product_tag","embeddable":true,"href":"https:\/\/primeprintingweb.com\/zh\/wp-json\/wp\/v2\/product_tag?post=22467"}],"curies":[{"name":"wp","href":"https:\/\/api.w.org\/{rel}","templated":true}]}}