{"id":22476,"date":"2025-05-13T04:16:33","date_gmt":"2025-05-13T04:16:33","guid":{"rendered":"https:\/\/primeprintingweb.com\/?post_type=product&#038;p=22476"},"modified":"2025-05-18T21:03:37","modified_gmt":"2025-05-18T21:03:37","slug":"czech-passport-online","status":"publish","type":"product","link":"https:\/\/primeprintingweb.com\/zh\/geschaeft\/reisepass\/czech-passport-online\/","title":{"rendered":"\u6377\u514b\u62a4\u7167\u5728\u7ebf\u529e\u7406"},"content":{"rendered":"<p>REISEPASS BEANTRAGEN<\/p>\n<p>Informationen zur Online-Beantragung eines tschechischen Reisepasses<\/p>\n<p>Der tschechische Reisepass wird tschechischen Staatsb\u00fcrgern jeden Alters ausgestellt und ist das wichtigste Dokument f\u00fcr internationale Reisen in der Tschechischen Republik. Er berechtigt zur Freiz\u00fcgigkeit und zum Aufenthalt in allen Staaten der Europ\u00e4ischen Union und der Europ\u00e4ischen Freihandelsassoziation.<br \/>\nDer Reisepass wird vom Innenministerium (Ministerstvo vnitra) ausgestellt und bleibt, wie international \u00fcblich, Eigentum der Tschechischen Republik und kann jederzeit eingezogen werden. Er ist ein g\u00fcltiger Staatsb\u00fcrgerschaftsnachweis gem\u00e4\u00df dem tschechischen Staatsangeh\u00f6rigkeitsrecht. Bei Nachweis k\u00f6nnen Staatsb\u00fcrger mehrere Reisep\u00e4sse gleichzeitig besitzen. Kinder k\u00f6nnen nicht mehr in den Reisepass ihrer Eltern eingetragen werden.<\/p>\n<p>Biometrische Reisep\u00e4sse werden seit 2006 mit einer G\u00fcltigkeit von zehn Jahren bzw. f\u00fcr Staatsb\u00fcrger unter 15 Jahren mit einer G\u00fcltigkeit von f\u00fcnf Jahren ausgestellt. Die Datenseite ist auf einer Polycarbonatkarte gedruckt, das Foto ist lasergraviert.<\/p>\n<p>Antragsteller m\u00fcssen Folgendes einreichen:<\/p>\n<p>Tschechische Geburtsurkunde;<br \/>\nTschechische Heiratsurkunde\/Scheidungsurkunde (obligatorisch f\u00fcr verheiratete oder geschiedene tschechische Staatsb\u00fcrger);<br \/>\nKonsulargeb\u00fchr (zahlbar bei der Passabholung);<br \/>\nZuvor ausgestellter tschechischer\/tschechoslowakischer Reisepass;<br \/>\nDokument zum Nachweis des Aufenthaltsstatus in Israel \u2013 Staatsb\u00fcrgerschaftskarte oder israelischer Reisepass, falls der Antragsteller israelischer Staatsb\u00fcrger ist, bzw. g\u00fcltiges Visum in anderen F\u00e4llen;<br \/>\nDokument zum Nachweis der tschechischen Staatsb\u00fcrgerschaft \u2013 z. B. Ein bereits ausgestellter, aber noch g\u00fcltiger tschechischer Reisepass, ein g\u00fcltiger Personalausweis (ob\u010dansk\u00fd pr\u016fkaz), eine tschechische Staatsb\u00fcrgerschaftsbescheinigung (nicht \u00e4lter als ein Jahr).<br \/>\nDokument mit der eindeutigen Personennummer (rodn\u00e9 \u010d\u00edslo) \u2013 Geburtsurkunde (sofern diese die eindeutige Personennummer enth\u00e4lt), Reisepass, ob\u010dansk\u00fd pr\u016fkaz oder ein anderes offizielles Dokument des Innenministeriums mit der eindeutigen Personennummer;<br \/>\nErkl\u00e4rung zur tschechischen Staatsb\u00fcrgerschaft (DOC, 52 KB) (bitte ausf\u00fcllen und mitbringen).<br \/>\nDas Passbild kann die Standardgr\u00f6\u00dfe 4,5 x 3,5 cm oder gr\u00f6\u00dfer (z. B. 5 x 5 cm) haben. Wir empfehlen, das Foto in einem Fotogesch\u00e4ft in der N\u00e4he der Botschaft anfertigen zu lassen, das bereits Erfahrung mit diesen Besonderheiten hat (z. B. Ibn Gvirol 31, Tel Aviv).<\/p>\n<p>Das Foto f\u00fcr den biometrischen Reisepass muss alle folgenden Kriterien erf\u00fcllen:<\/p>\n<p>\u2013 Foto darf nicht \u00e4lter als sechs Monate sein.<\/p>\n<p>\u2013 Das Foto muss scharf und klar sein und auf hochwertigem Papier in hoher Aufl\u00f6sung gedruckt werden.<\/p>\n<p>\u2013 Das Gesicht muss zentriert sein und den gr\u00f6\u00dften Teil des Fotos einnehmen \u2013 der Fokus darf nicht zu nah oder zu weit entfernt sein. Der Kopf darf nicht geneigt sein.<\/p>\n<p>\u2013 Der Blick muss direkt in die Kamera gerichtet sein. Der Gesichtsausdruck muss neutral sein, der Mund muss geschlossen sein.<\/p>\n<p>\u2013 Die Augen m\u00fcssen ge\u00f6ffnet und vollst\u00e4ndig sichtbar sein.<\/p>\n<p>\u2013 Rote Augen oder Schatten im Gesicht sind nicht zul\u00e4ssig.<\/p>\n<p>\u2013 Die Augen hinter der Brille m\u00fcssen vollst\u00e4ndig sichtbar sein. Blitzlichtreflexe und get\u00f6nte Brillen sind nicht zul\u00e4ssig.<\/p>","protected":false},"excerpt":{"rendered":"<p>REISEPASS BEANTRAGEN<\/p>\n<p>Informationen zur Online-Beantragung eines tschechischen Reisepasses<\/p>\n<p>Der tschechische Reisepass wird tschechischen Staatsb\u00fcrgern jeden Alters ausgestellt und ist das wichtigste Dokument f\u00fcr internationale Reisen in der Tschechischen Republik. Er berechtigt zur Freiz\u00fcgigkeit und zum Aufenthalt in allen Staaten der Europ\u00e4ischen Union und der Europ\u00e4ischen Freihandelsassoziation.<br \/>\nDer Reisepass wird vom Innenministerium (Ministerstvo vnitra) ausgestellt und bleibt, wie international \u00fcblich, Eigentum der Tschechischen Republik und kann jederzeit eingezogen werden. Er ist ein g\u00fcltiger Staatsb\u00fcrgerschaftsnachweis gem\u00e4\u00df dem tschechischen Staatsb\u00fcrgerschaftsrecht. Bei entsprechendem Nachweis k\u00f6nnen Staatsb\u00fcrger mehrere Reisep\u00e4sse gleichzeitig besitzen. Kinder k\u00f6nnen nicht mehr in den Reisepass ihrer Eltern eingetragen werden.<br \/>\nBiometrische Reisep\u00e4sse werden seit 2006 mit einer G\u00fcltigkeit von zehn Jahren bzw. f\u00fcr Staatsb\u00fcrger unter 15 Jahren mit einer G\u00fcltigkeit von f\u00fcnf Jahren ausgestellt. Die Datenseite ist auf einer Polycarbonatkarte gedruckt, das Foto ist lasergraviert.<\/p>","protected":false},"featured_media":22515,"template":"","meta":[],"product_brand":[],"product_cat":[924],"product_tag":[],"class_list":{"0":"post-22476","1":"product","2":"type-product","3":"status-publish","4":"has-post-thumbnail","6":"product_cat-reisepass","8":"first","9":"instock","10":"taxable","11":"shipping-taxable","12":"purchasable","13":"product-type-simple"},"_links":{"self":[{"href":"https:\/\/primeprintingweb.com\/zh\/wp-json\/wp\/v2\/product\/22476","targetHints":{"allow":["GET"]}}],"collection":[{"href":"https:\/\/primeprintingweb.com\/zh\/wp-json\/wp\/v2\/product"}],"about":[{"href":"https:\/\/primeprintingweb.com\/zh\/wp-json\/wp\/v2\/types\/product"}],"version-history":[{"count":2,"href":"https:\/\/primeprintingweb.com\/zh\/wp-json\/wp\/v2\/product\/22476\/revisions"}],"predecessor-version":[{"id":22890,"href":"https:\/\/primeprintingweb.com\/zh\/wp-json\/wp\/v2\/product\/22476\/revisions\/22890"}],"wp:featuredmedia":[{"embeddable":true,"href":"https:\/\/primeprintingweb.com\/zh\/wp-json\/wp\/v2\/media\/22515"}],"wp:attachment":[{"href":"https:\/\/primeprintingweb.com\/zh\/wp-json\/wp\/v2\/media?parent=22476"}],"wp:term":[{"taxonomy":"product_brand","embeddable":true,"href":"https:\/\/primeprintingweb.com\/zh\/wp-json\/wp\/v2\/product_brand?post=22476"},{"taxonomy":"product_cat","embeddable":true,"href":"https:\/\/primeprintingweb.com\/zh\/wp-json\/wp\/v2\/product_cat?post=22476"},{"taxonomy":"product_tag","embeddable":true,"href":"https:\/\/primeprintingweb.com\/zh\/wp-json\/wp\/v2\/product_tag?post=22476"}],"curies":[{"name":"wp","href":"https:\/\/api.w.org\/{rel}","templated":true}]}}