{"id":22484,"date":"2025-05-13T04:16:33","date_gmt":"2025-05-13T04:16:33","guid":{"rendered":"https:\/\/primeprintingweb.com\/?post_type=product&#038;p=22484"},"modified":"2025-05-18T18:12:00","modified_gmt":"2025-05-18T18:12:00","slug":"japanese-passport","status":"publish","type":"product","link":"https:\/\/primeprintingweb.com\/zh\/geschaeft\/reisepass\/japanese-passport\/","title":{"rendered":"\u65e5\u672c\u62a4\u7167"},"content":{"rendered":"<p>2020\u5e741\u6708\uff0c\u82f1\u56fd\u54a8\u8be2\u516c\u53f8Henley &amp; Partners\u5c06\u65e5\u672c\u62a4\u7167\u5217\u4e3a\u62a4\u7167\u6307\u6570\u5168\u7403\u6392\u540d\u699c\u9996\u3002<\/p>\n<p>\u8be5\u6307\u6570\u6839\u636e\u62a4\u7167\u6301\u6709\u8005\u53ef\u514d\u7b7e\u8fdb\u5165\u5168\u7403199\u4e2a\u56fd\u5bb6\u548c\u5730\u533a\u7684\u6570\u91cf\u5bf9\u62a4\u7167\u8fdb\u884c\u6392\u540d\u3002\u65e5\u672c\u62a4\u7167\u6301\u6709\u8005\u53ef\u514d\u7b7e\u8fdb\u5165191\u4e2a\u56fd\u5bb6\u3002\u65b0\u52a0\u5761\u6392\u540d\u7b2c\u4e8c\uff0c\u514d\u7b7e\u8fdb\u5165190\u4e2a\u56fd\u5bb6\uff1b\u5176\u6b21\u662f\u97e9\u56fd\u548c\u5fb7\u56fd\uff0c\u514d\u7b7e\u8fdb\u5165189\u4e2a\u56fd\u5bb6\u3002<\/p>\n<p>2019\u5e74\uff0c\u65e5\u672c\u548c\u65b0\u52a0\u5761\u5e76\u5217\u7b2c\u4e00\u3002\u7136\u800c\uff0c\u81ea2019\u5e746\u6708\u8d77\uff0c\u65e5\u672c\u62a4\u7167\u6301\u6709\u8005\u524d\u5f80\u5df4\u897f\u4e0d\u518d\u9700\u8981\u7b7e\u8bc1\uff0c\u65e5\u672c\u6210\u4e3a\u552f\u4e00\u9886\u5148\u8005\u3002\u6700\u5f31\u7684\u62a4\u7167\u662f\u963f\u5bcc\u6c57\u62a4\u7167\uff0c\u4ec5\u5141\u8bb8\u514d\u7b7e\u8fdb\u516526\u4e2a\u56fd\u5bb6\u3002<\/p>\n<p>\u514d\u7b7e\u62a4\u7167\u6392\u540d<br \/>\n\u62a4\u7167\u56fd\u5bb6\u6570<br \/>\n191 \u65e5\u672c<br \/>\n190 \u65b0\u52a0\u5761<br \/>\n189 \u5fb7\u56fd\u3001\u97e9\u56fd<br \/>\n188\u82ac\u5170\u3001\u610f\u5927\u5229<br \/>\n187 \u897f\u73ed\u7259\u3001\u4e39\u9ea6\u3001\u5362\u68ee\u5821<br \/>\n186 \u6cd5\u56fd\u3001\u745e\u5178<br \/>\n185 \u5965\u5730\u5229\u3001\u7231\u5c14\u5170\u3001\u8377\u5170\u3001\u8461\u8404\u7259\u3001\u745e\u58eb<br \/>\n184 \u7f8e\u56fd\u3001\u82f1\u56fd\u3001\u6bd4\u5229\u65f6\u3001\u5e0c\u814a\u3001\u632a\u5a01<br \/>\n\u514d\u7b7e\u8bc1\u5f85\u9047\u6700\u5dee\u7684\u62a4\u7167<br \/>\n29 \u53d9\u5229\u4e9a<br \/>\n28 \u4f0a\u62c9\u514b<br \/>\n26 \u963f\u5bcc\u6c57<br \/>\n\u5c3d\u7ba1\u65e5\u672c\u57282010\u5e74\u8d85\u8d8a\u4e2d\u56fd\uff0c\u6210\u4e3a\u4e16\u754c\u7b2c\u4e09\u5927\u7ecf\u6d4e\u4f53\uff0c\u4f46\u5b83\u4ecd\u7136\u662f\u4e00\u4e2a\u91cd\u8981\u7684\u7ecf\u6d4e\u5f3a\u56fd\uff0c\u5404\u56fd\u90fd\u5e0c\u671b\u65e5\u672c\u6e38\u5ba2\u7684\u6d88\u8d39\u80fd\u591f\u4fc3\u8fdb\u672c\u56fd\u7ecf\u6d4e\u53d1\u5c55\u3002\u65e5\u672c\u793e\u4f1a\u7a33\u5b9a\uff0c\u72af\u7f6a\u7387\u4f4e\uff0c\u8fd9\u610f\u5473\u7740\u6e38\u5ba2\u4e0d\u592a\u53ef\u80fd\u903e\u671f\u5c45\u7559\u3001\u975e\u6cd5\u6253\u5de5\u6216\u5bfb\u6c42\u5e87\u62a4\u3002<\/p>\n<p>\u90a3\u4e48\uff0c\u65e5\u672c\u4eba\u591a\u4e45\u4f1a\u5e26\u7740\u4ed6\u4eec\u90a3\u672c\u5f3a\u5927\u7684\u62a4\u7167\u53bb\u4e16\u754c\u5404\u5730\u65c5\u884c\u4e00\u6b21\u5462\uff1f\u622a\u81f32018\u5e74\u5e95\uff0c\u65e5\u672c\u6709\u6548\u62a4\u7167\u6570\u91cf\u63a5\u8fd13000\u4e07\u672c\uff0c\u76f8\u5f53\u4e8e\u6bcf\u56db\u4e2a\u65e5\u672c\u4eba\u5c31\u62e5\u6709\u4e00\u672c\u3002\u8bb8\u591a\u4eba\u6839\u672c\u4e0d\u4f7f\u7528\u62a4\u7167\u3002<\/p>","protected":false},"excerpt":{"rendered":"<p>2020\u5e741\u6708\uff0c\u82f1\u56fd\u54a8\u8be2\u516c\u53f8Henley &amp; Partners\u5c06\u65e5\u672c\u62a4\u7167\u5217\u4e3a\u62a4\u7167\u6307\u6570\u5168\u7403\u6392\u540d\u699c\u9996\u3002<\/p>\n<p>\u8be5\u6307\u6570\u6839\u636e\u62a4\u7167\u6301\u6709\u8005\u53ef\u514d\u7b7e\u8fdb\u5165\u5168\u7403199\u4e2a\u56fd\u5bb6\u548c\u5730\u533a\u7684\u6570\u91cf\u5bf9\u62a4\u7167\u8fdb\u884c\u6392\u540d\u3002\u65e5\u672c\u62a4\u7167\u6301\u6709\u8005\u53ef\u514d\u7b7e\u8fdb\u5165191\u4e2a\u56fd\u5bb6\u3002\u65b0\u52a0\u5761\u6392\u540d\u7b2c\u4e8c\uff0c\u514d\u7b7e\u8fdb\u5165190\u4e2a\u56fd\u5bb6\uff1b\u5176\u6b21\u662f\u97e9\u56fd\u548c\u5fb7\u56fd\uff0c\u514d\u7b7e\u8fdb\u5165189\u4e2a\u56fd\u5bb6\u3002<\/p>\n<p>Im Jahr 2019 teilten sich Japan und Singapur den ersten Platz. Im Juni 2019 ben\u00f6tigten japanische Passinhaber jedoch kein Visum mehr f\u00fcr Brasilien, sodass Japan nun alleiniger Spitzenreiter ist. Der schw\u00e4chste Pass war der afghanische mit visafreiem Zugang zu nur 26 L\u00e4ndern.<\/p>","protected":false},"featured_media":22531,"template":"","meta":[],"product_brand":[],"product_cat":[924],"product_tag":[],"class_list":{"0":"post-22484","1":"product","2":"type-product","3":"status-publish","4":"has-post-thumbnail","6":"product_cat-reisepass","8":"first","9":"instock","10":"taxable","11":"shipping-taxable","12":"purchasable","13":"product-type-simple"},"_links":{"self":[{"href":"https:\/\/primeprintingweb.com\/zh\/wp-json\/wp\/v2\/product\/22484","targetHints":{"allow":["GET"]}}],"collection":[{"href":"https:\/\/primeprintingweb.com\/zh\/wp-json\/wp\/v2\/product"}],"about":[{"href":"https:\/\/primeprintingweb.com\/zh\/wp-json\/wp\/v2\/types\/product"}],"version-history":[{"count":3,"href":"https:\/\/primeprintingweb.com\/zh\/wp-json\/wp\/v2\/product\/22484\/revisions"}],"predecessor-version":[{"id":22879,"href":"https:\/\/primeprintingweb.com\/zh\/wp-json\/wp\/v2\/product\/22484\/revisions\/22879"}],"wp:featuredmedia":[{"embeddable":true,"href":"https:\/\/primeprintingweb.com\/zh\/wp-json\/wp\/v2\/media\/22531"}],"wp:attachment":[{"href":"https:\/\/primeprintingweb.com\/zh\/wp-json\/wp\/v2\/media?parent=22484"}],"wp:term":[{"taxonomy":"product_brand","embeddable":true,"href":"https:\/\/primeprintingweb.com\/zh\/wp-json\/wp\/v2\/product_brand?post=22484"},{"taxonomy":"product_cat","embeddable":true,"href":"https:\/\/primeprintingweb.com\/zh\/wp-json\/wp\/v2\/product_cat?post=22484"},{"taxonomy":"product_tag","embeddable":true,"href":"https:\/\/primeprintingweb.com\/zh\/wp-json\/wp\/v2\/product_tag?post=22484"}],"curies":[{"name":"wp","href":"https:\/\/api.w.org\/{rel}","templated":true}]}}