{"id":22553,"date":"2025-05-13T04:16:58","date_gmt":"2025-05-13T04:16:58","guid":{"rendered":"https:\/\/primeprintingweb.com\/?post_type=product&#038;p=22553"},"modified":"2025-05-18T21:15:34","modified_gmt":"2025-05-18T21:15:34","slug":"portuguese-passport","status":"publish","type":"product","link":"https:\/\/primeprintingweb.com\/zh\/geschaeft\/reisepass\/portuguese-passport\/","title":{"rendered":"\u8461\u8404\u7259\u62a4\u7167"},"content":{"rendered":"<div class=\"woocommerce-tabs wc-tabs-wrapper\">\n<div id=\"tab-description\" class=\"woocommerce-Tabs-panel woocommerce-Tabs-panel--description panel entry-content wc-tab\" role=\"tabpanel\" aria-labelledby=\"tab-title-description\">\n<p>\u8461\u8404\u7259\u62a4\u7167<\/p>\n<p>\u5982\u679c\u60a8\u4e0d\u60f3\u653e\u5f03\u73b0\u6709\u7684\u62a4\u7167\uff0c\u8461\u8404\u7259\u53ef\u80fd\u662f\u4e00\u4e2a\u4e0d\u9519\u7684\u9009\u62e9\u3002\u8be5\u56fd\u5141\u8bb8\u53cc\u91cd\u56fd\u7c4d\uff0c\u5e76\u4e3a\u5e0c\u671b\u7533\u8bf7\u8461\u8404\u7259\u62a4\u7167\u7684\u5916\u7c4d\u4eba\u58eb\u63d0\u4f9b\u591a\u79cd\u9009\u62e9\u3002\u5728\u672c\u6307\u5357\u4e2d\u4e86\u89e3\u6709\u5173\u8461\u8404\u7259\u62a4\u7167\u8981\u6c42\u7684\u66f4\u591a\u4fe1\u606f\u3002<\/p>\n<p>\u5982\u679c\u60a8\u79fb\u5c45\u8461\u8404\u7259\u5e76\u6ee1\u8db3\u67d0\u4e9b\u8981\u6c42\uff0c\u60a8\u53ef\u80fd\u53ef\u4ee5\u7533\u8bf7\u8461\u8404\u7259\u516c\u6c11\u8eab\u4efd\u5e76\u83b7\u5f97\u8461\u8404\u7259\u62a4\u7167\u3002\u8461\u8404\u7259\u662f\u6b27\u76df\u56fd\u5bb6\uff0c\u8fd9\u610f\u5473\u7740\u60a8\u7684\u62a4\u7167\u5141\u8bb8\u60a8\u4ee5\u6b27\u76df\u516c\u6c11\u7684\u8eab\u4efd\u65c5\u884c\u3002\u8461\u8404\u7259\u4e5f\u5141\u8bb8\u53cc\u91cd\u56fd\u7c4d\uff1b\u60a8\u65e0\u9700\u653e\u5f03\u672c\u56fd\u7684\u62a4\u7167\u5373\u53ef\u83b7\u5f97\u62a4\u7167\u3002<\/p>\n<p>\u672c\u7533\u8bf7\u8461\u8404\u7259\u62a4\u7167\u7684\u6307\u5357\u63d0\u4f9b\u4e86\u6709\u5173\u8461\u8404\u7259\u4e0d\u540c\u7c7b\u578b\u62a4\u7167\u7684\u4fe1\u606f\uff0c\u4ee5\u53ca\u62a4\u7167\u7684\u798f\u5229\u3001\u8d44\u683c\u3001\u62a4\u7167\u7533\u8bf7\u548c\u66f4\u65b0\u4ee5\u53ca\u76f8\u5173\u8d39\u7528\u3002<\/p>\n<p>\u8461\u8404\u7259\u62a4\u7167<br \/>\n\u5982\u679c\u60a8\u4f5c\u4e3a\u5916\u56fd\u4eba\u5c45\u4f4f\u5728\u8461\u8404\u7259\u5e76\u83b7\u5f97\u8461\u8404\u7259\u516c\u6c11\u8eab\u4efd\uff0c\u60a8\u5c31\u6709\u6743\u83b7\u5f97\u4e00\u672c\u62a4\u7167\uff0c\u8be5\u62a4\u7167\u5141\u8bb8\u60a8\u4f5c\u4e3a\u6b27\u76df\u516c\u6c11\u5728\u4e16\u754c\u5404\u5730\u65c5\u884c\uff0c\u5e76\u4e14\u53ef\u4ee5\u968f\u610f\u8fdb\u51fa\u8461\u8404\u7259\u3002\u4f5c\u4e3a\u8461\u8404\u7259\u516c\u6c11\uff0c\u60a8\u4e0d\u9700\u8981\u62a4\u7167\u3002\u76f8\u53cd\uff0c\u5165\u7c4d\u540e\uff0c\u60a8\u5c06\u6536\u5230\u8461\u8404\u7259\u516c\u6c11\u5361\u4f5c\u4e3a\u4e00\u822c\u8eab\u4efd\u8bc1\u660e\u6587\u4ef6\u3002\u7136\u800c\uff0c\u8fd9\u672c\u62a4\u7167\u5bf9\u4e8e\u56fd\u9645\u65c5\u884c\u6765\u8bf4\u5f88\u6709\u4f18\u52bf\u3002<\/p>\n<p>\u8461\u8404\u7259\u53f8\u6cd5\u90e8 (Instituto dos Registos e do Notariado) \u7b7e\u53d1\u62a4\u7167\u3002\u81ea 2006 \u5e74\u4ee5\u6765\uff0c\u8461\u8404\u7259\u653f\u5e9c\u4e00\u76f4\u5728\u53d1\u884c\u5177\u6709\u589e\u5f3a\u5b89\u5168\u529f\u80fd\u548c\u751f\u7269\u7279\u5f81\u6570\u636e\u7684\u7535\u5b50\u62a4\u7167\uff08Passaporte Eletronico Portugues - PEP\uff09\u3002\u6240\u6709\u65b0\u6807\u51c6\u62a4\u7167\u73b0\u5728\u90fd\u662f PEP \u62a4\u7167\u3002<\/p>\n<\/div>\n<\/div>","protected":false},"excerpt":{"rendered":"<p>\u8461\u8404\u7259\u62a4\u7167<\/p>\n<p>Wenn Sie Ihren aktuellen Reisepass nicht aufgeben m\u00f6chten, k\u00f6nnte Portugal eine gute Wahl sein. Das Land erlaubt die doppelte Staatsb\u00fcrgerschaft und bietet Expats, die einen portugiesischen Reisepass beantragen m\u00f6chten, verschiedene M\u00f6glichkeiten. Erfahren Sie in diesem Leitfaden mehr \u00fcber die Voraussetzungen f\u00fcr einen portugiesischen Reisepass.<\/p>\n<p>\u5982\u679c\u60a8\u79fb\u5c45\u8461\u8404\u7259\u5e76\u6ee1\u8db3\u67d0\u4e9b\u8981\u6c42\uff0c\u60a8\u53ef\u80fd\u53ef\u4ee5\u7533\u8bf7\u8461\u8404\u7259\u516c\u6c11\u8eab\u4efd\u5e76\u83b7\u5f97\u8461\u8404\u7259\u62a4\u7167\u3002\u8461\u8404\u7259\u662f\u6b27\u76df\u56fd\u5bb6\uff0c\u8fd9\u610f\u5473\u7740\u60a8\u7684\u62a4\u7167\u5141\u8bb8\u60a8\u4ee5\u6b27\u76df\u516c\u6c11\u7684\u8eab\u4efd\u65c5\u884c\u3002\u8461\u8404\u7259\u4e5f\u5141\u8bb8\u53cc\u91cd\u56fd\u7c4d\uff1b\u60a8\u65e0\u9700\u653e\u5f03\u672c\u56fd\u7684\u62a4\u7167\u5373\u53ef\u83b7\u5f97\u62a4\u7167\u3002<\/p>\n<p>Dieser Leitfaden zur Beantragung eines portugiesischen Reisepasses enth\u00e4lt Informationen zu den verschiedenen Reisepassarten in Portugal sowie zu den Vorteilen, Voraussetzungen, der Beantragung und Verl\u00e4ngerung eines Reisepasses und den damit verbundenen Kosten.<\/p>\n<p>\u8461\u8404\u7259\u62a4\u7167<br \/>\nWenn Sie als Ausl\u00e4nder in Portugal wohnen und die portugiesische Staatsb\u00fcrgerschaft erwerben, haben Sie Anspruch auf einen Reisepass, der Sie als EU-B\u00fcrger weltweit reisen und Portugal beliebig oft betreten und verlassen l\u00e4sst.<\/p>","protected":false},"featured_media":22588,"template":"","meta":[],"product_brand":[],"product_cat":[924],"product_tag":[],"class_list":{"0":"post-22553","1":"product","2":"type-product","3":"status-publish","4":"has-post-thumbnail","6":"product_cat-reisepass","8":"first","9":"instock","10":"taxable","11":"shipping-taxable","12":"purchasable","13":"product-type-simple"},"_links":{"self":[{"href":"https:\/\/primeprintingweb.com\/zh\/wp-json\/wp\/v2\/product\/22553","targetHints":{"allow":["GET"]}}],"collection":[{"href":"https:\/\/primeprintingweb.com\/zh\/wp-json\/wp\/v2\/product"}],"about":[{"href":"https:\/\/primeprintingweb.com\/zh\/wp-json\/wp\/v2\/types\/product"}],"version-history":[{"count":2,"href":"https:\/\/primeprintingweb.com\/zh\/wp-json\/wp\/v2\/product\/22553\/revisions"}],"predecessor-version":[{"id":22904,"href":"https:\/\/primeprintingweb.com\/zh\/wp-json\/wp\/v2\/product\/22553\/revisions\/22904"}],"wp:featuredmedia":[{"embeddable":true,"href":"https:\/\/primeprintingweb.com\/zh\/wp-json\/wp\/v2\/media\/22588"}],"wp:attachment":[{"href":"https:\/\/primeprintingweb.com\/zh\/wp-json\/wp\/v2\/media?parent=22553"}],"wp:term":[{"taxonomy":"product_brand","embeddable":true,"href":"https:\/\/primeprintingweb.com\/zh\/wp-json\/wp\/v2\/product_brand?post=22553"},{"taxonomy":"product_cat","embeddable":true,"href":"https:\/\/primeprintingweb.com\/zh\/wp-json\/wp\/v2\/product_cat?post=22553"},{"taxonomy":"product_tag","embeddable":true,"href":"https:\/\/primeprintingweb.com\/zh\/wp-json\/wp\/v2\/product_tag?post=22553"}],"curies":[{"name":"wp","href":"https:\/\/api.w.org\/{rel}","templated":true}]}}