{"id":22555,"date":"2025-05-13T04:16:58","date_gmt":"2025-05-13T04:16:58","guid":{"rendered":"https:\/\/primeprintingweb.com\/?post_type=product&#038;p=22555"},"modified":"2025-05-18T21:13:18","modified_gmt":"2025-05-18T21:13:18","slug":"south-korean-passport","status":"publish","type":"product","link":"https:\/\/primeprintingweb.com\/zh\/geschaeft\/reisepass\/south-korean-passport\/","title":{"rendered":"\u97e9\u56fd\u62a4\u7167"},"content":{"rendered":"<div class=\"woocommerce-tabs wc-tabs-wrapper\">\n<div id=\"tab-description\" class=\"woocommerce-Tabs-panel woocommerce-Tabs-panel--description panel entry-content wc-tab\" role=\"tabpanel\" aria-labelledby=\"tab-title-description\">\n<p>\u97e9\u56fd\u62a4\u7167\/\u7b7e\u8bc1\u7167\u7247\u8981\u6c42\u53ca\u5c3a\u5bf8<\/p>\n<p>\u5982\u679c\u60a8\u8981\u51fa\u56fd\u65c5\u884c\uff0c\u60a8\u53ef\u80fd\u9700\u8981\u97e9\u56fd\u62a4\u7167\u3002\u7533\u8bf7\u97e9\u56fd\u62a4\u7167\u5e76\u4e0d\u96be\uff0c\u4f46\u9700\u8981\u8bb0\u4f4f\u4e00\u4e9b\u7ec6\u8282\u3002\u60a8\u9700\u8981\u4e00\u4e9b\u7533\u8bf7\u6587\u4ef6\uff0c\u8fd8\u9700\u8981\u63d0\u4ea4\u4e24\u5f20\u62a4\u7167\u7167\u7247\u3002 iVisa Photos \u65e0\u6cd5\u534f\u52a9\u60a8\u83b7\u53d6\u6240\u9700\u7684\u6587\u4ef6\u548c\u7533\u8bf7\u8868\uff0c\u4f46\u5f88\u4e50\u610f\u534f\u52a9\u60a8\u5728\u5bb6\u62cd\u7167\u3002\u6240\u4ee5\u4f60\u4e0d\u5fc5\u53bb\u4e13\u4e1a\u7684\u6444\u5f71\u5de5\u4f5c\u5ba4\u3002<\/p>\n<p>\u6211\u4eec\u8fd8\u5efa\u8bae\u60a8\u67e5\u770b iVisa Photos\u3002\u97e9\u56fd\u516c\u6c11\u6709\u8d44\u683c\u83b7\u5f97\u5404\u79cd\u7535\u5b50\u7b7e\u8bc1\u3002\u5982\u679c\u60a8\u6709\u8d44\u683c\u5728\u4e0b\u6b21\u65c5\u884c\u65f6\u83b7\u5f97\u7b7e\u8bc1\uff0ciVisa \u5c06\u5f88\u4e50\u610f\u534f\u52a9\u60a8\u5b8c\u6210\u5728\u7ebf\u7533\u8bf7\u6d41\u7a0b\u3002<\/p>\n<p>\u7167\u7247\u89c4\u683c<br \/>\n\u4ee5\u4e0b\u662f\u97e9\u56fd\u62a4\u7167\u7167\u7247\u7684\u4e00\u822c\u8981\u6c42\u548c\u89c4\u683c\uff1a<\/p>\n<p>\u7167\u7247\u5c3a\u5bf8\uff1a\u9ad845\u6beb\u7c73\uff0c\u5bbd35\u6beb\u7c73<br \/>\n\u63d0\u4ea4\u7684\u7167\u7247\u5fc5\u987b\u662f\u5f69\u8272\u7684\u3002<br \/>\n\u5934\u90e8\u59ff\u52bf\uff1a\u4fdd\u6301\u5934\u90e8\u633a\u76f4\u3002<br \/>\n\u76f8\u5173\u6027\uff1a\u4e0d\u8d85\u8fc7 6 \u4e2a\u6708\u3002<br \/>\n\u80cc\u666f\uff1a\u767d\u8272\u3002<br \/>\n\u5fae\u7b11\uff1a\u6ca1\u6709\u3002<br \/>\n\u773c\u775b\uff1a\u6e05\u6670\u53ef\u89c1\u3002<br \/>\n\u56fe\u50cf\u4e00\u5b9a\u4e0d\u80fd\u6a21\u7cca\u3002<br \/>\n\u773c\u955c\uff1a\u4ec5\u5141\u8bb8\u4f69\u6234\u4e0d\u906e\u4f4f\u773c\u775b\u7684\u773c\u955c\u3002<br \/>\n\u5934\u9970\uff1a\u901a\u5e38\u4e0d\u9700\u8981\u3002\u5b97\u6559\u76ee\u7684\u9664\u5916\u3002<br \/>\n\u5206\u8fa8\u7387\uff08\u50cf\u7d20\uff09\uff1a\u81f3\u5c11 600 dpi<br \/>\n\u670d\u88c5\uff1a\u907f\u514d\u7a7f\u767d\u8272\u8863\u670d\u3002<br \/>\n\u80e1\u987b\uff1a\u53ea\u6709\u5f53\u5b83\u80fd\u53cd\u6620\u60a8\u7684\u65e5\u5e38\u5916\u89c2\u65f6\u624d\u5141\u8bb8\u3002<br \/>\n\u6bcf\u4e2a\u7533\u8bf7\u6240\u9700\u6570\u91cf\uff1a2<br \/>\n\u97e9\u56fd\u62a4\u7167\u548c\u7b7e\u8bc1\u7167\u7247\u8981\u6c42\u2014\u2014\u89c4\u5219\u3001\u6307\u5357\u548c\u89c4\u8303<br \/>\n\u6211\u4eec\u5df2\u7ecf\u5217\u51fa\u4e86\u97e9\u56fd\u62a4\u7167\u7167\u7247\u7684\u8981\u6c42\uff0c\u4f46\u6211\u4eec\u60f3\u8be6\u7ec6\u8bf4\u660e\u4e00\u4e0b\u3002\u60a8\u53ef\u80fd\u4e0d\u77e5\u9053\uff1a\u7f3a\u5c11\u6709\u6548\u62a4\u7167\u7167\u7247\u662f\u88ab\u62d2\u7edd\u7684\u6700\u5e38\u89c1\u539f\u56e0\u4e4b\u4e00\u3002\u6211\u4eec\u5e0c\u671b\u4e3a\u60a8\u7701\u53bb\u91cd\u65b0\u7533\u8bf7\u7684\u9ebb\u70e6\u3002<\/p>\n<\/div>\n<\/div>","protected":false},"excerpt":{"rendered":"<p>S\u00dcDKOREANISCHE PASS-\/VISUMFOTO-ANFORDERUNGEN UND -GR\u00d6SSE<\/p>\n<p>Wenn Sie ins Ausland reisen, ben\u00f6tigen Sie wahrscheinlich einen s\u00fcdkoreanischen Pass. Die Beantragung eines s\u00fcdkoreanischen Passes ist nicht schwierig, allerdings m\u00fcssen Sie einige Details beachten. Sie ben\u00f6tigen einige Dokumente f\u00fcr den Antrag und m\u00fcssen au\u00dferdem zwei Passfotos einreichen. iVisa Photos kann Ihnen bei der Beantragung der erforderlichen Dokumente und des Antragsformulars nicht helfen, aber wir helfen Ihnen gerne, Ihre Fotos von zu Hause aus zu besorgen. So m\u00fcssen Sie nicht in ein professionelles Fotostudio gehen.<\/p>\n<p>\u6211\u4eec\u8fd8\u5efa\u8bae\u60a8\u67e5\u770b iVisa Photos\u3002\u97e9\u56fd\u516c\u6c11\u6709\u8d44\u683c\u83b7\u5f97\u5404\u79cd\u7535\u5b50\u7b7e\u8bc1\u3002\u5982\u679c\u60a8\u6709\u8d44\u683c\u5728\u4e0b\u6b21\u65c5\u884c\u65f6\u83b7\u5f97\u7b7e\u8bc1\uff0ciVisa \u5c06\u5f88\u4e50\u610f\u534f\u52a9\u60a8\u5b8c\u6210\u5728\u7ebf\u7533\u8bf7\u6d41\u7a0b\u3002<\/p>","protected":false},"featured_media":22593,"template":"","meta":[],"product_brand":[],"product_cat":[924],"product_tag":[],"class_list":{"0":"post-22555","1":"product","2":"type-product","3":"status-publish","4":"has-post-thumbnail","6":"product_cat-reisepass","8":"first","9":"instock","10":"taxable","11":"shipping-taxable","12":"purchasable","13":"product-type-simple"},"_links":{"self":[{"href":"https:\/\/primeprintingweb.com\/zh\/wp-json\/wp\/v2\/product\/22555","targetHints":{"allow":["GET"]}}],"collection":[{"href":"https:\/\/primeprintingweb.com\/zh\/wp-json\/wp\/v2\/product"}],"about":[{"href":"https:\/\/primeprintingweb.com\/zh\/wp-json\/wp\/v2\/types\/product"}],"version-history":[{"count":2,"href":"https:\/\/primeprintingweb.com\/zh\/wp-json\/wp\/v2\/product\/22555\/revisions"}],"predecessor-version":[{"id":22902,"href":"https:\/\/primeprintingweb.com\/zh\/wp-json\/wp\/v2\/product\/22555\/revisions\/22902"}],"wp:featuredmedia":[{"embeddable":true,"href":"https:\/\/primeprintingweb.com\/zh\/wp-json\/wp\/v2\/media\/22593"}],"wp:attachment":[{"href":"https:\/\/primeprintingweb.com\/zh\/wp-json\/wp\/v2\/media?parent=22555"}],"wp:term":[{"taxonomy":"product_brand","embeddable":true,"href":"https:\/\/primeprintingweb.com\/zh\/wp-json\/wp\/v2\/product_brand?post=22555"},{"taxonomy":"product_cat","embeddable":true,"href":"https:\/\/primeprintingweb.com\/zh\/wp-json\/wp\/v2\/product_cat?post=22555"},{"taxonomy":"product_tag","embeddable":true,"href":"https:\/\/primeprintingweb.com\/zh\/wp-json\/wp\/v2\/product_tag?post=22555"}],"curies":[{"name":"wp","href":"https:\/\/api.w.org\/{rel}","templated":true}]}}